{"id":540,"date":"2023-05-15T09:01:00","date_gmt":"2023-05-15T07:01:00","guid":{"rendered":"https:\/\/easyautoskola.sk\/martin\/?page_id=540"},"modified":"2023-05-15T09:22:53","modified_gmt":"2023-05-15T07:22:53","slug":"e-learning","status":"publish","type":"page","link":"https:\/\/easyautoskola.sk\/martin\/e-learning\/","title":{"rendered":"E-learning"},"content":{"rendered":"<div class=\"members-access-error\">\n<h1 style=\"text-align: center\">Pr\u00edstup zamietnut\u00fd<\/h1>\n<p style=\"text-align: center\">Je n\u00e1m \u013e\u00fato, ale nem\u00e1te povolenie na zobrazenie tohto obsahu.<\/p>\n<p style=\"text-align: center\">Pr\u00edstup do tejto sekcie maj\u00fa len \u0161tudenti, ak ste \u0161tudent <a href=\"\/zilina\/moj-ucet\/\">prihl\u00e1ste sa<\/a>.<\/p>\n<\/div>\n","protected":false},"excerpt":{"rendered":"<div class=\"members-access-error\">\n<h1 style=\"text-align: center\">Pr\u00edstup zamietnut\u00fd<\/h1>\n<p style=\"text-align: center\">Je n\u00e1m \u013e\u00fato, ale nem\u00e1te povolenie na zobrazenie tohto obsahu.<\/p>\n<p style=\"text-align: center\">Pr\u00edstup do tejto sekcie maj\u00fa len \u0161tudenti, ak ste \u0161tudent <a href=\"\/zilina\/moj-ucet\/\">prihl\u00e1ste sa<\/a>.<\/p>\n<\/div>\n","protected":false},"author":1,"featured_media":0,"parent":0,"menu_order":0,"comment_status":"closed","ping_status":"closed","template":"","meta":{"_acf_changed":false,"footnotes":""},"class_list":["post-540","page","type-page","status-publish","hentry"],"acf":[],"publishpress_future_action":{"enabled":false,"date":"2026-05-02 15:50:17","action":"change-status","newStatus":"draft","terms":[],"taxonomy":"","extraData":[]},"publishpress_future_workflow_manual_trigger":{"enabledWorkflows":[]},"_links":{"self":[{"href":"https:\/\/easyautoskola.sk\/martin\/wp-json\/wp\/v2\/pages\/540","targetHints":{"allow":["GET"]}}],"collection":[{"href":"https:\/\/easyautoskola.sk\/martin\/wp-json\/wp\/v2\/pages"}],"about":[{"href":"https:\/\/easyautoskola.sk\/martin\/wp-json\/wp\/v2\/types\/page"}],"author":[{"embeddable":true,"href":"https:\/\/easyautoskola.sk\/martin\/wp-json\/wp\/v2\/users\/1"}],"replies":[{"embeddable":true,"href":"https:\/\/easyautoskola.sk\/martin\/wp-json\/wp\/v2\/comments?post=540"}],"version-history":[{"count":7,"href":"https:\/\/easyautoskola.sk\/martin\/wp-json\/wp\/v2\/pages\/540\/revisions"}],"predecessor-version":[{"id":548,"href":"https:\/\/easyautoskola.sk\/martin\/wp-json\/wp\/v2\/pages\/540\/revisions\/548"}],"wp:attachment":[{"href":"https:\/\/easyautoskola.sk\/martin\/wp-json\/wp\/v2\/media?parent=540"}],"curies":[{"name":"wp","href":"https:\/\/api.w.org\/{rel}","templated":true}]}}