{"id":3246,"date":"2025-03-15T12:18:54","date_gmt":"2025-03-15T11:18:54","guid":{"rendered":"https:\/\/easyautoskola.sk\/martin\/?post_type=product&#038;p=3246"},"modified":"2025-03-15T12:20:12","modified_gmt":"2025-03-15T11:20:12","slug":"doplnkovy-vycvik-2-x-45-min","status":"publish","type":"product","link":"https:\/\/easyautoskola.sk\/martin\/produkt\/doplnkovy-vycvik-2-x-45-min\/","title":{"rendered":"Doplnkov\u00fd v\u00fdcvik 2 x 45 min"},"content":{"rendered":"<p>Doplnkov\u00fd v\u00fdcvik pre \u0161tudentov auto\u0161koly.<\/p>\n","protected":false},"excerpt":{"rendered":"<p>Doplnkov\u00fd v\u00fdcvik pre \u0161tudentov auto\u0161koly.<\/p>\n","protected":false},"featured_media":3224,"comment_status":"open","ping_status":"closed","template":"","meta":{"_acf_changed":false},"product_brand":[],"product_cat":[68],"product_tag":[],"class_list":{"0":"post-3246","1":"product","2":"type-product","3":"status-publish","4":"has-post-thumbnail","6":"product_cat-vycvik","8":"first","9":"instock","10":"sale","11":"virtual","12":"taxable","13":"purchasable","14":"product-type-simple"},"acf":[],"publishpress_future_workflow_manual_trigger":{"enabledWorkflows":[]},"_links":{"self":[{"href":"https:\/\/easyautoskola.sk\/martin\/wp-json\/wp\/v2\/product\/3246","targetHints":{"allow":["GET"]}}],"collection":[{"href":"https:\/\/easyautoskola.sk\/martin\/wp-json\/wp\/v2\/product"}],"about":[{"href":"https:\/\/easyautoskola.sk\/martin\/wp-json\/wp\/v2\/types\/product"}],"replies":[{"embeddable":true,"href":"https:\/\/easyautoskola.sk\/martin\/wp-json\/wp\/v2\/comments?post=3246"}],"wp:featuredmedia":[{"embeddable":true,"href":"https:\/\/easyautoskola.sk\/martin\/wp-json\/wp\/v2\/media\/3224"}],"wp:attachment":[{"href":"https:\/\/easyautoskola.sk\/martin\/wp-json\/wp\/v2\/media?parent=3246"}],"wp:term":[{"taxonomy":"product_brand","embeddable":true,"href":"https:\/\/easyautoskola.sk\/martin\/wp-json\/wp\/v2\/product_brand?post=3246"},{"taxonomy":"product_cat","embeddable":true,"href":"https:\/\/easyautoskola.sk\/martin\/wp-json\/wp\/v2\/product_cat?post=3246"},{"taxonomy":"product_tag","embeddable":true,"href":"https:\/\/easyautoskola.sk\/martin\/wp-json\/wp\/v2\/product_tag?post=3246"}],"curies":[{"name":"wp","href":"https:\/\/api.w.org\/{rel}","templated":true}]}}