{"id":3254,"date":"2025-03-15T12:35:13","date_gmt":"2025-03-15T11:35:13","guid":{"rendered":"https:\/\/easyautoskola.sk\/martin\/?post_type=product&#038;p=3254"},"modified":"2026-01-23T12:22:41","modified_gmt":"2026-01-23T11:22:41","slug":"teoreticky-vycvik-32-hodin-individualne","status":"publish","type":"product","link":"https:\/\/easyautoskola.sk\/martin\/produkt\/teoreticky-vycvik-32-hodin-individualne\/","title":{"rendered":"Teoretick\u00fd v\u00fdcvik (32&nbsp;hod\u00edn individu\u00e1lne)"},"content":{"rendered":"<p>Teoretick\u00fd v\u00fdcvik sa sklad\u00e1 z&nbsp;32 hod\u00edn te\u00f3rie. Ka\u017ed\u00fd hodina m\u00e1 45 min\u00fat.<\/p>\n","protected":false},"excerpt":{"rendered":"<p>32 hod\u00edn te\u00f3rie.<\/p>\n","protected":false},"featured_media":3229,"comment_status":"open","ping_status":"closed","template":"","meta":{"_acf_changed":false},"product_brand":[],"product_cat":[68],"product_tag":[],"class_list":{"0":"post-3254","1":"product","2":"type-product","3":"status-publish","4":"has-post-thumbnail","6":"product_cat-vycvik","8":"first","9":"instock","10":"virtual","11":"taxable","12":"purchasable","13":"product-type-simple"},"acf":[],"publishpress_future_workflow_manual_trigger":{"enabledWorkflows":[]},"_links":{"self":[{"href":"https:\/\/easyautoskola.sk\/martin\/wp-json\/wp\/v2\/product\/3254","targetHints":{"allow":["GET"]}}],"collection":[{"href":"https:\/\/easyautoskola.sk\/martin\/wp-json\/wp\/v2\/product"}],"about":[{"href":"https:\/\/easyautoskola.sk\/martin\/wp-json\/wp\/v2\/types\/product"}],"replies":[{"embeddable":true,"href":"https:\/\/easyautoskola.sk\/martin\/wp-json\/wp\/v2\/comments?post=3254"}],"wp:featuredmedia":[{"embeddable":true,"href":"https:\/\/easyautoskola.sk\/martin\/wp-json\/wp\/v2\/media\/3229"}],"wp:attachment":[{"href":"https:\/\/easyautoskola.sk\/martin\/wp-json\/wp\/v2\/media?parent=3254"}],"wp:term":[{"taxonomy":"product_brand","embeddable":true,"href":"https:\/\/easyautoskola.sk\/martin\/wp-json\/wp\/v2\/product_brand?post=3254"},{"taxonomy":"product_cat","embeddable":true,"href":"https:\/\/easyautoskola.sk\/martin\/wp-json\/wp\/v2\/product_cat?post=3254"},{"taxonomy":"product_tag","embeddable":true,"href":"https:\/\/easyautoskola.sk\/martin\/wp-json\/wp\/v2\/product_tag?post=3254"}],"curies":[{"name":"wp","href":"https:\/\/api.w.org\/{rel}","templated":true}]}}