{"id":419,"date":"2023-05-12T07:24:20","date_gmt":"2023-05-12T05:24:20","guid":{"rendered":"https:\/\/easyautoskola.sk\/nitra\/?post_type=product&#038;p=419"},"modified":"2025-07-23T22:17:06","modified_gmt":"2025-07-23T20:17:06","slug":"skusky-na-necisto","status":"publish","type":"product","link":"https:\/\/easyautoskola.sk\/nitra\/produkt\/skusky-na-necisto\/","title":{"rendered":"Gener\u00e1lne sk\u00fa\u0161ky"},"content":{"rendered":"<p><em>Bu\u010f pripraven\u00fd \u2013 sk\u00fas si sk\u00fa\u0161ky!<\/em><\/p>\n<p>Gener\u00e1lne sk\u00fa\u0161ky s\u00fa simul\u00e1ciou skuto\u010dn\u00fdch sk\u00fa\u0161ok v&nbsp;auto\u0161kole. \u00da\u010delom tejto simul\u00e1cie je pom\u00f4c\u0165 \u017eiakom prekona\u0165 stres a&nbsp;nervozitu, ktor\u00fa m\u00f4\u017eu poci\u0165ova\u0165. T\u00fdmto sp\u00f4sobom bud\u00fa pripraven\u00ed na v\u0161etky okolnosti v&nbsp;de\u0148 samotn\u00fdch sk\u00fa\u0161ok a&nbsp;m\u00f4\u017eu sa s\u00fastredi\u0165 na bezprobl\u00e9mov\u00e9 zvl\u00e1dnutie testu, cvi\u010diska a&nbsp;jazdy.<\/p>\n","protected":false},"excerpt":{"rendered":"<p>Simul\u00e1cia sk\u00fa\u0161ok v&nbsp;auto\u0161kole.<\/p>\n","protected":false},"featured_media":452,"comment_status":"open","ping_status":"closed","template":"","meta":{"_acf_changed":false},"product_brand":[],"product_cat":[68],"product_tag":[],"class_list":{"0":"post-419","1":"product","2":"type-product","3":"status-publish","4":"has-post-thumbnail","6":"product_cat-produkty","8":"first","9":"instock","10":"virtual","11":"taxable","12":"purchasable","13":"product-type-simple"},"acf":[],"publishpress_future_workflow_manual_trigger":{"enabledWorkflows":[]},"_links":{"self":[{"href":"https:\/\/easyautoskola.sk\/nitra\/wp-json\/wp\/v2\/product\/419","targetHints":{"allow":["GET"]}}],"collection":[{"href":"https:\/\/easyautoskola.sk\/nitra\/wp-json\/wp\/v2\/product"}],"about":[{"href":"https:\/\/easyautoskola.sk\/nitra\/wp-json\/wp\/v2\/types\/product"}],"replies":[{"embeddable":true,"href":"https:\/\/easyautoskola.sk\/nitra\/wp-json\/wp\/v2\/comments?post=419"}],"wp:featuredmedia":[{"embeddable":true,"href":"https:\/\/easyautoskola.sk\/nitra\/wp-json\/wp\/v2\/media\/452"}],"wp:attachment":[{"href":"https:\/\/easyautoskola.sk\/nitra\/wp-json\/wp\/v2\/media?parent=419"}],"wp:term":[{"taxonomy":"product_brand","embeddable":true,"href":"https:\/\/easyautoskola.sk\/nitra\/wp-json\/wp\/v2\/product_brand?post=419"},{"taxonomy":"product_cat","embeddable":true,"href":"https:\/\/easyautoskola.sk\/nitra\/wp-json\/wp\/v2\/product_cat?post=419"},{"taxonomy":"product_tag","embeddable":true,"href":"https:\/\/easyautoskola.sk\/nitra\/wp-json\/wp\/v2\/product_tag?post=419"}],"curies":[{"name":"wp","href":"https:\/\/api.w.org\/{rel}","templated":true}]}}