{"id":429,"date":"2023-05-12T07:24:21","date_gmt":"2023-05-12T05:24:21","guid":{"rendered":"https:\/\/easyautoskola.sk\/nitra\/?post_type=product&#038;p=429"},"modified":"2026-01-23T13:40:15","modified_gmt":"2026-01-23T12:40:15","slug":"kurz-prvej-pomoci","status":"publish","type":"product","link":"https:\/\/easyautoskola.sk\/nitra\/produkt\/kurz-prvej-pomoci\/","title":{"rendered":"Kurz prvej pomoci"},"content":{"rendered":"<p>Sk\u00f4r ne\u017e ukon\u010d\u00ed\u0161 v\u00fdcvik, mus\u00ed\u0161 absolvova\u0165 kurz prvej pomoci a&nbsp;po \u00faspe\u0161nom zvl\u00e1dnut\u00ed z\u00edska\u0161 platn\u00fd certifik\u00e1t.<\/p>\n<div class=\"col-md-8\">\n<div class=\"blog-lg-area-left\">\n<p>Absolvovanie zdravotnej pr\u00edpravy zabezpe\u010dujeme v\u00a0priestoroch na\u0161ej auto\u0161koly, vykon\u00e1va ju akreditovan\u00e1 partnersk\u00e1 organiz\u00e1cia vr\u00e1tane z\u00e1vere\u010dnej sk\u00fa\u0161ky. Na\u0161a auto\u0161kola m\u00e1 s\u00a0touto organiz\u00e1ciou dohodnut\u00fa dlhodob\u00fa spolupr\u00e1cu.<\/p>\n<p>Nieko\u013eko hod\u00edn tak je venovan\u00e9 praktickej zdravotnej pr\u00edprave, v&nbsp;r\u00e1mci ktorej sa \u017eiak u\u010d\u00ed \u00fa\u010dinne poskytova\u0165 prv\u00fa pomoc zranen\u00fdm pri dopravn\u00fdch nehod\u00e1ch. Praktick\u00fa zdravotn\u00fa pr\u00edpravu predn\u00e1\u0161a osoba s&nbsp;patri\u010dn\u00fdm vzdelan\u00edm, ktor\u00fa v\u00e4\u010d\u0161inou nie je u\u010dite\u013e auto\u0161koly. Ve\u013ek\u00e1 \u010das\u0165 zdravotnej pr\u00edpravy je zameran\u00e1 na rozpoznanie jednotliv\u00fdch \u017eivot ohrozuj\u00facich stavov (vn\u00fatorn\u00e9 krv\u00e1canie, \u0161ok at\u010f.), \u010co nie je ni\u010d jednoduch\u00e9, a&nbsp;tak testov\u00e9 ot\u00e1zky zo zdravotnej pr\u00edpravy patria k&nbsp;najob\u00e1vanej\u0161\u00edm.<\/p>\n<\/div>\n<\/div>\n","protected":false},"excerpt":{"rendered":"<p>Zdravotn\u00e1 pr\u00edprava s&nbsp;certifik\u00e1tom.<\/p>\n","protected":false},"featured_media":452,"comment_status":"open","ping_status":"closed","template":"","meta":{"_acf_changed":false},"product_brand":[],"product_cat":[69],"product_tag":[],"class_list":{"0":"post-429","1":"product","2":"type-product","3":"status-publish","4":"has-post-thumbnail","6":"product_cat-vycvik","8":"first","9":"instock","10":"virtual","11":"taxable","12":"purchasable","13":"product-type-simple"},"acf":[],"publishpress_future_workflow_manual_trigger":{"enabledWorkflows":[]},"_links":{"self":[{"href":"https:\/\/easyautoskola.sk\/nitra\/wp-json\/wp\/v2\/product\/429","targetHints":{"allow":["GET"]}}],"collection":[{"href":"https:\/\/easyautoskola.sk\/nitra\/wp-json\/wp\/v2\/product"}],"about":[{"href":"https:\/\/easyautoskola.sk\/nitra\/wp-json\/wp\/v2\/types\/product"}],"replies":[{"embeddable":true,"href":"https:\/\/easyautoskola.sk\/nitra\/wp-json\/wp\/v2\/comments?post=429"}],"wp:featuredmedia":[{"embeddable":true,"href":"https:\/\/easyautoskola.sk\/nitra\/wp-json\/wp\/v2\/media\/452"}],"wp:attachment":[{"href":"https:\/\/easyautoskola.sk\/nitra\/wp-json\/wp\/v2\/media?parent=429"}],"wp:term":[{"taxonomy":"product_brand","embeddable":true,"href":"https:\/\/easyautoskola.sk\/nitra\/wp-json\/wp\/v2\/product_brand?post=429"},{"taxonomy":"product_cat","embeddable":true,"href":"https:\/\/easyautoskola.sk\/nitra\/wp-json\/wp\/v2\/product_cat?post=429"},{"taxonomy":"product_tag","embeddable":true,"href":"https:\/\/easyautoskola.sk\/nitra\/wp-json\/wp\/v2\/product_tag?post=429"}],"curies":[{"name":"wp","href":"https:\/\/api.w.org\/{rel}","templated":true}]}}