{"id":434,"date":"2023-05-12T07:24:21","date_gmt":"2023-05-12T05:24:21","guid":{"rendered":"https:\/\/easyautoskola.sk\/povazska-bystrica\/?post_type=product&#038;p=434"},"modified":"2026-01-23T13:54:29","modified_gmt":"2026-01-23T12:54:29","slug":"teoreticky-vycvik-32-hodin","status":"publish","type":"product","link":"https:\/\/easyautoskola.sk\/povazska-bystrica\/produkt\/teoreticky-vycvik-32-hodin\/","title":{"rendered":"Teoretick\u00fd v\u00fdcvik (32&nbsp;hod\u00edn)"},"content":{"rendered":"<p>Teoretick\u00fd v\u00fdcvik sa sklad\u00e1 z&nbsp;32 hod\u00edn te\u00f3rie. Ka\u017ed\u00fd hodina m\u00e1 45min.<\/p>\n","protected":false},"excerpt":{"rendered":"<p>32 hod\u00edn te\u00f3rie.<\/p>\n","protected":false},"featured_media":452,"comment_status":"open","ping_status":"closed","template":"","meta":{"_acf_changed":false},"product_brand":[],"product_cat":[68],"product_tag":[],"class_list":{"0":"post-434","1":"product","2":"type-product","3":"status-publish","4":"has-post-thumbnail","6":"product_cat-vycvik","8":"first","9":"instock","10":"virtual","11":"taxable","12":"purchasable","13":"product-type-simple"},"acf":[],"publishpress_future_workflow_manual_trigger":{"enabledWorkflows":[]},"_links":{"self":[{"href":"https:\/\/easyautoskola.sk\/povazska-bystrica\/wp-json\/wp\/v2\/product\/434","targetHints":{"allow":["GET"]}}],"collection":[{"href":"https:\/\/easyautoskola.sk\/povazska-bystrica\/wp-json\/wp\/v2\/product"}],"about":[{"href":"https:\/\/easyautoskola.sk\/povazska-bystrica\/wp-json\/wp\/v2\/types\/product"}],"replies":[{"embeddable":true,"href":"https:\/\/easyautoskola.sk\/povazska-bystrica\/wp-json\/wp\/v2\/comments?post=434"}],"wp:featuredmedia":[{"embeddable":true,"href":"https:\/\/easyautoskola.sk\/povazska-bystrica\/wp-json\/wp\/v2\/media\/452"}],"wp:attachment":[{"href":"https:\/\/easyautoskola.sk\/povazska-bystrica\/wp-json\/wp\/v2\/media?parent=434"}],"wp:term":[{"taxonomy":"product_brand","embeddable":true,"href":"https:\/\/easyautoskola.sk\/povazska-bystrica\/wp-json\/wp\/v2\/product_brand?post=434"},{"taxonomy":"product_cat","embeddable":true,"href":"https:\/\/easyautoskola.sk\/povazska-bystrica\/wp-json\/wp\/v2\/product_cat?post=434"},{"taxonomy":"product_tag","embeddable":true,"href":"https:\/\/easyautoskola.sk\/povazska-bystrica\/wp-json\/wp\/v2\/product_tag?post=434"}],"curies":[{"name":"wp","href":"https:\/\/api.w.org\/{rel}","templated":true}]}}