{"id":441,"date":"2023-05-12T07:24:21","date_gmt":"2023-05-12T05:24:21","guid":{"rendered":"https:\/\/easyautoskola.sk\/povazska-bystrica\/?post_type=product&#038;p=441"},"modified":"2025-07-20T19:00:30","modified_gmt":"2025-07-20T17:00:30","slug":"online-teoria","status":"publish","type":"product","link":"https:\/\/easyautoskola.sk\/povazska-bystrica\/produkt\/online-teoria\/","title":{"rendered":"Online te\u00f3ria"},"content":{"rendered":"<p>Cez videohovor \u0165a na\u0161i profesion\u00e1lni a&nbsp;skvel\u00ed in\u0161truktori nau\u010dia v\u0161etko, \u010do potrebuje\u0161 vedie\u0165 za volantom. Vyu\u017ei tento \u010das a&nbsp;urob si te\u00f3riu! Len v&nbsp;EASY auto\u0161kole. Prij\u00edmame uch\u00e1dza\u010dov z&nbsp;cel\u00e9ho Slovenska.<\/p>\n<h3>Kedy a&nbsp;za ko\u013eko?<\/h3>\n<p>Prihl\u00e1si\u0165 sa za <strong>zv\u00fdhodnen\u00fa cenu 99 \u20ac<\/strong> (be\u017en\u00e1 cena: 199 \u20ac) je mo\u017en\u00e9 <strong>do 15.&nbsp;11.&nbsp;2020.<br \/>\n<\/strong>Prv\u00e1 te\u00f3ria sa uskuto\u010dn\u00ed <strong>9.&nbsp;11.&nbsp;2020<\/strong> s&nbsp;predbe\u017en\u00fdm ukon\u010den\u00edm <strong>27.&nbsp;11.&nbsp;2020.<\/strong><\/p>\n<h3>V\u00fdhody online v\u00fduky<\/h3>\n<ul>\n<li>50% z\u013eava z&nbsp;be\u017enej ceny te\u00f3rie<\/li>\n<li>r\u00fdchlos\u0165 v\u00fduky<\/li>\n<li>pohodln\u00e1 online forma<\/li>\n<li>\u0161etr\u00edme tvoje n\u00e1klady na dopravu do auto\u0161koly<\/li>\n<li>\u0161etr\u00edme tvoj \u010das<\/li>\n<li>mo\u017enos\u0165 pokra\u010dova\u0165 v&nbsp;praktickom v\u00fdcviku za zv\u00fdhodnen\u00fa cenu<\/li>\n<\/ul>\n<p>Kurz na z\u00edskanie VO pre sk. B obsahuje teoretick\u00fa v\u00fduku a&nbsp;praktick\u00fd v\u00fdcvik. EASY auto\u0161kola pon\u00faka mo\u017enos\u0165 absolvova\u0165 teoretick\u00fa \u010das\u0165 online. Praktick\u00fd v\u00fdcvik sa uskuto\u010dn\u00ed po uvo\u013enen\u00ed opatren\u00ed u&nbsp;n\u00e1s alebo v&nbsp;tebou zvolenej auto\u0161kole. V&nbsp;pr\u00edpade, \u017ee sa rozhodnete pokra\u010dova\u0165 v&nbsp;EASY auto\u0161kole, budete ma\u0165 mo\u017enos\u0165 prihl\u00e1si\u0165 sa na praktick\u00fd v\u00fdcvik za <strong>zv\u00fdhodnen\u00fa cenu 551 \u20ac.<\/strong><\/p>\n<p><strong>Online teoretick\u00e1 v\u00fduka obsahuje:<\/strong><\/p>\n<ul>\n<li>32 vyu\u010dovac\u00edch hod\u00edn te\u00f3rie<\/li>\n<li>online materi\u00e1ly<\/li>\n<li>vychyt\u00e1vky a&nbsp;tipy od na\u0161ich sk\u00fasen\u00fdch in\u0161truktorov<\/li>\n<li>potvrdenie o&nbsp;absolvovan\u00ed teoretickej \u010dasti kurzu na z\u00edskanie VO pre sk. B<\/li>\n<\/ul>\n<h3>Ako to prebieha?<\/h3>\n<ol>\n<li>Zak\u00fapi\u0161 si produkt Online te\u00f3ria v&nbsp;eshope &#8211; kartou zaplat\u00ed\u0161 99 \u20ac.<\/li>\n<li>Vytla\u010d\u00ed\u0161 si prihl\u00e1\u0161ku do auto\u0161koly a&nbsp;\u017eiados\u0165 o&nbsp;udelenie VO <strong>obojstranne<\/strong> (<a href=\"\/povazska-bystrica\/dokumenty-na-stiahnutie\/\">Dokumenty na stiahnutie<\/a>). Vyplnen\u00e9 tla\u010div\u00e1 s&nbsp;pe\u010diatkou od lek\u00e1ra sta\u010d\u00ed posla\u0165 emailom na <a href=\"mailto:prihlasky@easyautoskola.sk\">prihlasky@easyautoskola.sk<\/a>.<\/li>\n<li>9.&nbsp;11.&nbsp;2020 za\u010dne\u0161 s&nbsp;prvou hodinou online.<\/li>\n<li>Po uvo\u013enen\u00ed opatren\u00ed si m\u00f4\u017ee\u0161 dokon\u010di\u0165 praktick\u00fd v\u00fdcvik a&nbsp;z\u00edska\u0165 tak vodi\u010dsk\u00e9 opr\u00e1vnenie za skvel\u00fa cenu.<\/li>\n<\/ol>\n<p>V\u00fduka prebieha prostredn\u00edctvom videohovoru cez aplik\u00e1ciu Skype (pr\u00edpadne in\u00fa). In\u0161truktor ti na email po\u0161le odkaz, ktor\u00fdm sa pripoj\u00ed\u0161 priamo na videohovor.<\/p>\n<h3>Rozpis hod\u00edn<\/h3>\n<ol>\n<li>uv\u00edtacia hodina: 9.&nbsp;11.&nbsp;2020, 15:00<span class=\"ILfuVd\"><span class=\"hgKElc\">\u2014<\/span><\/span>15:30<\/li>\n<li>prv\u00fd blok 1<span class=\"ILfuVd\"><span class=\"hgKElc\">\u2014<\/span><\/span>4 (NV\u00da, TVV): 11.&nbsp;11.&nbsp;2020, 15:00<span class=\"ILfuVd\"><span class=\"hgKElc\">\u2014<\/span><\/span>18:00<\/li>\n<li>druh\u00fd blok 5<span class=\"ILfuVd\"><span class=\"hgKElc\">\u2014<\/span><\/span>8 (PCP): 13.&nbsp;11.&nbsp;2020, 15:00<span class=\"ILfuVd\"><span class=\"hgKElc\">\u2014<\/span><\/span>18:00<\/li>\n<li>tret\u00ed blok 8<span class=\"ILfuVd\"><span class=\"hgKElc\">\u2014<\/span><\/span>12 (PCP): 16.&nbsp;11.&nbsp;2020, 15:00<span class=\"ILfuVd\"><span class=\"hgKElc\">\u2014<\/span><\/span>18:00<\/li>\n<li>\u0161tvrt\u00fd blok 13<span class=\"ILfuVd\"><span class=\"hgKElc\">\u2014<\/span><\/span>16 (ZBJ, PCP): 15:00<span class=\"ILfuVd\"><span class=\"hgKElc\">\u2014<\/span><\/span>18:00<\/li>\n<li>piaty blok 17<span class=\"ILfuVd\"><span class=\"hgKElc\">\u2014<\/span><\/span>20 (PCP): 21.&nbsp;11.&nbsp;2020, 15:00<span class=\"ILfuVd\"><span class=\"hgKElc\">\u2014<\/span><\/span>18:00<\/li>\n<li>\u0161iesty blok 21<span class=\"ILfuVd\"><span class=\"hgKElc\">\u2014<\/span><\/span>24 (ZBJ, PCP): 23.&nbsp;11.&nbsp;2020, 15:00<span class=\"ILfuVd\"><span class=\"hgKElc\">\u2014<\/span><\/span>18:00<\/li>\n<li>siedmy blok 25<span class=\"ILfuVd\"><span class=\"hgKElc\">\u2014<\/span><\/span>28 (NVJ, ZBJ, PCP): 25.&nbsp;11.&nbsp;2020, 15:00<span class=\"ILfuVd\"><span class=\"hgKElc\">\u2014<\/span><\/span>18:00<\/li>\n<li>\u00f4smy blok 29<span class=\"ILfuVd\"><span class=\"hgKElc\">\u2014<\/span><\/span>32 (PCP, OP): 27.&nbsp;11.&nbsp;2020, 15:00<span class=\"ILfuVd\"><span class=\"hgKElc\">\u2014<\/span><\/span>18:00<\/li>\n<\/ol>\n<p>NV\u00da= n\u00e1uka o&nbsp;vozidl\u00e1ch a&nbsp;ich \u00fadr\u017eba<br \/>\nTVV= te\u00f3ria vedenia vozidla<br \/>\nZBJ= z\u00e1sady bezpe\u010dnej jazdy<br \/>\nPCP= pravidl\u00e1 cestnej prem\u00e1vky<br \/>\nOP= opakovanie<\/p>\n","protected":false},"excerpt":{"rendered":"<p>Teoretick\u00e1 v\u00fduka online<\/p>\n","protected":false},"featured_media":490,"comment_status":"closed","ping_status":"closed","template":"","meta":{"_acf_changed":false},"product_brand":[],"product_cat":[33],"product_tag":[],"class_list":{"0":"post-441","1":"product","2":"type-product","3":"status-publish","4":"has-post-thumbnail","6":"product_cat-teoria","8":"first","9":"instock","10":"virtual","11":"taxable","12":"purchasable","13":"product-type-simple"},"acf":[],"publishpress_future_workflow_manual_trigger":{"enabledWorkflows":[]},"_links":{"self":[{"href":"https:\/\/easyautoskola.sk\/povazska-bystrica\/wp-json\/wp\/v2\/product\/441","targetHints":{"allow":["GET"]}}],"collection":[{"href":"https:\/\/easyautoskola.sk\/povazska-bystrica\/wp-json\/wp\/v2\/product"}],"about":[{"href":"https:\/\/easyautoskola.sk\/povazska-bystrica\/wp-json\/wp\/v2\/types\/product"}],"replies":[{"embeddable":true,"href":"https:\/\/easyautoskola.sk\/povazska-bystrica\/wp-json\/wp\/v2\/comments?post=441"}],"wp:featuredmedia":[{"embeddable":true,"href":"https:\/\/easyautoskola.sk\/povazska-bystrica\/wp-json\/wp\/v2\/media\/490"}],"wp:attachment":[{"href":"https:\/\/easyautoskola.sk\/povazska-bystrica\/wp-json\/wp\/v2\/media?parent=441"}],"wp:term":[{"taxonomy":"product_brand","embeddable":true,"href":"https:\/\/easyautoskola.sk\/povazska-bystrica\/wp-json\/wp\/v2\/product_brand?post=441"},{"taxonomy":"product_cat","embeddable":true,"href":"https:\/\/easyautoskola.sk\/povazska-bystrica\/wp-json\/wp\/v2\/product_cat?post=441"},{"taxonomy":"product_tag","embeddable":true,"href":"https:\/\/easyautoskola.sk\/povazska-bystrica\/wp-json\/wp\/v2\/product_tag?post=441"}],"curies":[{"name":"wp","href":"https:\/\/api.w.org\/{rel}","templated":true}]}}