{"id":1756,"date":"2025-03-16T00:12:31","date_gmt":"2025-03-15T23:12:31","guid":{"rendered":"https:\/\/easyautoskola.sk\/trencin\/?post_type=product&#038;p=1756"},"modified":"2026-01-23T13:12:45","modified_gmt":"2026-01-23T12:12:45","slug":"doplnkovy-vycvik-10-x-45-min","status":"publish","type":"product","link":"https:\/\/easyautoskola.sk\/trencin\/produkt\/doplnkovy-vycvik-10-x-45-min\/","title":{"rendered":"Doplnkov\u00fd v\u00fdcvik 10 x 45 min"},"content":{"rendered":"<p>Doplnkov\u00fd v\u00fdcvik pre \u0161tudentov auto\u0161koly.<\/p>\n","protected":false},"excerpt":{"rendered":"<p>Doplnkov\u00fd v\u00fdcvik pre \u0161tudentov auto\u0161koly.<\/p>\n","protected":false},"featured_media":1738,"comment_status":"open","ping_status":"closed","template":"","meta":{"_acf_changed":false},"product_brand":[],"product_cat":[66],"product_tag":[],"class_list":{"0":"post-1756","1":"product","2":"type-product","3":"status-publish","4":"has-post-thumbnail","6":"product_cat-vycvik","8":"first","9":"instock","10":"taxable","11":"shipping-taxable","12":"purchasable","13":"product-type-simple"},"acf":[],"publishpress_future_workflow_manual_trigger":{"enabledWorkflows":[]},"_links":{"self":[{"href":"https:\/\/easyautoskola.sk\/trencin\/wp-json\/wp\/v2\/product\/1756","targetHints":{"allow":["GET"]}}],"collection":[{"href":"https:\/\/easyautoskola.sk\/trencin\/wp-json\/wp\/v2\/product"}],"about":[{"href":"https:\/\/easyautoskola.sk\/trencin\/wp-json\/wp\/v2\/types\/product"}],"replies":[{"embeddable":true,"href":"https:\/\/easyautoskola.sk\/trencin\/wp-json\/wp\/v2\/comments?post=1756"}],"wp:featuredmedia":[{"embeddable":true,"href":"https:\/\/easyautoskola.sk\/trencin\/wp-json\/wp\/v2\/media\/1738"}],"wp:attachment":[{"href":"https:\/\/easyautoskola.sk\/trencin\/wp-json\/wp\/v2\/media?parent=1756"}],"wp:term":[{"taxonomy":"product_brand","embeddable":true,"href":"https:\/\/easyautoskola.sk\/trencin\/wp-json\/wp\/v2\/product_brand?post=1756"},{"taxonomy":"product_cat","embeddable":true,"href":"https:\/\/easyautoskola.sk\/trencin\/wp-json\/wp\/v2\/product_cat?post=1756"},{"taxonomy":"product_tag","embeddable":true,"href":"https:\/\/easyautoskola.sk\/trencin\/wp-json\/wp\/v2\/product_tag?post=1756"}],"curies":[{"name":"wp","href":"https:\/\/api.w.org\/{rel}","templated":true}]}}