{"id":25,"date":"2023-05-04T15:12:56","date_gmt":"2023-05-04T13:12:56","guid":{"rendered":"https:\/\/easyautoskola.sk\/trnava\/kosik\/"},"modified":"2024-07-24T14:55:57","modified_gmt":"2024-07-24T12:55:57","slug":"kosik","status":"publish","type":"page","link":"https:\/\/easyautoskola.sk\/trnava\/kosik\/","title":{"rendered":"Ko\u0161\u00edk"},"content":{"rendered":"<section class=\"l-section wpb_row height_medium\"><div class=\"l-section-h i-cf\"><div class=\"g-cols vc_row via_grid cols_2-1 laptops-cols_inherit tablets-cols_inherit mobiles-cols_1 valign_top type_default stacking_default\"><div class=\"wpb_column vc_column_container\"><div class=\"vc_column-inner\"><div class=\"w-hwrapper us_custom_80a192e9 valign_middle align_center\" style=\"--hwrapper-gap:2px\"><div class=\"w-vwrapper align_center valign_top\" style=\"--vwrapper-gap:4px\"><div class=\"w-iconbox us_custom_6df4bc3a ikonka has_text_color iconpos_top style_circle color_primary align_center no_text no_title\"><a href=\"\/zilina\/kosik\/\" class=\"w-iconbox-link\" aria-label=\"far|shopping-bag\"><div class=\"w-iconbox-icon\" style=\"font-size:14px;\"><i class=\"far fa-shopping-bag\"><\/i><\/div><\/a><div class=\"w-iconbox-meta\"><\/div><\/div><div class=\"wpb_text_column\"><div class=\"wpb_wrapper\"><p>Ko\u0161\u00edk<\/p>\n<\/div><\/div><\/div><div class=\"w-image us_custom_a2651a5a align_center\"><div class=\"w-image-h\"><img decoding=\"async\" width=\"200\" height=\"100\" src=\"https:\/\/easyautoskola.sk\/trnava\/wp-content\/uploads\/sites\/7\/2023\/05\/line-grey.png\" class=\"attachment-large size-large\" alt=\"\" loading=\"lazy\" \/><\/div><\/div><div class=\"w-vwrapper align_center valign_top\" style=\"--vwrapper-gap:4px\"><div class=\"w-iconbox us_custom_6df4bc3a ikonka has_text_color iconpos_top style_circle color_custom align_center no_text no_title\"><a href=\"\/zilina\/kontrola-objednavky\/\" class=\"w-iconbox-link\" aria-label=\"far|credit-card\"><div class=\"w-iconbox-icon\" style=\"font-size:14px;--icon-color:#ffffff;--icon-bg-color:#E1E0E6;\"><i class=\"far fa-credit-card\"><\/i><\/div><\/a><div class=\"w-iconbox-meta\"><\/div><\/div><div class=\"wpb_text_column\"><div class=\"wpb_wrapper\"><p>Poklad\u0148a<\/p>\n<\/div><\/div><\/div><div class=\"w-image us_custom_a2651a5a align_center\"><div class=\"w-image-h\"><img decoding=\"async\" width=\"200\" height=\"100\" src=\"https:\/\/easyautoskola.sk\/trnava\/wp-content\/uploads\/sites\/7\/2023\/05\/line-grey.png\" class=\"attachment-large size-large\" alt=\"\" loading=\"lazy\" \/><\/div><\/div><div class=\"w-vwrapper align_center valign_top\" style=\"--vwrapper-gap:4px\"><div class=\"w-iconbox us_custom_6df4bc3a ikonka has_text_color iconpos_top style_circle color_custom align_center no_text no_title\"><div class=\"w-iconbox-icon\" style=\"font-size:14px;--icon-color:#ffffff;--icon-bg-color:#E1E0E6;\"><i class=\"far fa-check\"><\/i><\/div><div class=\"w-iconbox-meta\"><\/div><\/div><div class=\"wpb_text_column\"><div class=\"wpb_wrapper\"><p>Potvrdenie<\/p>\n<\/div><\/div><\/div><\/div><div class=\"w-separator size_small\"><\/div><\/div><\/div><div class=\"wpb_column vc_column_container\"><div class=\"vc_column-inner\"><div class=\"w-separator size_small\"><\/div><div class=\"w-separator size_small\"><\/div><\/div><\/div><\/div><\/div><\/section>\n","protected":false},"excerpt":{"rendered":"Ko\u0161\u00edk Poklad\u0148a Potvrdenie","protected":false},"author":1,"featured_media":0,"parent":0,"menu_order":0,"comment_status":"closed","ping_status":"closed","template":"","meta":{"_acf_changed":false,"footnotes":""},"class_list":["post-25","page","type-page","status-publish","hentry"],"acf":[],"publishpress_future_action":{"enabled":false,"date":"2026-05-06 10:39:19","action":"change-status","newStatus":"draft","terms":[],"taxonomy":"","extraData":[]},"publishpress_future_workflow_manual_trigger":{"enabledWorkflows":[]},"_links":{"self":[{"href":"https:\/\/easyautoskola.sk\/trnava\/wp-json\/wp\/v2\/pages\/25","targetHints":{"allow":["GET"]}}],"collection":[{"href":"https:\/\/easyautoskola.sk\/trnava\/wp-json\/wp\/v2\/pages"}],"about":[{"href":"https:\/\/easyautoskola.sk\/trnava\/wp-json\/wp\/v2\/types\/page"}],"author":[{"embeddable":true,"href":"https:\/\/easyautoskola.sk\/trnava\/wp-json\/wp\/v2\/users\/1"}],"replies":[{"embeddable":true,"href":"https:\/\/easyautoskola.sk\/trnava\/wp-json\/wp\/v2\/comments?post=25"}],"version-history":[{"count":5,"href":"https:\/\/easyautoskola.sk\/trnava\/wp-json\/wp\/v2\/pages\/25\/revisions"}],"predecessor-version":[{"id":1262,"href":"https:\/\/easyautoskola.sk\/trnava\/wp-json\/wp\/v2\/pages\/25\/revisions\/1262"}],"wp:attachment":[{"href":"https:\/\/easyautoskola.sk\/trnava\/wp-json\/wp\/v2\/media?parent=25"}],"curies":[{"name":"wp","href":"https:\/\/api.w.org\/{rel}","templated":true}]}}