{"id":637,"date":"2023-06-23T09:49:37","date_gmt":"2023-06-23T07:49:37","guid":{"rendered":"https:\/\/easyautoskola.sk\/trnava\/?page_id=637"},"modified":"2023-06-23T09:49:37","modified_gmt":"2023-06-23T07:49:37","slug":"ochrana-osobnych-udajov","status":"publish","type":"page","link":"https:\/\/easyautoskola.sk\/trnava\/ochrana-osobnych-udajov\/","title":{"rendered":"Ochrana osobn\u00fdch \u00fadajov"},"content":{"rendered":"<section class=\"l-section wpb_row us_custom_92d565f4 has_text_color height_medium with_shape\"><div class=\"l-section-shape type_wave pos_bottom\" style=\"height:15vmin;\"><svg xmlns=\"http:\/\/www.w3.org\/2000\/svg\" viewBox=\"0 4 64 4\" preserveAspectRatio=\"none\" width=\"100%\" height=\"100%\">\r\n\t<path fill=\"currentColor\" d=\"M64 6 C32 0 32 12 0 6 L0 8 L64 8 Z\"\/>\r\n<\/svg><\/div><div class=\"l-section-h i-cf\"><div class=\"g-cols vc_row via_grid cols_1 laptops-cols_inherit tablets-cols_inherit mobiles-cols_1 valign_top type_default stacking_default\"><div class=\"wpb_column vc_column_container\"><div class=\"vc_column-inner\"><div class=\"g-cols wpb_row via_grid cols_2 laptops-cols_inherit tablets-cols_inherit mobiles-cols_1 valign_middle type_default stacking_default\" style=\"--columns-gap:3rem;\"><div class=\"wpb_column vc_column_container\"><div class=\"vc_column-inner\"><h1 class=\"w-text us_custom_0b1fcb68 us_animate_this\"><span class=\"w-text-h\"><span class=\"w-text-value\">Ochrana osobn\u00fdch \u00fadajov<\/span><\/span><\/h1><div class=\"w-text us_custom_8207ffe3 us_animate_this\"><span class=\"w-text-h\"><span class=\"w-text-value\">V\u0161eobecn\u00e9 obchodn\u00e9 podmienky \u00fa\u010dinn\u00e9 od 01.03.2019<\/span><\/span><\/div><\/div><\/div><div class=\"wpb_column vc_column_container\"><div class=\"vc_column-inner\"><div class=\"w-image us_custom_3e9d1bc9 us_animate_this align_center\"><div class=\"w-image-h\"><img decoding=\"async\" width=\"815\" height=\"519\" src=\"https:\/\/easyautoskola.sk\/trnava\/wp-content\/uploads\/sites\/7\/2023\/05\/dokumenty-hero.png\" class=\"attachment-large size-large\" alt=\"\" loading=\"lazy\" srcset=\"https:\/\/easyautoskola.sk\/trnava\/wp-content\/uploads\/sites\/7\/2023\/05\/dokumenty-hero.png 815w, https:\/\/easyautoskola.sk\/trnava\/wp-content\/uploads\/sites\/7\/2023\/05\/dokumenty-hero-300x191.png 300w, https:\/\/easyautoskola.sk\/trnava\/wp-content\/uploads\/sites\/7\/2023\/05\/dokumenty-hero-600x382.png 600w\" sizes=\"auto, (max-width: 815px) 100vw, 815px\" \/><\/div><\/div><\/div><\/div><\/div><\/div><\/div><\/div><\/div><\/section><section class=\"l-section wpb_row height_medium\"><div class=\"l-section-h i-cf\"><div class=\"g-cols vc_row via_grid cols_1 laptops-cols_inherit tablets-cols_inherit mobiles-cols_1 valign_top type_default stacking_default\"><div class=\"wpb_column vc_column_container\"><div class=\"vc_column-inner\"><div class=\"g-cols wpb_row via_grid cols_1 laptops-cols_inherit tablets-cols_inherit mobiles-cols_1 valign_top type_default stacking_default\" style=\"--columns-gap:3rem;\"><div class=\"wpb_column vc_column_container\"><div class=\"vc_column-inner\"><div class=\"wpb_text_column\"><div class=\"wpb_wrapper\"><h2>1. Zbieranie osobn\u00fdch \u00fadajov<\/h2>\n<p>Pri vytv\u00e1ran\u00ed \u00fa\u010dtu a\u00a0objedn\u00e1vok na internetov\u00fdch str\u00e1nkach www.easyautoskola.sk (\u010falej len str\u00e1nky), je EASY auto\u0161kola n\u00faten\u00e1 zbiera\u0165 va\u0161e osobn\u00e9 \u00fadaje. V\u0161etky zozbieran\u00e9 \u00fadaje sa uchov\u00e1vaj\u00fa zodpovedn\u00fdm a\u00a0adekv\u00e1tnym sp\u00f4sobom a\u00a0to len na ur\u010dit\u00fd \u010das, po nevyhnutn\u00fa dobu (pozri body 2 a\u00a03). Osobou zodpovednou za zber t\u00fdchto osobn\u00fdch \u00fadajov je spolo\u010dnos\u0165 Good One Services, s. r. o., zap\u00edsan\u00e1 v\u00a0obchodnom registri a\u00a0registri spolo\u010dnost\u00ed v\u00a0\u017diline vl.\u010d.60933\/L, so s\u00eddlom na adrese V. Tvrd\u00e9ho 784\/5, 010\u00a001 \u017dilina (\u010falej len: GOS, s. r. o.). Pojem \u00abosobn\u00e9 \u00fadaje\u00bb ozna\u010duje v\u0161etky \u00fadaje, ktor\u00e9 umo\u017e\u0148uj\u00fa dan\u00e9 indiv\u00edduum identifikova\u0165, \u010do zodpoved\u00e1 najm\u00e4 v\u00e1\u0161mu priezvisku, menu, telef\u00f3nnemu \u010d\u00edslu, d\u00e1tumu narodenia, elektronickej adrese, po\u0161tovej adrese \u010di IP adrese, ako aj akejko\u013evek inej inform\u00e1cii, ktor\u00fa ste sa rozhodli poskytn\u00fa\u0165 o\u00a0svojej osobe spolo\u010dnosti GOS, s. r. o. S\u00a0cie\u013eom boja proti zneu\u017eitiu uveden\u00e9mu ni\u017e\u0161ie (body 2 a\u00a03) m\u00f4\u017ee spolo\u010dnos\u0165 GOS, s. r. o. na ur\u010dit\u00fa dobu uchov\u00e1va\u0165 niektor\u00e9 inform\u00e1cie t\u00fdkaj\u00face sa transakci\u00ed realizovan\u00fdch na svojich str\u00e1nkach.<\/p>\n<h2>2. Cie\u013e zbierania osobn\u00fdch \u00fadajov<\/h2>\n<p>Va\u0161e osobn\u00e9 \u00fadaje sa zhroma\u017e\u010fuj\u00fa s\u00a0vopred ur\u010den\u00fdm, explicitn\u00fdm a\u00a0z\u00e1konn\u00fdm cie\u013eom a\u00a0to z\u00a0d\u00f4vodu jedn\u00e9ho, resp. niektor\u00fdch nasleduj\u00facich cie\u013eov:<br \/>\nI. spr\u00e1va objedn\u00e1vok na str\u00e1nkach,<br \/>\nII. vypracovanie obchodn\u00fdch \u0161tatist\u00edk, realiz\u00e1ci\u00ed trhov\u00fdch \u0161t\u00fadi\u00ed a\u00a0spr\u00e1vania sa,<br \/>\nIII. vyhotovenie a\u00a0spr\u00e1va prieskumn\u00fdch s\u00faborov, \u010do zah\u0155\u0148a predov\u0161etk\u00fdm technick\u00e9 oper\u00e1cie ako je \u0161tandardiz\u00e1cia, obohatenie a\u00a0duplik\u00e1cia,<br \/>\nIV. realiz\u00e1cia oper\u00e1ci\u00ed t\u00fdkaj\u00facich sa spr\u00e1vy klientov,<br \/>\nV. v\u00fdber klientely s\u00a0cie\u013eom pr\u00edpravy prieskumn\u00fdch \u010dinnosti a\u00a0\u010dinnost\u00ed s\u00favisiacich s\u00a0akciami,<br \/>\nVI. doru\u010dovanie podnetov a\u00a0akciov\u00fdch spr\u00e1v zo strany GOS, s. r. o. Z\u00a0odberu t\u00fdchto pon\u00fak sa m\u00f4\u017eete kedyko\u013evek odhl\u00e1si\u0165 kliknut\u00edm na odkaz, ktor\u00fd je ur\u010den\u00fd pre tento \u00fa\u010del a\u00a0ktor\u00fd sa nach\u00e1dza v\u00a0spodnej \u010dasti predmetn\u00fdch e-mailov.<br \/>\nVII. dodr\u017eiavanie z\u00e1konn\u00fdch povinnost\u00ed a\u00a0povinnost\u00ed vypl\u00fdvaj\u00facich zo z\u00e1konn\u00fdch nariaden\u00ed,<br \/>\nVIII. boj proti zneu\u017eitiu za podmienok uveden\u00fdch v\u00a0bode 3 ni\u017e\u0161ie.<\/p>\n<h2>3. Boj proti podvodom<\/h2>\n<p>Na boj proti zneu\u017eitiu zaviedla spolo\u010dnos\u0165 GOS, s. r. o. n\u00e1stroj zoznamov s\u00a0vyl\u00fa\u010den\u00edm, ktor\u00e9 maj\u00fa nasledovn\u00fd \u00fa\u010del:<br \/>\nI. S\u00a0cie\u013eom zabezpe\u010denia transakcie sa m\u00f4\u017eu od v\u00e1s po zrealizovan\u00ed platby po\u017eadova\u0165 niektor\u00e9 doklady osobnej identifik\u00e1cie a\u00a0to v\u00a0pr\u00edpade automatickej v\u00fdstrahy spustenej na z\u00e1klade inform\u00e1ci\u00ed s\u00favisiacich s\u00a0va\u0161ou objedn\u00e1vkou.<br \/>\nII. zablokovanie objedn\u00e1vky, ak bol v\u00e1\u0161 klientsky \u00fa\u010det u\u017e raz pri pokuse o\u00a0zneu\u017eitie pou\u017eit\u00fd.<\/p>\n<h2>4. Adres\u00e1ti zbieran\u00fdch osobn\u00fdch \u00fadajov<\/h2>\n<p>K inform\u00e1ci\u00e1m, ktor\u00e9 n\u00e1m poskytnete m\u00e1 pr\u00edstup jedine na\u0161a spolo\u010dnos\u0165 ako aj jej zmluvne viazan\u00e9 partnersk\u00e9 spolo\u010dnosti v\u00a0r\u00e1mci spracovania objedn\u00e1vky. Ku kateg\u00f3ri\u00e1m os\u00f4b, ktor\u00e9 v\u00a0r\u00e1mci spolo\u010dnosti GOS, s. r. o. bud\u00fa ma\u0165 pr\u00edstup ku va\u0161im osobn\u00fdm \u00fadajom v\u00a0rozsahu im pridelenom s\u00fa obchodn\u00e9 oddelenie, administrat\u00edvne oddelenie, technick\u00e9 oddelenie ako aj oddelenia poveren\u00e9 kontrolou (aud\u00edtor, oddelenia poveren\u00e9 realiz\u00e1ciou postupov vn\u00fatornej kontroly, at\u010f. \u2026). K\u00a0va\u0161im osobn\u00fdm \u00fadajom m\u00f4\u017eu z\u00edska\u0165 pr\u00edstup aj verejn\u00e9 org\u00e1ny v\u00fdlu\u010dne s\u00a0cie\u013eom naplnenia z\u00e1konn\u00fdch po\u017eiadaviek, pomocn\u00e9 org\u00e1ny spravodlivosti, ministersk\u00ed \u00faradn\u00edci a\u00a0org\u00e1ny poveren\u00e9 vym\u00e1han\u00edm poh\u013ead\u00e1vok. GOS, s. r. o. si vyhradzuje pr\u00e1vo poskytn\u00fa\u0165 zozbieran\u00e9 \u00fadaje na komer\u010dn\u00e9 \u00fa\u010dely iba v\u00a0pr\u00edpade, ak bol zo strany z\u00e1kazn\u00edka vysloven\u00fd s\u00fahlas za\u0161krtnut\u00edm pol\u00ed\u010dka \u201e\u017eel\u00e1m si dost\u00e1va\u0165 ponuky od partnerov GOS, s. r. o.\u201c. Tento s\u00fahlas m\u00f4\u017eete kedyko\u013evek stiahnu\u0165 jednoduch\u00fdm od\u0161krtnut\u00edm. Ka\u017ed\u00e9 zaobch\u00e1dzanie s\u00a0\u00fadajmi, na ktor\u00e9 bol dan\u00fd s\u00fahlas e\u0161te pred jeho stiahnut\u00edm, je pr\u00edpustn\u00e9. GOS, s. r. o. m\u00e1 pr\u00e1vo poskytn\u00fa\u0165 \u00fadaje aj zahrani\u010dn\u00fdm partnerom. Zav\u00e4zuje sa poskytova\u0165 tieto \u00fadaje iba zahrani\u010dn\u00fdm firm\u00e1m, ktor\u00e9 maj\u00fa rovnak\u00fa mieru ochrany osobn\u00fdch \u00fadajov ako Franc\u00fazsko a\u00a0Eur\u00f3pske spolo\u010denstvo.<\/p>\n<div class=\"section-cnil\">\n<h2>5. Doba uchovania osobn\u00fdch \u00fadajov<\/h2>\n<p>Zozbieran\u00e9 \u00fadaje uchov\u00e1vame odo d\u0148a poslednej transakcie zrealizovanej na str\u00e1nke alebo odo d\u0148a poslednej aktualiz\u00e1cie v\u00e1\u0161ho z\u00e1kazn\u00edckeho \u00fa\u010dtu, s\u00a0v\u00fdnimkou \u010d\u00edsla platobnej karty a\u00a0d\u00e1tumu platnosti, ktor\u00e9 sa uchov\u00e1vaj\u00fa len po dobu trin\u00e1stich mesiacov s\u00a0cie\u013eom boja proti zneu\u017eitiu. Kryptogram je po vykonan\u00ed transakcie bezodkladne a\u00a0\u00faplne zru\u0161en\u00fd. V\u00a0r\u00e1mci slu\u017eby Premium m\u00f4\u017eete povoli\u0165 uchov\u00e1vanie \u00fadajov o\u00a0platobnej karte (\u010d\u00edslo, d\u00e1tum platnosti) na trin\u00e1s\u0165 mesiacov od poslednej transakcie, ktor\u00fa ste vykonali na str\u00e1nke alebo od poslednej aktualiz\u00e1cie \u00fadajov v\u00a0z\u00e1kazn\u00edckom \u00fa\u010dte. Tento s\u00fahlas vyjadrujete za\u0161krtnut\u00edm pol\u00ed\u010dka \u201eZapam\u00e4ta\u0165 si\u201c. Od\u0161krtnut\u00edm predmetn\u00e9ho pol\u00ed\u010dka je mo\u017en\u00e9 kedyko\u013evek stiahnu\u0165 s\u00fahlas s\u00a0uchov\u00e1van\u00edm t\u00fdchto \u00fadajov. V\u00a0pr\u00edpade absencie novej transakcie alebo aktualiz\u00e1cie v\u00e1\u0161ho z\u00e1kazn\u00edckeho \u00fa\u010dtu v\u00a0priebehu piatich rokov bud\u00fa va\u0161e osobn\u00e9 \u00fadaje automaticky vymazan\u00e9.<\/p>\n<\/div>\n<div class=\"section-cnil\">\n<h2>6. Bezpe\u010dnos\u0165<\/h2>\n<p>Informujeme v\u00e1s, aby ste podnikli v\u0161etky opatrenia na ochranu bezpe\u010dnosti va\u0161ich osobn\u00fdch \u00fadajov a\u00a0predov\u0161etk\u00fdm na zabr\u00e1nenie ich zneu\u017eitia, po\u0161kodenia alebo pr\u00edstupu k\u00a0nim tret\u00edm osob\u00e1m.<\/p>\n<\/div>\n<div id=\"cookies\" class=\"section-cnil\">\n<h2>7. Cookies<\/h2>\n<p>Z d\u00f4vodu zlep\u0161ovania na\u0161ich slu\u017eieb meriame po\u010det vzhliadnut\u00ed na\u0161ich str\u00e1nok, po\u010det ich n\u00e1v\u0161tev, \u010dinnos\u0165 n\u00e1v\u0161tevn\u00edkov na na\u0161ich str\u00e1nkach a\u00a0frekvenciu ich n\u00e1vratu na ne. Pr\u00e1ve z\u00a0tohto d\u00f4vodu pou\u017e\u00edvame technol\u00f3giou \u00abcookies\u00bb. Cookie n\u00e1m pom\u00e1ha pri va\u0161ej identifik\u00e1cii. Vo v\u0161eobecnosti zaznamen\u00e1va inform\u00e1cie o\u00a0navig\u00e1cii po\u010d\u00edta\u010da na na\u0161ich str\u00e1nkach (str\u00e1nky, ktor\u00e9 ste si zobrazili, d\u00e1tum a\u00a0\u010das ich zobrazenia, at\u010f.), ktor\u00e9 si m\u00f4\u017eeme pri va\u0161ich \u010fal\u0161\u00edch n\u00e1v\u0161tev\u00e1ch pre\u010d\u00edta\u0165.<\/p>\n<p>\u00dadaje obsiahnut\u00e9 v\u00a0cookies s\u00fa striktne a\u00a0v\u00fdlu\u010dne ur\u010den\u00e9 na intern\u00e9 pou\u017eitie a\u00a0nikdy nebud\u00fa poskytnut\u00e9 tret\u00edm osob\u00e1m. Pou\u017e\u00edvanie \u010di u\u017e vlastn\u00fdch cookies, alebo cookies tret\u00edch os\u00f4b nie je pre chod str\u00e1nky nutn\u00fd. Z\u00a0tohto d\u00f4vodu potrebujeme v\u00e1\u0161 v\u00fdlu\u010dn\u00fd s\u00fahlas. Svoj s\u00fahlas s\u00a0pou\u017eit\u00edm cookies m\u00f4\u017eete vyjadri\u0165 alebo zamietnu\u0165 tak, \u017ee si nastav\u00edte svoj internetov\u00fd prehliada\u010d. Pozrite sprievodcu pou\u017eit\u00edm v\u00e1\u0161ho internetov\u00e9ho prehliada\u010da.<\/p>\n<\/div>\n<div class=\"section-cnil\">\n<h2>8. S\u00fahlas<\/h2>\n<p>Ak sa rozhodnete poskytn\u00fa\u0165 svoje osobn\u00e9 \u00fadaje na na\u0161ich str\u00e1nkach, z\u00e1rove\u0148 d\u00e1vate svoj v\u00fdslovn\u00fd s\u00fahlas so zbieran\u00edm a\u00a0pou\u017e\u00edvan\u00edm va\u0161ich osobn\u00fdch \u00fadajov v\u00a0s\u00falade s\u00a0t\u00fdm, \u010do bolo uveden\u00e9 v\u00a0tomto K\u00f3dexe a\u00a0platnou legislat\u00edvou.<\/p>\n<\/div>\n<div class=\"section-cnil\">\n<h2>9. Pr\u00edstupov\u00e9 pr\u00e1va a\u00a0pr\u00e1va na ich \u00fapravu<\/h2>\n<p>V s\u00falade s\u00a0nariaden\u00edm E\u00da 2016\/679 m\u00e1te nasleduj\u00face pr\u00e1va:<\/p>\n<ul>\n<li>pr\u00e1vo pr\u00edstupu<\/li>\n<li>pr\u00e1vo na \u00fapravu<\/li>\n<li>pr\u00e1vo na vymazanie<\/li>\n<li>pr\u00e1vo na obmedzenie pou\u017e\u00edvania<\/li>\n<li>pr\u00e1vo na prenos<\/li>\n<li>pr\u00e1vo namieta\u0165<\/li>\n<\/ul>\n<p>Pr\u00e1va si m\u00f4\u017eete uplatni\u0165 na nasleduj\u00facej adrese:<br \/>\nelektronickou po\u0161tou: na info@easyautoskola.sk.com<br \/>\npo\u0161tou: na EASY auto\u0161kola, V. Tvrd\u00e9ho 784\/5, 010\u00a001 \u017dilina.<\/p>\n<p>Pokia\u013e je to potrebn\u00e9, z\u00e1kazn\u00edk m\u00f4\u017ee poda\u0165 podnet na kontroln\u00fd org\u00e1n.<\/p>\n<\/div>\n<\/div><\/div><\/div><\/div><\/div><\/div><\/div><\/div><\/div><\/section><section class=\"l-section wpb_row height_medium\"><div class=\"l-section-h i-cf\"><div class=\"g-cols vc_row via_grid cols_2 laptops-cols_inherit tablets-cols_inherit mobiles-cols_1 valign_middle type_default stacking_default\"><div class=\"wpb_column vc_column_container\"><div class=\"vc_column-inner\">\n<div class=\"wpcf7 no-js us_custom_1336431d us_animate_this\" id=\"wpcf7-f5-o1\" lang=\"sk-SK\" dir=\"ltr\" data-wpcf7-id=\"5\">\n<div class=\"screen-reader-response\"><p role=\"status\" aria-live=\"polite\" aria-atomic=\"true\"><\/p> <ul><\/ul><\/div>\n<form action=\"\/trnava\/wp-json\/wp\/v2\/pages\/637#wpcf7-f5-o1\" method=\"post\" class=\"wpcf7-form init\" aria-label=\"Kontaktn\u00fd formul\u00e1r\" novalidate=\"novalidate\" data-status=\"init\">\n<fieldset class=\"hidden-fields-container\"><input type=\"hidden\" name=\"_wpcf7\" value=\"5\" \/><input type=\"hidden\" name=\"_wpcf7_version\" value=\"6.1.4\" \/><input type=\"hidden\" name=\"_wpcf7_locale\" value=\"sk_SK\" \/><input type=\"hidden\" name=\"_wpcf7_unit_tag\" value=\"wpcf7-f5-o1\" \/><input type=\"hidden\" name=\"_wpcf7_container_post\" value=\"0\" \/><input type=\"hidden\" name=\"_wpcf7_posted_data_hash\" value=\"\" \/><input type=\"hidden\" name=\"_wpcf7cf_hidden_group_fields\" value=\"[]\" \/><input type=\"hidden\" name=\"_wpcf7cf_hidden_groups\" value=\"[]\" \/><input type=\"hidden\" name=\"_wpcf7cf_visible_groups\" value=\"[]\" \/><input type=\"hidden\" name=\"_wpcf7cf_repeaters\" value=\"[]\" \/><input type=\"hidden\" name=\"_wpcf7cf_steps\" value=\"{}\" \/><input type=\"hidden\" name=\"_wpcf7cf_options\" value=\"{&quot;form_id&quot;:5,&quot;conditions&quot;:[],&quot;settings&quot;:{&quot;animation&quot;:&quot;yes&quot;,&quot;animation_intime&quot;:200,&quot;animation_outtime&quot;:200,&quot;conditions_ui&quot;:&quot;normal&quot;,&quot;notice_dismissed&quot;:false,&quot;notice_dismissed_update-cf7-5.9.8&quot;:true}}\" \/>\n<\/fieldset>\n<div class=\"otherColumns\">\n\t<p><span class=\"wpcf7-form-control-wrap\" data-name=\"your-name\"><input size=\"40\" maxlength=\"400\" class=\"wpcf7-form-control wpcf7-text wpcf7-validates-as-required\" autocomplete=\"name\" aria-required=\"true\" aria-invalid=\"false\" placeholder=\"Meno a priezvisko*\" value=\"\" type=\"text\" name=\"your-name\" \/><\/span>\n\t<\/p>\n<\/div>\n<div class=\"columnHalf\">\n\t<p><span class=\"wpcf7-form-control-wrap\" data-name=\"your-phone\"><input size=\"40\" maxlength=\"400\" class=\"wpcf7-form-control wpcf7-text wpcf7-validates-as-required\" aria-required=\"true\" aria-invalid=\"false\" placeholder=\"Telef\u00f3n*\" value=\"\" type=\"text\" name=\"your-phone\" \/><\/span>\n\t<\/p>\n<\/div>\n<div class=\"columnHalf\">\n\t<p><span class=\"wpcf7-form-control-wrap\" data-name=\"your-email\"><input size=\"40\" maxlength=\"400\" class=\"wpcf7-form-control wpcf7-email wpcf7-validates-as-required wpcf7-text wpcf7-validates-as-email\" autocomplete=\"email\" aria-required=\"true\" aria-invalid=\"false\" placeholder=\"E-mail*\" value=\"\" type=\"email\" name=\"your-email\" \/><\/span>\n\t<\/p>\n<\/div>\n<div class=\"otherColumns\">\n\t<p><span class=\"wpcf7-form-control-wrap\" data-name=\"your-message\"><textarea cols=\"40\" rows=\"10\" maxlength=\"2000\" class=\"wpcf7-form-control wpcf7-textarea\" aria-invalid=\"false\" name=\"your-message\"><\/textarea><\/span>\n\t<\/p>\n<\/div>\n<div class=\"otherColumns\">\n\t<p><span class=\"wpcf7-form-control-wrap\" data-name=\"acceptance-622\"><span class=\"wpcf7-form-control wpcf7-acceptance\"><span class=\"wpcf7-list-item\"><label><input type=\"checkbox\" name=\"acceptance-622\" value=\"1\" aria-invalid=\"false\" \/><span class=\"wpcf7-list-item-label\">S\u00fahlas\u00edm so z\u00e1sadami <a href=\"https:\/\/easyautoskola.sk\/trnava\/ochrana-osobnych-udajov\/\">spracovania osobn\u00fdch \u00fadajov<\/a><\/span><\/label><\/span><\/span><\/span>\n\t<\/p>\n<\/div>\n<div style=\"text-align: center;\" class=\"otherColumns\">\n\t<p><input class=\"wpcf7-form-control wpcf7-submit has-spinner\" type=\"submit\" value=\"Odosla\u0165\" \/>\n\t<\/p>\n<\/div><div class=\"wpcf7-response-output\" aria-hidden=\"true\"><\/div>\n<\/form>\n<\/div>\n<\/div><\/div><div class=\"wpb_column vc_column_container\"><div class=\"vc_column-inner\"><div class=\"w-text us_custom_1e319eca has_text_color us_animate_this\"><span class=\"w-text-h\"><span class=\"w-text-value\">N\u00e1\u0161 kontakt<\/span><\/span><\/div><h2 class=\"w-text us_custom_3e9d1bc9 us_animate_this\"><span class=\"w-text-h\"><span class=\"w-text-value\">Nap\u00ed\u0161te n\u00e1m, sme tu pre V\u00e1s<\/span><\/span><\/h2><div class=\"wpb_text_column us_custom_5f34439b\"><div class=\"wpb_wrapper\"><p>Radi v\u00e1s priv\u00edtame u&nbsp;n\u00e1s na pobo\u010dke, priamo v&nbsp;centre mesta \u017dilina. Na ak\u00e9ko\u013evek dotazy radi odpovieme aj telefonicky alebo mailom prostredn\u00edctvom kontaktn\u00e9ho formul\u00e1ra.<\/p>\n<\/div><\/div><div class=\"w-separator size_medium\"><\/div><div class=\"w-vwrapper align_none valign_top\"><div class=\"w-iconbox us_custom_ca969f17 us_animate_this iconpos_left style_default color_primary align_left no_title\"><div class=\"w-iconbox-icon\" style=\"font-size:1.5rem;\"><i class=\"fal fa-map-marker-alt\"><\/i><\/div><div class=\"w-iconbox-meta\"><div class=\"w-iconbox-text\"><p>Vojtecha Tvrd\u00e9ho 784\/5, 010&nbsp;01 \u017dilina<\/p>\n<\/div><\/div><\/div><div class=\"w-iconbox us_custom_0b1840d7 us_animate_this iconpos_left style_default color_primary align_left no_title\"><div class=\"w-iconbox-icon\" style=\"font-size:1.5rem;\"><i class=\"fal fa-phone-alt\"><\/i><\/div><div class=\"w-iconbox-meta\"><div class=\"w-iconbox-text\"><p>0948&nbsp;780&nbsp;788<\/p>\n<\/div><\/div><\/div><div class=\"w-iconbox us_custom_98e0b411 us_animate_this iconpos_left style_default color_primary align_left no_title\"><div class=\"w-iconbox-icon\" style=\"font-size:1.5rem;\"><i class=\"fal fa-envelope\"><\/i><\/div><div class=\"w-iconbox-meta\"><div class=\"w-iconbox-text\"><p>info@easyautoskola.sk<\/p>\n<\/div><\/div><\/div><\/div><div class=\"w-separator size_medium\"><\/div><div class=\"g-cols wpb_row via_grid cols_2 laptops-cols_inherit tablets-cols_inherit mobiles-cols_1 valign_top type_default stacking_default\" style=\"--columns-gap:3rem;\"><div class=\"wpb_column vc_column_container us_custom_8c71efed us_animate_this\"><div class=\"vc_column-inner\"><h6 class=\"w-text\"><span class=\"w-text-h\"><span class=\"w-text-value\">Bankov\u00e9 spojenie<\/span><\/span><\/h6><div class=\"wpb_text_column\"><div class=\"wpb_wrapper\"><p><strong>Banka:<\/strong> \u010cSOB, a.s.<br \/>\n<strong>IBAN:<\/strong> SK09&nbsp;7500&nbsp;0000&nbsp;0040&nbsp;2595&nbsp;2292<br \/>\n<strong>Pozn\u00e1mka:<\/strong> Meno a&nbsp;priezvisko<\/p>\n<\/div><\/div><\/div><\/div><div class=\"wpb_column vc_column_container us_custom_2a9ba11a us_animate_this\"><div class=\"vc_column-inner\"><h6 class=\"w-text\"><span class=\"w-text-h\"><span class=\"w-text-value\">Soci\u00e1lne siete<\/span><\/span><\/h6><div class=\"wpb_text_column\"><div class=\"wpb_wrapper\"><p>Facebook: <a href=\"https:\/\/www.facebook.com\/easyautoskolazilina\" target=\"_blank\" rel=\"noopener\">Easy Auto\u0161kola \u017dilina<\/a><br \/>\nInstagram: <a href=\"https:\/\/www.instagram.com\/easyautoskolazilina\/\" target=\"_blank\" rel=\"noopener\">easyautoskolazilina<\/a><br \/>\nYouTube: <a href=\"https:\/\/www.youtube.com\/channel\/UCofCNbhAHSirlEY5V1tcj0g\" target=\"_blank\" rel=\"noopener\">Easy Auto\u0161kola<\/a><\/p>\n<\/div><\/div><\/div><\/div><\/div><\/div><\/div><\/div><\/div><\/section>\n","protected":false},"excerpt":{"rendered":"Ochrana osobn\u00fdch \u00fadajovV\u0161eobecn\u00e9 obchodn\u00e9 podmienky \u00fa\u010dinn\u00e9 od 01.03.20191. Zbieranie osobn\u00fdch \u00fadajov Pri vytv\u00e1ran\u00ed \u00fa\u010dtu a\u00a0objedn\u00e1vok na internetov\u00fdch str\u00e1nkach www.easyautoskola.sk (\u010falej len str\u00e1nky), je EASY auto\u0161kola n\u00faten\u00e1 zbiera\u0165 va\u0161e osobn\u00e9 \u00fadaje. V\u0161etky zozbieran\u00e9 \u00fadaje sa uchov\u00e1vaj\u00fa zodpovedn\u00fdm a\u00a0adekv\u00e1tnym sp\u00f4sobom a\u00a0to len na ur\u010dit\u00fd \u010das, po nevyhnutn\u00fa dobu (pozri body 2 a\u00a03). Osobou zodpovednou za zber t\u00fdchto...","protected":false},"author":1,"featured_media":0,"parent":0,"menu_order":0,"comment_status":"closed","ping_status":"closed","template":"","meta":{"_acf_changed":false,"footnotes":""},"class_list":["post-637","page","type-page","status-publish","hentry"],"acf":[],"publishpress_future_action":{"enabled":false,"date":"2026-05-06 10:39:54","action":"change-status","newStatus":"draft","terms":[],"taxonomy":"","extraData":[]},"publishpress_future_workflow_manual_trigger":{"enabledWorkflows":[]},"_links":{"self":[{"href":"https:\/\/easyautoskola.sk\/trnava\/wp-json\/wp\/v2\/pages\/637","targetHints":{"allow":["GET"]}}],"collection":[{"href":"https:\/\/easyautoskola.sk\/trnava\/wp-json\/wp\/v2\/pages"}],"about":[{"href":"https:\/\/easyautoskola.sk\/trnava\/wp-json\/wp\/v2\/types\/page"}],"author":[{"embeddable":true,"href":"https:\/\/easyautoskola.sk\/trnava\/wp-json\/wp\/v2\/users\/1"}],"replies":[{"embeddable":true,"href":"https:\/\/easyautoskola.sk\/trnava\/wp-json\/wp\/v2\/comments?post=637"}],"version-history":[{"count":1,"href":"https:\/\/easyautoskola.sk\/trnava\/wp-json\/wp\/v2\/pages\/637\/revisions"}],"predecessor-version":[{"id":638,"href":"https:\/\/easyautoskola.sk\/trnava\/wp-json\/wp\/v2\/pages\/637\/revisions\/638"}],"wp:attachment":[{"href":"https:\/\/easyautoskola.sk\/trnava\/wp-json\/wp\/v2\/media?parent=637"}],"curies":[{"name":"wp","href":"https:\/\/api.w.org\/{rel}","templated":true}]}}