{"id":417,"date":"2023-05-12T07:24:20","date_gmt":"2023-05-12T05:24:20","guid":{"rendered":"https:\/\/easyautoskola.sk\/trnava\/?post_type=product&#038;p=417"},"modified":"2026-03-01T14:30:58","modified_gmt":"2026-03-01T13:30:58","slug":"easy-standard","status":"publish","type":"product","link":"https:\/\/easyautoskola.sk\/trnava\/produkt\/easy-standard\/","title":{"rendered":"EASY \u0160tandard"},"content":{"rendered":"<p>EASY \u0160tandard je z\u00e1kladn\u00fd kurz.<\/p>\n<p>Teoretick\u00e1 v\u00fdu\u010dba pozost\u00e1va z&nbsp;32 vyu\u010dovac\u00edch hod\u00edn (te\u00f3rie b\u00fdvaj\u00fa 2-3 kr\u00e1t do t\u00fd\u017ed\u0148a). Praktick\u00e1 \u010das\u0165 pozost\u00e1va z&nbsp;39 hod\u00edn, pl\u00e1nuje sa pod\u013ea vz\u00e1jomnej dohody s&nbsp;in\u0161truktorom.<br \/>\nV&nbsp;cene <strong>nie s\u00fa<\/strong> zahrnut\u00e9 kolky a&nbsp;<a href=\"\/trnava\/produkt\/kurz-prvej-pomoci\/\">kurz prvej pomoci.<\/a><\/p>\n<p><strong>Kurz je mo\u017en\u00e9 vyu\u017ei\u0165 aj v&nbsp;novom roku.<\/strong><\/p>\n","protected":false},"excerpt":{"rendered":"<p>Z\u00e1kladn\u00fd kurz.<\/p>\n","protected":false},"featured_media":1287,"comment_status":"open","ping_status":"closed","template":"","meta":{"_acf_changed":false},"product_brand":[],"product_cat":[37],"product_tag":[38,39,40],"class_list":{"0":"post-417","1":"product","2":"type-product","3":"status-publish","4":"has-post-thumbnail","6":"product_cat-zakladne-kurzy-b","7":"product_tag-autoskola","8":"product_tag-kurz","9":"product_tag-skupina-b","11":"first","12":"instock","13":"taxable","14":"shipping-taxable","15":"purchasable","16":"product-type-simple"},"acf":[],"publishpress_future_workflow_manual_trigger":{"enabledWorkflows":[]},"_links":{"self":[{"href":"https:\/\/easyautoskola.sk\/trnava\/wp-json\/wp\/v2\/product\/417","targetHints":{"allow":["GET"]}}],"collection":[{"href":"https:\/\/easyautoskola.sk\/trnava\/wp-json\/wp\/v2\/product"}],"about":[{"href":"https:\/\/easyautoskola.sk\/trnava\/wp-json\/wp\/v2\/types\/product"}],"replies":[{"embeddable":true,"href":"https:\/\/easyautoskola.sk\/trnava\/wp-json\/wp\/v2\/comments?post=417"}],"wp:featuredmedia":[{"embeddable":true,"href":"https:\/\/easyautoskola.sk\/trnava\/wp-json\/wp\/v2\/media\/1287"}],"wp:attachment":[{"href":"https:\/\/easyautoskola.sk\/trnava\/wp-json\/wp\/v2\/media?parent=417"}],"wp:term":[{"taxonomy":"product_brand","embeddable":true,"href":"https:\/\/easyautoskola.sk\/trnava\/wp-json\/wp\/v2\/product_brand?post=417"},{"taxonomy":"product_cat","embeddable":true,"href":"https:\/\/easyautoskola.sk\/trnava\/wp-json\/wp\/v2\/product_cat?post=417"},{"taxonomy":"product_tag","embeddable":true,"href":"https:\/\/easyautoskola.sk\/trnava\/wp-json\/wp\/v2\/product_tag?post=417"}],"curies":[{"name":"wp","href":"https:\/\/api.w.org\/{rel}","templated":true}]}}