{"id":423,"date":"2023-05-12T07:24:20","date_gmt":"2023-05-12T05:24:20","guid":{"rendered":"https:\/\/easyautoskola.sk\/trnava\/?post_type=product&#038;p=423"},"modified":"2026-01-23T13:27:41","modified_gmt":"2026-01-23T12:27:41","slug":"1-x-45-min-kj","status":"publish","type":"product","link":"https:\/\/easyautoskola.sk\/trnava\/produkt\/1-x-45-min-kj\/","title":{"rendered":"1 x 45 min KJ"},"content":{"rendered":"<p>Kondi\u010dn\u00e9 jazdy pre vodi\u010dov osobn\u00fdch automobilov v&nbsp;trvan\u00ed 45 min\u00fat.<\/p>\n<h3>Na \u010do kladieme d\u00f4raz?<\/h3>\n<p>Pri kondi\u010dn\u00fdch jazd\u00e1ch kladieme d\u00f4raz na zdokonalenie potrebn\u00fdch schopnost\u00ed a\u00a0zru\u010dnost\u00ed pri veden\u00ed motorov\u00e9ho vozidla. Ide hlavne o\u00a0zvl\u00e1dnutie vedenia vozidla v\u00a0zlo\u017eit\u00fdch dopravn\u00fdch situ\u00e1ci\u00e1ch, na \u0161pecifick\u00fdch \u00fasekoch, pri parkovan\u00ed, c\u00favan\u00ed, rozbiehan\u00ed sa do kopca a\u00a0pod.<\/p>\n<p>Kondi\u010dn\u00e9 jazdy s\u00fa ur\u010den\u00e9 predov\u0161etk\u00fdm vodi\u010dom, ktor\u00ed si nie s\u00fa na 100% ist\u00ed svojimi schopnos\u0165ami a\u00a0maj\u00fa z\u00e1ujem o\u00a0ich zdokonalenie a\u00a0odb\u00faranie stresu pri \u0161of\u00e9rovan\u00ed. Preto si d\u00e1vame z\u00e1le\u017ea\u0165, aby bol pr\u00edstup in\u0161truktorov trpezliv\u00fd, v\u00fdcvik d\u00f4sledn\u00fd a\u00a0zvl\u00e1dnut\u00fd v\u00a0pohodovej atmosf\u00e9re.<\/p>\n<ul data-line-height=\"xl\">\n<li class=\"bullet-checkmark\">Preh\u013ead legislat\u00edvnych zmien, ktor\u00e9 nastali od va\u0161ej poslednej sk\u00fasenosti s\u00a0veden\u00edm motorov\u00e9ho vozidla a\u017e po s\u00fa\u010dasnos\u0165.<\/li>\n<li class=\"bullet-checkmark\">N\u00e1uka o\u00a0vozidl\u00e1ch a\u00a0ich \u00fadr\u017eba (na\u010do treba s\u00fastredi\u0165 pozornos\u0165 pre spr\u00e1vne, bezpe\u010dn\u00e9 a\u00a0bezprobl\u00e9mov\u00e9 fungovanie motorov\u00e9ho vozidla).<\/li>\n<li class=\"bullet-checkmark\">Z\u00e1kladn\u00e9 vodi\u010dsk\u00e9 techniky (rozbiehanie, rozbiehanie do svahu, spoma\u013eovanie, zastavenie, radenie r\u00fdchlostn\u00fdch stup\u0148ov, odbo\u010dovanie, c\u00favanie at\u010f.).<\/li>\n<li class=\"bullet-checkmark\">Jazda na hlavn\u00fdch a\u00a0ved\u013eaj\u0161\u00edch cest\u00e1ch.<\/li>\n<li class=\"bullet-checkmark\">Jazda v\u00a0hustej prem\u00e1vke.<\/li>\n<li class=\"bullet-checkmark\">Jazda na vami vybranej trase.<\/li>\n<li class=\"bullet-checkmark\">Jazda pomocou GPS.<\/li>\n<li class=\"bullet-checkmark\">Parkovanie.<\/li>\n<\/ul>\n","protected":false},"excerpt":{"rendered":"<p>Kondi\u010dn\u00e9 jazdy v&nbsp;trvan\u00ed 45 min\u00fat<\/p>\n","protected":false},"featured_media":451,"comment_status":"open","ping_status":"closed","template":"","meta":{"_acf_changed":false},"product_brand":[],"product_cat":[28],"product_tag":[],"class_list":{"0":"post-423","1":"product","2":"type-product","3":"status-publish","4":"has-post-thumbnail","6":"product_cat-kondicne-jazdy","8":"first","9":"instock","10":"virtual","11":"taxable","12":"purchasable","13":"product-type-simple"},"acf":[],"publishpress_future_workflow_manual_trigger":{"enabledWorkflows":[]},"_links":{"self":[{"href":"https:\/\/easyautoskola.sk\/trnava\/wp-json\/wp\/v2\/product\/423","targetHints":{"allow":["GET"]}}],"collection":[{"href":"https:\/\/easyautoskola.sk\/trnava\/wp-json\/wp\/v2\/product"}],"about":[{"href":"https:\/\/easyautoskola.sk\/trnava\/wp-json\/wp\/v2\/types\/product"}],"replies":[{"embeddable":true,"href":"https:\/\/easyautoskola.sk\/trnava\/wp-json\/wp\/v2\/comments?post=423"}],"wp:featuredmedia":[{"embeddable":true,"href":"https:\/\/easyautoskola.sk\/trnava\/wp-json\/wp\/v2\/media\/451"}],"wp:attachment":[{"href":"https:\/\/easyautoskola.sk\/trnava\/wp-json\/wp\/v2\/media?parent=423"}],"wp:term":[{"taxonomy":"product_brand","embeddable":true,"href":"https:\/\/easyautoskola.sk\/trnava\/wp-json\/wp\/v2\/product_brand?post=423"},{"taxonomy":"product_cat","embeddable":true,"href":"https:\/\/easyautoskola.sk\/trnava\/wp-json\/wp\/v2\/product_cat?post=423"},{"taxonomy":"product_tag","embeddable":true,"href":"https:\/\/easyautoskola.sk\/trnava\/wp-json\/wp\/v2\/product_tag?post=423"}],"curies":[{"name":"wp","href":"https:\/\/api.w.org\/{rel}","templated":true}]}}