{"id":261,"date":"2023-05-09T13:44:53","date_gmt":"2023-05-09T11:44:53","guid":{"rendered":"https:\/\/easyautoskola.sk\/turcianske-teplice\/?page_id=261"},"modified":"2023-06-27T14:59:20","modified_gmt":"2023-06-27T12:59:20","slug":"kontakt","status":"publish","type":"page","link":"https:\/\/easyautoskola.sk\/turcianske-teplice\/kontakt\/","title":{"rendered":"Kontakt"},"content":{"rendered":"<section class=\"l-section wpb_row us_custom_92d565f4 has_text_color height_medium with_shape\"><div class=\"l-section-shape type_wave pos_bottom\" style=\"height:15vmin;\"><svg xmlns=\"http:\/\/www.w3.org\/2000\/svg\" viewBox=\"0 4 64 4\" preserveAspectRatio=\"none\" width=\"100%\" height=\"100%\">\r\n\t<path fill=\"currentColor\" d=\"M64 6 C32 0 32 12 0 6 L0 8 L64 8 Z\"\/>\r\n<\/svg><\/div><div class=\"l-section-h i-cf\"><div class=\"g-cols vc_row via_grid cols_1 laptops-cols_inherit tablets-cols_inherit mobiles-cols_1 valign_top type_default stacking_default\"><div class=\"wpb_column vc_column_container\"><div class=\"vc_column-inner\"><div class=\"g-cols wpb_row via_grid cols_2 laptops-cols_inherit tablets-cols_inherit mobiles-cols_1 valign_middle type_default stacking_default\" style=\"--columns-gap:3rem;\"><div class=\"wpb_column vc_column_container\"><div class=\"vc_column-inner\"><h1 class=\"w-text us_custom_0b1fcb68 us_animate_this\"><span class=\"w-text-h\"><span class=\"w-text-value\">N\u00e1\u0161 kontakt<\/span><\/span><\/h1><div class=\"w-text us_custom_8207ffe3 us_animate_this\"><span class=\"w-text-h\"><span class=\"w-text-value\">Nap\u00ed\u0161te n\u00e1m, sme tu pre V\u00e1s<\/span><\/span><\/div><div class=\"wpb_text_column us_custom_47d40b1d us_animate_this\"><div class=\"wpb_wrapper\"><p>Radi v\u00e1s priv\u00edtame u&nbsp;n\u00e1s na pobo\u010dke v&nbsp;meste Tur\u010dianske Teplice. Na ak\u00e9ko\u013evek dotazy radi odpovieme aj telefonicky alebo mailom prostredn\u00edctvom kontaktn\u00e9ho formul\u00e1ra.<\/p>\n<\/div><\/div><\/div><\/div><div class=\"wpb_column vc_column_container\"><div class=\"vc_column-inner\"><div class=\"w-image us_custom_3e9d1bc9 us_animate_this align_center\"><div class=\"w-image-h\"><img decoding=\"async\" width=\"815\" height=\"519\" src=\"https:\/\/easyautoskola.sk\/turcianske-teplice\/wp-content\/uploads\/sites\/6\/2023\/05\/fotografia-o-nas-2.png\" class=\"attachment-large size-large\" alt=\"\" loading=\"lazy\" srcset=\"https:\/\/easyautoskola.sk\/turcianske-teplice\/wp-content\/uploads\/sites\/6\/2023\/05\/fotografia-o-nas-2.png 815w, https:\/\/easyautoskola.sk\/turcianske-teplice\/wp-content\/uploads\/sites\/6\/2023\/05\/fotografia-o-nas-2-300x191.png 300w, https:\/\/easyautoskola.sk\/turcianske-teplice\/wp-content\/uploads\/sites\/6\/2023\/05\/fotografia-o-nas-2-600x382.png 600w\" sizes=\"auto, (max-width: 815px) 100vw, 815px\" \/><\/div><\/div><\/div><\/div><\/div><\/div><\/div><\/div><\/div><\/section><section class=\"l-section wpb_row height_medium\"><div class=\"l-section-h i-cf\"><div class=\"g-cols vc_row via_grid cols_1 laptops-cols_inherit tablets-cols_inherit mobiles-cols_1 valign_top type_default stacking_default\"><div class=\"wpb_column vc_column_container\"><div class=\"vc_column-inner\"><section class=\"l-section wpb_row height_medium\"><div class=\"l-section-h i-cf\"><div class=\"g-cols vc_row via_grid cols_2 laptops-cols_inherit tablets-cols_inherit mobiles-cols_1 valign_middle type_default stacking_default\"><div class=\"wpb_column vc_column_container\"><div class=\"vc_column-inner\">\n<div class=\"wpcf7 no-js us_custom_1336431d us_animate_this\" id=\"wpcf7-f5-o1\" lang=\"sk-SK\" dir=\"ltr\" data-wpcf7-id=\"5\">\n<div class=\"screen-reader-response\"><p role=\"status\" aria-live=\"polite\" aria-atomic=\"true\"><\/p> <ul><\/ul><\/div>\n<form action=\"\/turcianske-teplice\/wp-json\/wp\/v2\/pages\/261#wpcf7-f5-o1\" method=\"post\" class=\"wpcf7-form init\" aria-label=\"Kontaktn\u00fd formul\u00e1r\" novalidate=\"novalidate\" data-status=\"init\">\n<fieldset class=\"hidden-fields-container\"><input type=\"hidden\" name=\"_wpcf7\" value=\"5\" \/><input type=\"hidden\" name=\"_wpcf7_version\" value=\"6.1.4\" \/><input type=\"hidden\" name=\"_wpcf7_locale\" value=\"sk_SK\" \/><input type=\"hidden\" name=\"_wpcf7_unit_tag\" value=\"wpcf7-f5-o1\" \/><input type=\"hidden\" name=\"_wpcf7_container_post\" value=\"0\" \/><input type=\"hidden\" name=\"_wpcf7_posted_data_hash\" value=\"\" \/><input type=\"hidden\" name=\"_wpcf7cf_hidden_group_fields\" value=\"[]\" \/><input type=\"hidden\" name=\"_wpcf7cf_hidden_groups\" value=\"[]\" \/><input type=\"hidden\" name=\"_wpcf7cf_visible_groups\" value=\"[]\" \/><input type=\"hidden\" name=\"_wpcf7cf_repeaters\" value=\"[]\" \/><input type=\"hidden\" name=\"_wpcf7cf_steps\" value=\"{}\" \/><input type=\"hidden\" name=\"_wpcf7cf_options\" value=\"{&quot;form_id&quot;:5,&quot;conditions&quot;:[],&quot;settings&quot;:{&quot;animation&quot;:&quot;yes&quot;,&quot;animation_intime&quot;:200,&quot;animation_outtime&quot;:200,&quot;conditions_ui&quot;:&quot;normal&quot;,&quot;notice_dismissed&quot;:false,&quot;notice_dismissed_update-cf7-5.9.8&quot;:true}}\" \/>\n<\/fieldset>\n<div class=\"otherColumns\">\n\t<p><span class=\"wpcf7-form-control-wrap\" data-name=\"your-name\"><input size=\"40\" maxlength=\"400\" class=\"wpcf7-form-control wpcf7-text wpcf7-validates-as-required\" autocomplete=\"name\" aria-required=\"true\" aria-invalid=\"false\" placeholder=\"Meno a priezvisko*\" value=\"\" type=\"text\" name=\"your-name\" \/><\/span>\n\t<\/p>\n<\/div>\n<div class=\"columnHalf\">\n\t<p><span class=\"wpcf7-form-control-wrap\" data-name=\"your-phone\"><input size=\"40\" maxlength=\"400\" class=\"wpcf7-form-control wpcf7-text wpcf7-validates-as-required\" aria-required=\"true\" aria-invalid=\"false\" placeholder=\"Telef\u00f3n*\" value=\"\" type=\"text\" name=\"your-phone\" \/><\/span>\n\t<\/p>\n<\/div>\n<div class=\"columnHalf\">\n\t<p><span class=\"wpcf7-form-control-wrap\" data-name=\"your-email\"><input size=\"40\" maxlength=\"400\" class=\"wpcf7-form-control wpcf7-email wpcf7-validates-as-required wpcf7-text wpcf7-validates-as-email\" autocomplete=\"email\" aria-required=\"true\" aria-invalid=\"false\" placeholder=\"E-mail*\" value=\"\" type=\"email\" name=\"your-email\" \/><\/span>\n\t<\/p>\n<\/div>\n<div class=\"otherColumns\">\n\t<p><span class=\"wpcf7-form-control-wrap\" data-name=\"your-message\"><textarea cols=\"40\" rows=\"10\" maxlength=\"2000\" class=\"wpcf7-form-control wpcf7-textarea\" aria-invalid=\"false\" name=\"your-message\"><\/textarea><\/span>\n\t<\/p>\n<\/div>\n<div class=\"otherColumns\">\n\t<p><span class=\"wpcf7-form-control-wrap\" data-name=\"acceptance-622\"><span class=\"wpcf7-form-control wpcf7-acceptance\"><span class=\"wpcf7-list-item\"><label><input type=\"checkbox\" name=\"acceptance-622\" value=\"1\" aria-invalid=\"false\" \/><span class=\"wpcf7-list-item-label\">S\u00fahlas\u00edm so z\u00e1sadami <a href=\"https:\/\/easyautoskola.sk\/zilina\/ochrana-osobnych-udajov\/\">spracovania osobn\u00fdch \u00fadajov<\/a><\/span><\/label><\/span><\/span><\/span>\n\t<\/p>\n<\/div>\n<div style=\"text-align: center;\" class=\"otherColumns\">\n\t<div class=\"cf7-cf-turnstile\" style=\"margin-top: 0px; margin-bottom: -15px;\"> <div id=\"cf-turnstile-cf7-2566546579\" class=\"cf-turnstile\" data-sitekey=\"0x4AAAAAAAQgl4e0naLHMaAK\" data-theme=\"light\" data-language=\"auto\" data-size=\"\" data-retry=\"auto\" data-retry-interval=\"1000\" data-refresh-expired=\"auto\" data-action=\"contact-form-7\" data-appearance=\"always\"><\/div> <script>document.addEventListener(\"DOMContentLoaded\", function() { setTimeout(function(){ var e=document.getElementById(\"cf-turnstile-cf7-2566546579\"); e&&!e.innerHTML.trim()&&(turnstile.remove(\"#cf-turnstile-cf7-2566546579\"), turnstile.render(\"#cf-turnstile-cf7-2566546579\", {sitekey:\"0x4AAAAAAAQgl4e0naLHMaAK\"})); }, 100); });<\/script> <br class=\"cf-turnstile-br cf-turnstile-br-cf7-2566546579\"> <style>#cf-turnstile-cf7-2566546579 { margin-left: -15px; }<\/style> <script>document.addEventListener(\"DOMContentLoaded\",function(){document.querySelectorAll('.wpcf7-form').forEach(function(e){e.addEventListener('submit',function(){if(document.getElementById('cf-turnstile-cf7-2566546579')){setTimeout(function(){turnstile.reset('#cf-turnstile-cf7-2566546579');},1000)}})})});<\/script> <\/div><br\/><input class=\"wpcf7-form-control wpcf7-submit has-spinner\" type=\"submit\" value=\"Odosla\u0165\" \/>\n\t<\/p>\n<\/div><div class=\"wpcf7-response-output\" aria-hidden=\"true\"><\/div>\n<\/form>\n<\/div>\n<\/div><\/div><div class=\"wpb_column vc_column_container\"><div class=\"vc_column-inner\"><div class=\"w-text us_custom_1e319eca has_text_color us_animate_this\"><span class=\"w-text-h\"><span class=\"w-text-value\">N\u00e1\u0161 kontakt<\/span><\/span><\/div><h2 class=\"w-text us_custom_3e9d1bc9 us_animate_this\"><span class=\"w-text-h\"><span class=\"w-text-value\">Nap\u00ed\u0161te n\u00e1m, sme tu pre V\u00e1s<\/span><\/span><\/h2><div class=\"wpb_text_column us_custom_5f34439b\"><div class=\"wpb_wrapper\"><p>Radi v\u00e1s priv\u00edtame u n\u00e1s na pobo\u010dke v meste Tur\u010dianske Teplice. Na ak\u00e9ko\u013evek dotazy radi odpovieme aj telefonicky alebo mailom prostredn\u00edctvom kontaktn\u00e9ho formul\u00e1ra.<\/p>\n<\/div><\/div><div class=\"w-separator size_medium\"><\/div><div class=\"w-vwrapper align_none valign_top\"><div class=\"w-iconbox us_custom_ca969f17 us_animate_this iconpos_left style_default color_primary align_left no_title\"><div class=\"w-iconbox-icon\" style=\"font-size:1.5rem;\"><i class=\"fal fa-map-marker-alt\"><\/i><\/div><div class=\"w-iconbox-meta\"><div class=\"w-iconbox-text\"><p>H\u00e1jska cesta 549\/2, 039 01 Tur\u010dianske Teplice<\/p>\n<\/div><\/div><\/div><div class=\"w-iconbox us_custom_0b1840d7 us_animate_this iconpos_left style_default color_primary align_left no_title\"><div class=\"w-iconbox-icon\" style=\"font-size:1.5rem;\"><i class=\"fal fa-phone-alt\"><\/i><\/div><div class=\"w-iconbox-meta\"><div class=\"w-iconbox-text\"><p>0948 780 788<\/p>\n<\/div><\/div><\/div><div class=\"w-iconbox us_custom_98e0b411 us_animate_this iconpos_left style_default color_primary align_left no_title\"><div class=\"w-iconbox-icon\" style=\"font-size:1.5rem;\"><i class=\"fal fa-envelope\"><\/i><\/div><div class=\"w-iconbox-meta\"><div class=\"w-iconbox-text\"><p>tr@easyautoskola.sk<\/p>\n<\/div><\/div><\/div><\/div><div class=\"w-separator size_medium\"><\/div><div class=\"g-cols wpb_row via_grid cols_2 laptops-cols_inherit tablets-cols_inherit mobiles-cols_1 valign_top type_default stacking_default\" style=\"--columns-gap:3rem;\"><div class=\"wpb_column vc_column_container us_custom_8c71efed us_animate_this\"><div class=\"vc_column-inner\"><h6 class=\"w-text\"><span class=\"w-text-h\"><span class=\"w-text-value\">Bankov\u00e9 spojenie<\/span><\/span><\/h6><div class=\"wpb_text_column\"><div class=\"wpb_wrapper\"><p><strong>Banka:<\/strong> \u010cSOB, a.s.<br \/>\n<strong>IBAN:<\/strong> SK09 7500 0000 0040 2595 2292<br \/>\n<strong>Pozn\u00e1mka:<\/strong> Meno a priezvisko<\/p>\n<\/div><\/div><\/div><\/div><div class=\"wpb_column vc_column_container us_custom_2a9ba11a us_animate_this\"><div class=\"vc_column-inner\"><h6 class=\"w-text\"><span class=\"w-text-h\"><span class=\"w-text-value\">Soci\u00e1lne siete<\/span><\/span><\/h6><div class=\"wpb_text_column\"><div class=\"wpb_wrapper\"><p>Facebook: <a href=\"https:\/\/www.facebook.com\/easyautoskolaturciansketeplice\" target=\"_blank\" rel=\"noopener\">Easy Auto\u0161kola Tur\u010diansk\u00e9 Teplice<\/a><br \/>\nInstagram: <a href=\"https:\/\/www.instagram.com\/easyautoskolatr\/\" target=\"_blank\" rel=\"noopener\">easyautoskolatr<\/a><br \/>\nYouTube: <a href=\"https:\/\/www.youtube.com\/channel\/UCofCNbhAHSirlEY5V1tcj0g\" target=\"_blank\" rel=\"noopener\">Easy Auto\u0161kola<\/a><\/p>\n<\/div><\/div><\/div><\/div><\/div><div class=\"w-separator size_medium\"><\/div><div class=\"g-cols wpb_row via_grid cols_1 laptops-cols_inherit tablets-cols_inherit mobiles-cols_1 valign_top type_default stacking_default\" style=\"--columns-gap:3rem;\"><div class=\"wpb_column vc_column_container us_custom_8c71efed us_animate_this\"><div class=\"vc_column-inner\"><h6 class=\"w-text\"><span class=\"w-text-h\"><span class=\"w-text-value\">Otv\u00e1racie hodiny<\/span><\/span><\/h6><div class=\"wpb_text_column\"><div class=\"wpb_wrapper\"><p>Pondelok &#8211; piatok: <strong>dohodou<\/strong> na tel. \u010d\u00edsle: 0948 780 788<\/p>\n<\/div><\/div><\/div><\/div><\/div><\/div><\/div><\/div><\/div><\/section>\n<\/div><\/div><\/div><\/div><\/section>\n","protected":false},"excerpt":{"rendered":"N\u00e1\u0161 kontaktNap\u00ed\u0161te n\u00e1m, sme tu pre V\u00e1sRadi v\u00e1s priv\u00edtame u n\u00e1s na pobo\u010dke v meste Tur\u010dianske Teplice. Na ak\u00e9ko\u013evek dotazy radi odpovieme aj telefonicky alebo mailom prostredn\u00edctvom kontaktn\u00e9ho formul\u00e1ra. S\u00fahlas\u00edm so z\u00e1sadami spracovania osobn\u00fdch \u00fadajov N\u00e1\u0161 kontaktNap\u00ed\u0161te n\u00e1m, sme tu pre V\u00e1sRadi v\u00e1s priv\u00edtame u n\u00e1s na pobo\u010dke v meste Tur\u010dianske Teplice. Na ak\u00e9ko\u013evek dotazy...","protected":false},"author":1,"featured_media":0,"parent":0,"menu_order":0,"comment_status":"closed","ping_status":"closed","template":"","meta":{"_acf_changed":false,"footnotes":""},"class_list":["post-261","page","type-page","status-publish","hentry"],"acf":[],"publishpress_future_action":{"enabled":false,"date":"2026-05-02 14:24:15","action":"change-status","newStatus":"draft","terms":[],"taxonomy":"","extraData":[]},"publishpress_future_workflow_manual_trigger":{"enabledWorkflows":[]},"_links":{"self":[{"href":"https:\/\/easyautoskola.sk\/turcianske-teplice\/wp-json\/wp\/v2\/pages\/261","targetHints":{"allow":["GET"]}}],"collection":[{"href":"https:\/\/easyautoskola.sk\/turcianske-teplice\/wp-json\/wp\/v2\/pages"}],"about":[{"href":"https:\/\/easyautoskola.sk\/turcianske-teplice\/wp-json\/wp\/v2\/types\/page"}],"author":[{"embeddable":true,"href":"https:\/\/easyautoskola.sk\/turcianske-teplice\/wp-json\/wp\/v2\/users\/1"}],"replies":[{"embeddable":true,"href":"https:\/\/easyautoskola.sk\/turcianske-teplice\/wp-json\/wp\/v2\/comments?post=261"}],"version-history":[{"count":9,"href":"https:\/\/easyautoskola.sk\/turcianske-teplice\/wp-json\/wp\/v2\/pages\/261\/revisions"}],"predecessor-version":[{"id":717,"href":"https:\/\/easyautoskola.sk\/turcianske-teplice\/wp-json\/wp\/v2\/pages\/261\/revisions\/717"}],"wp:attachment":[{"href":"https:\/\/easyautoskola.sk\/turcianske-teplice\/wp-json\/wp\/v2\/media?parent=261"}],"curies":[{"name":"wp","href":"https:\/\/api.w.org\/{rel}","templated":true}]}}