{"id":295,"date":"2023-05-09T14:37:17","date_gmt":"2023-05-09T12:37:17","guid":{"rendered":"https:\/\/easyautoskola.sk\/turcianske-teplice\/?page_id=295"},"modified":"2025-11-21T12:44:56","modified_gmt":"2025-11-21T11:44:56","slug":"akcie-a-novinky","status":"publish","type":"page","link":"https:\/\/easyautoskola.sk\/turcianske-teplice\/akcie-a-novinky\/","title":{"rendered":"Akcie a&nbsp;novinky"},"content":{"rendered":"<section class=\"l-section wpb_row us_custom_1f257949 height_medium color_alternate\"><div class=\"l-section-h i-cf\"><div class=\"g-cols vc_row via_grid cols_1 laptops-cols_inherit tablets-cols_inherit mobiles-cols_1 valign_top type_default stacking_default\"><div class=\"wpb_column vc_column_container us_custom_09556a16\"><div class=\"vc_column-inner\"><h2 class=\"w-text us_custom_eb849559\"><span class=\"w-text-h\"><span class=\"w-text-value\">\u010eal\u0161ie v\u00fdhodn\u00e9 ponuky<\/span><\/span><\/h2><div class=\"g-cols wpb_row us_custom_22f8fa71 via_grid cols_1-4 laptops-cols_inherit tablets-cols_inherit mobiles-cols_1 valign_top type_boxes stacking_default\" style=\"--columns-gap:1.2rem;\"><div class=\"wpb_column vc_column_container us_custom_eb849559\"><div class=\"vc_column-inner\"><div class=\"w-image us_custom_2f2a68e7 align_center\"><div class=\"w-image-h\"><img decoding=\"async\" class=\"g-placeholder\" src=\"https:\/\/easyautoskola.sk\/turcianske-teplice\/wp-content\/plugins\/us-core\/assets\/images\/placeholder.svg\" width=\"\" height=\"\" alt><\/div><\/div><\/div><\/div><div class=\"wpb_column vc_column_container\"><div class=\"vc_column-inner\"><div class=\"wpb_text_column us_custom_d1d3b3c6\"><div class=\"wpb_wrapper\"><h3>Z\u013eava pri platbe prevodom<\/h3>\n<p>\u0160peci\u00e1lnu z\u013eavu <strong>20 EUR<\/strong> z\u00edska\u0161, ke\u010f za kurz zaplat\u00ed\u0161 platbou prevodom na bankov\u00fd \u00fa\u010det. Je potrebn\u00e9 uhradi\u0165 pln\u00fa sumu kurzu. Z\u013eava neplat\u00ed na u\u017e z\u013eavnen\u00e9 kurzy.<\/p>\n<\/div><\/div><\/div><\/div><\/div><div class=\"w-separator size_medium\"><\/div><div class=\"g-cols wpb_row us_custom_22f8fa71 via_grid cols_1-4 laptops-cols_inherit tablets-cols_inherit mobiles-cols_1 valign_top type_boxes stacking_default\" style=\"--columns-gap:1.2rem;\"><div class=\"wpb_column vc_column_container us_custom_eb849559\"><div class=\"vc_column-inner\"><div class=\"w-image us_custom_2f2a68e7 align_center\"><div class=\"w-image-h\"><img decoding=\"async\" class=\"g-placeholder\" src=\"https:\/\/easyautoskola.sk\/turcianske-teplice\/wp-content\/plugins\/us-core\/assets\/images\/placeholder.svg\" width=\"\" height=\"\" alt><\/div><\/div><\/div><\/div><div class=\"wpb_column vc_column_container\"><div class=\"vc_column-inner\"><div class=\"wpb_text_column us_custom_d1d3b3c6\"><div class=\"wpb_wrapper\"><h3>Skupinov\u00e1 z\u013eava<\/h3>\n<p>Dodato\u010dn\u00e1 z\u013eava pre teba, kamar\u00e1tov, kolegov alebo rodinu na kurz EASY \u0160tandard!<\/p>\n<ul>\n<li>5 os\u00f4b = <strong>z\u013eava 5&nbsp;%<\/strong> z&nbsp;ceny kurzu<\/li>\n<li>10 os\u00f4b = <strong>z\u013eava 10&nbsp;%<\/strong> z&nbsp;ceny kurzu<\/li>\n<li>15 os\u00f4b = <strong>z\u013eava 15&nbsp;%<\/strong> z&nbsp;ceny kurzu<\/li>\n<\/ul>\n<p>Napr\u00edklad, pri po\u010dte 10 prihl\u00e1sen\u00fdch os\u00f4b sa cena kurzu 900,- EUR zn\u00ed\u017ei o&nbsp;10&nbsp;% (90,- EUR) pre ka\u017ed\u00e9ho \u00fa\u010dastn\u00edka. V\u00fdsledn\u00e1 cena za kurz je tak 810,- EUR.<\/p>\n<p><strong>Podmienky:<\/strong> Z\u013eava sa vz\u0165ahuje na kurz EASY \u0160tandard. Minim\u00e1lny po\u010det prihl\u00e1sen\u00fdch pre udelenie z\u013eavy s\u00fa 4 \u017eiaci. Percento z\u013eavy sa zvy\u0161uje \u00famerne s\u00a0po\u010dtom os\u00f4b, napr\u00edklad pri po\u010dte 7 os\u00f4b je miera z\u013eavy 7% z\u00a0ceny kurzu. Horn\u00e1 hranica pre z\u013eavu je 20% pri po\u010dte 20 prihl\u00e1sen\u00fdch os\u00f4b. Pre platnos\u0165 skupinovej registr\u00e1cie je potrebn\u00e9, aby ka\u017ed\u00fd \u010dlen zaplatil z\u00e1lohu v\u00a0stanovenom term\u00edne. Akcia EASY Skupina nie je \u010dasovo obmedzen\u00e1 a\u00a0je platn\u00e1 do odvolania.<\/p>\n<\/div><\/div><\/div><\/div><\/div><\/div><\/div><div class=\"wpb_column vc_column_container us_custom_09556a16\"><div class=\"vc_column-inner\"><\/div><\/div><\/div><\/div><\/section>\n","protected":false},"excerpt":{"rendered":"\u010eal\u0161ie v\u00fdhodn\u00e9 ponukyZ\u013eava pri platbe prevodom \u0160peci\u00e1lnu z\u013eavu 20 EUR z\u00edska\u0161, ke\u010f za kurz zaplat\u00ed\u0161 platbou prevodom na bankov\u00fd \u00fa\u010det. Je potrebn\u00e9 uhradi\u0165 pln\u00fa sumu kurzu. Z\u013eava neplat\u00ed na u\u017e z\u013eavnen\u00e9 kurzy. Skupinov\u00e1 z\u013eava Dodato\u010dn\u00e1 z\u013eava pre teba, kamar\u00e1tov, kolegov alebo rodinu na kurz EASY \u0160tandard! 5 os\u00f4b = z\u013eava 5 % z ceny kurzu...","protected":false},"author":1,"featured_media":0,"parent":0,"menu_order":0,"comment_status":"closed","ping_status":"closed","template":"","meta":{"_acf_changed":false,"footnotes":""},"class_list":["post-295","page","type-page","status-publish","hentry"],"acf":[],"publishpress_future_action":{"enabled":false,"date":"2026-05-02 14:24:43","action":"change-status","newStatus":"draft","terms":[],"taxonomy":"","extraData":[]},"publishpress_future_workflow_manual_trigger":{"enabledWorkflows":[]},"_links":{"self":[{"href":"https:\/\/easyautoskola.sk\/turcianske-teplice\/wp-json\/wp\/v2\/pages\/295","targetHints":{"allow":["GET"]}}],"collection":[{"href":"https:\/\/easyautoskola.sk\/turcianske-teplice\/wp-json\/wp\/v2\/pages"}],"about":[{"href":"https:\/\/easyautoskola.sk\/turcianske-teplice\/wp-json\/wp\/v2\/types\/page"}],"author":[{"embeddable":true,"href":"https:\/\/easyautoskola.sk\/turcianske-teplice\/wp-json\/wp\/v2\/users\/1"}],"replies":[{"embeddable":true,"href":"https:\/\/easyautoskola.sk\/turcianske-teplice\/wp-json\/wp\/v2\/comments?post=295"}],"version-history":[{"count":13,"href":"https:\/\/easyautoskola.sk\/turcianske-teplice\/wp-json\/wp\/v2\/pages\/295\/revisions"}],"predecessor-version":[{"id":1296,"href":"https:\/\/easyautoskola.sk\/turcianske-teplice\/wp-json\/wp\/v2\/pages\/295\/revisions\/1296"}],"wp:attachment":[{"href":"https:\/\/easyautoskola.sk\/turcianske-teplice\/wp-json\/wp\/v2\/media?parent=295"}],"curies":[{"name":"wp","href":"https:\/\/api.w.org\/{rel}","templated":true}]}}