{"id":310,"date":"2023-05-10T08:54:24","date_gmt":"2023-05-10T06:54:24","guid":{"rendered":"https:\/\/easyautoskola.sk\/turcianske-teplice\/?page_id=310"},"modified":"2023-05-10T14:29:26","modified_gmt":"2023-05-10T12:29:26","slug":"otazky","status":"publish","type":"page","link":"https:\/\/easyautoskola.sk\/turcianske-teplice\/otazky\/","title":{"rendered":"Ot\u00e1zky"},"content":{"rendered":"<section class=\"l-section wpb_row us_custom_92d565f4 has_text_color height_medium with_shape\"><div class=\"l-section-shape type_wave pos_bottom\" style=\"height:15vmin;\"><svg xmlns=\"http:\/\/www.w3.org\/2000\/svg\" viewBox=\"0 4 64 4\" preserveAspectRatio=\"none\" width=\"100%\" height=\"100%\">\r\n\t<path fill=\"currentColor\" d=\"M64 6 C32 0 32 12 0 6 L0 8 L64 8 Z\"\/>\r\n<\/svg><\/div><div class=\"l-section-h i-cf\"><div class=\"g-cols vc_row via_grid cols_1 laptops-cols_inherit tablets-cols_inherit mobiles-cols_1 valign_top type_default stacking_default\"><div class=\"wpb_column vc_column_container\"><div class=\"vc_column-inner\"><div class=\"g-cols wpb_row via_grid cols_2 laptops-cols_inherit tablets-cols_inherit mobiles-cols_1 valign_middle type_default stacking_default\" style=\"--columns-gap:3rem;\"><div class=\"wpb_column vc_column_container\"><div class=\"vc_column-inner\"><h1 class=\"w-text us_custom_0b1fcb68 us_animate_this\"><span class=\"w-text-h\"><span class=\"w-text-value\">Ot\u00e1zky a odpovede<\/span><\/span><\/h1><div class=\"w-text us_custom_8207ffe3 us_animate_this\"><span class=\"w-text-h\"><span class=\"w-text-value\">N\u00c1JDITE ODPOVE\u010e NA SVOJU OT\u00c1ZKU<\/span><\/span><\/div><div class=\"wpb_text_column us_custom_47d40b1d us_animate_this\"><div class=\"wpb_wrapper\"><p>V tomto EASY manu\u00e1li n\u00e1jde\u0161 odpovede na ot\u00e1zky, ktor\u00e9 sa n\u00e1s z\u00e1ujemci o\u00a0vodi\u010d\u00e1k naj\u010dastej\u0161ie p\u00fdtaj\u00fa:<\/p>\n<\/div><\/div><\/div><\/div><div class=\"wpb_column vc_column_container\"><div class=\"vc_column-inner\"><div class=\"w-image us_custom_3e9d1bc9 us_animate_this align_center\"><div class=\"w-image-h\"><img decoding=\"async\" width=\"815\" height=\"519\" src=\"https:\/\/easyautoskola.sk\/turcianske-teplice\/wp-content\/uploads\/sites\/6\/2023\/05\/fotografia-o-nas-2.png\" class=\"attachment-large size-large\" alt=\"\" loading=\"lazy\" srcset=\"https:\/\/easyautoskola.sk\/turcianske-teplice\/wp-content\/uploads\/sites\/6\/2023\/05\/fotografia-o-nas-2.png 815w, https:\/\/easyautoskola.sk\/turcianske-teplice\/wp-content\/uploads\/sites\/6\/2023\/05\/fotografia-o-nas-2-300x191.png 300w, https:\/\/easyautoskola.sk\/turcianske-teplice\/wp-content\/uploads\/sites\/6\/2023\/05\/fotografia-o-nas-2-600x382.png 600w\" sizes=\"auto, (max-width: 815px) 100vw, 815px\" \/><\/div><\/div><\/div><\/div><\/div><\/div><\/div><\/div><\/div><\/section><section class=\"l-section wpb_row height_medium\"><div class=\"l-section-h i-cf\"><div class=\"g-cols vc_row via_grid cols_1 laptops-cols_1 tablets-cols_1 mobiles-cols_1 valign_top type_default stacking_default\"><div class=\"wpb_column vc_column_container\"><div class=\"vc_column-inner\"><div class=\"g-cols wpb_row via_grid cols_3-2 laptops-cols_2 tablets-cols_1 mobiles-cols_1 valign_top type_default stacking_default\" style=\"--columns-gap:3rem;\"><div class=\"wpb_column vc_column_container\"><div class=\"vc_column-inner\"><div class=\"w-tabs style_default switch_click accordion remove_indents\"><div class=\"w-tabs-sections titles-align_none icon_triangle cpos_right\"><div class=\"w-tabs-section\" id=\"c40c\"><button class=\"w-tabs-section-header\" aria-controls=\"content-c40c\" aria-expanded=\"false\"><h6 class=\"w-tabs-section-title\">Ako si vybra\u0165 ten spr\u00e1vny kurz?<\/h6><div class=\"w-tabs-section-control\"><\/div><\/button><div  class=\"w-tabs-section-content\" id=\"content-c40c\"><div class=\"w-tabs-section-content-h i-cf\"><div class=\"wpb_text_column\"><div class=\"wpb_wrapper\"><p>V ponuke EASY auto\u0161koly n\u00e1jde\u0161 hne\u010f nieko\u013eko kurzov na z\u00edskanie vodi\u010dsk\u00e9ho opr\u00e1vnenia. Ako si v\u0161ak vybra\u0165 ten spr\u00e1vny a\u00a0ak\u00e9 s\u00fa medzi nimi rozdiely? Ver\u00edm, \u017ee tento \u010dl\u00e1nok ti pom\u00f4\u017ee s\u00a0v\u00fdberom toho spr\u00e1vneho kurzu pre teba.<\/p>\n<h6>EASY \u0160tandard = be\u017en\u00fd kurz<\/h6>\n<p>Be\u017en\u00fd, z\u00e1kladn\u00fd, \u0161tandard kurz. M\u00e1 ho ka\u017ed\u00e1 auto\u0161kola.<\/p>\n<h6>Obsah kurzu:<\/h6>\n<ul>\n<li>32 vyu\u010dovac\u00edch hod\u00edn teoretickej v\u00fduky<\/li>\n<li>39 vyu\u010dovac\u00edch hod\u00edn praktick\u00e9ho v\u00fdcviku<\/li>\n<li>Kurz prvej pomoci<\/li>\n<\/ul>\n<h6>V cene kurzu nie s\u00fa:<\/h6>\n<ul>\n<li>Kolky<\/li>\n<li>Zdravotn\u00e1 pr\u00edprava<\/li>\n<\/ul>\n<p>\u017diadne skryt\u00e9 poplatky \u0165a ne\u010dakaj\u00fa. Ak v\u0161ak neurob\u00ed\u0161 sk\u00fa\u0161ky na prv\u00fd pokus, plat\u00ed sa za opakovan\u00fa sk\u00fa\u0161ku.<\/p>\n<h6>EASY \u0160tudent = pre \u0161tudentov vybran\u00fdch \u0161k\u00f4l<\/h6>\n<p>EASY \u0160tudent je ur\u010den\u00fd pre \u0161tudentov vybran\u00fdch stredn\u00fdch \u0161k\u00f4l:<\/p>\n<ul>\n<li>Spojenej \u0161koly na Rosinskej ceste v\u00a0\u017diline<\/li>\n<li>Spojenej \u0161kole Kr\u00e1\u013eovnej pokoja v\u00a0\u017diline<\/li>\n<li>Gymn\u00e1zia na Hlinskej v\u00a0\u017diline<\/li>\n<\/ul>\n<p>Tento kurz m\u00f4\u017eu absolvova\u0165 len \u0161tudenti, pedag\u00f3govia (a\u00a0ich rodinn\u00ed pr\u00edslu\u0161n\u00edci) vybran\u00fdch \u0161k\u00f4l. Ak m\u00e1\u0161 z\u00e1ujem z\u00edska\u0165 z\u013eavu, pozvi n\u00e1s na svoju \u0161kolu a\u00a0ak sa n\u00e1m podar\u00ed dohodn\u00fa\u0165 spolupr\u00e1cu, z\u013eava je tvoja.<\/p>\n<h6>EASY Individu\u00e1l = \u201cjeden na jedn\u00e9ho\u201d<\/h6>\n<p>EASY Individu\u00e1l je z\u00e1kladn\u00fd kurz, ktor\u00fd je <strong>zr\u00fdchlen\u00fd a\u00a0\u010dasovo prisp\u00f4soben\u00fd tvoj\u00edm potreb\u00e1m<\/strong>. Te\u00f3rie aj prax m\u00e1va\u0161 v\u00fdlu\u010dne ty s\u00e1m s\u00a0in\u0161truktorom.<\/p>\n<h6><strong>Pre koho je kurz ur\u010den\u00fd:<\/strong><\/h6>\n<ul>\n<li>\u010dasovo vy\u0165a\u017een\u00ed a\u00a0zanepr\u00e1zdnen\u00ed: nest\u00edhal by si be\u017en\u00fd kurz kv\u00f4li \u0161kole, pr\u00e1ci \u010di rodine<\/li>\n<li>R\u00fdchli: kurz je ukon\u010den\u00fd do 21\u00a0dn\u00ed<\/li>\n<li>N\u00e1ro\u010dn\u00ed: uv\u00edta\u0161 indi-vindi pr\u00edstup, vyhovuje ti ke\u010f sa ti in\u0161truktor osobitne venuje<\/li>\n<li>Slab\u0161\u00ed: nesedel si e\u0161te v\u00a0aute, \u0161of\u00e9rovanie ti nah\u00e1\u0148a strach av\u0161ak vodi\u010d\u00e1k potrebuje\u0161<\/li>\n<\/ul>\n<h6><strong>\u010c\u00edm sa kurz odli\u0161uje?<\/strong><\/h6>\n<ul>\n<li>te\u00f3rie absolvuje\u0161 v\u00a0\u010dase, ktor\u00fd vyhovuje tebe<\/li>\n<li>jazdy sa pl\u00e1nuj\u00fa pod\u013ea tvojho kalend\u00e1ra<\/li>\n<li>individu\u00e1lny pr\u00edstup: in\u0161truktor m\u00e1 priestor aj \u010das sa ti venova\u0165 naplno<\/li>\n<li>Je r\u00fdchlej\u0161\u00ed ako \u0161tandardn\u00fd kurz (ukon\u010den\u00fd do 21\u00a0dn\u00ed)<\/li>\n<\/ul>\n<h6>EASY Komplet = v\u0161etko v\u00a0cene<\/h6>\n<p>EASY Komplet je \u0161tandardn\u00fd kurz, ktor\u00fd <strong>obsahuje kolky a\u00a0zdravotn\u00fa pr\u00edpravu v\u00a0cene<\/strong>. Tento kurz \u0165a odbremen\u00ed od \u010fal\u0161\u00edch formal\u00edt a\u00a0u\u013eah\u010d\u00ed ti \u017eivot. Najviac sa podob\u00e1 EASY \u0161tandardn\u00e9mu kurzu.<\/p>\n<h6>EASY Zr\u00fdchlen\u00fd = ke\u010f sa pon\u00e1h\u013ea\u0161<\/h6>\n<p>EASY Zr\u00fdchlen\u00fd je \u0161tandardn\u00fd kurz s\u00a0r\u00fdchlym ukon\u010den\u00edm pre t\u00fdch, ktor\u00ed sa pon\u00e1h\u013eaj\u00fa. Te\u00f3rie absolvuje\u0161 s\u00a0ostatn\u00fdmi, av\u0161ak tvoj praktick\u00fd v\u00fdcvik bude r\u00fdchlej\u0161ie ukon\u010den\u00fd \u2013 do 21\u00a0dn\u00ed. Tak\u017ee ak sa kamsi pon\u00e1h\u013ea\u0161, toto je kurz pre teba.<\/p>\n<h6>EASY English = English speaking<\/h6>\n<p>Kurz EASY English je ur\u010den\u00fd pre anglicky hovoriacich z\u00e1ujemcov. Teoretick\u00e1 v\u00fduka, praktick\u00fd v\u00fdcvik aj testy prebiehaj\u00fa v\u00a0angli\u010dtine.<\/p>\n<\/div><\/div><\/div><\/div><\/div><div class=\"w-tabs-section\" id=\"b162\"><button class=\"w-tabs-section-header\" aria-controls=\"content-b162\" aria-expanded=\"false\"><h6 class=\"w-tabs-section-title\">\u010co je obsahom kurzu?<\/h6><div class=\"w-tabs-section-control\"><\/div><\/button><div  class=\"w-tabs-section-content\" id=\"content-b162\"><div class=\"w-tabs-section-content-h i-cf\"><div class=\"wpb_text_column\"><div class=\"wpb_wrapper\"><h6>Te\u00f3ria<\/h6>\n<p>Teoretick\u00e1 v\u00fduka prebieha v\u017edy v\u00a0u\u010debni auto\u0161koly, zvy\u010dajne jedenkr\u00e1t do t\u00fd\u017ed\u0148a, v\u00a0poobed\u0148aj\u0161\u00edch hodin\u00e1ch.<\/p>\n<h6>Jazdy<\/h6>\n<p>Jazdy si pl\u00e1nuje\u0161 pod\u013ea dohody so svoj\u00edm in\u0161truktorom. Ke\u010f vy\u010derp\u00e1\u0161 jazdy v\u00a0cene kurzu m\u00f4\u017ee\u0161 si\u00a0 priplati\u0165 doplnkov\u00fd v\u00fdcvik.<\/p>\n<h6>Kurz prvej pomoci<\/h6>\n<p>Obsahom je zdravotn\u00e1 pr\u00edprava, aby si vedel zvl\u00e1da\u0165 n\u00e1ro\u010dn\u00e9 situ\u00e1cie pri dopravn\u00fdch nehod\u00e1ch a\u00a0vedel si v\u010das a\u00a0dobre pom\u00f4c\u0165 sebe aj druh\u00fdm.<\/p>\n<h6>Sk\u00fa\u0161ky<\/h6>\n<p>Po absolvovan\u00ed predp\u00edsan\u00fdch hod\u00edn v\u00fdcviku \u0165a prihl\u00e1sime na sk\u00fa\u0161ky. Na sk\u00fa\u0161ky m\u00e1\u0161 tri pokusy. Ak neurob\u00ed\u0161 sk\u00fa\u0161ky ani na tret\u00ed pokus, mus\u00ed\u0161 absolvova\u0165 cel\u00fd kurz odznova.<\/p>\n<h6>Ako si spr\u00e1vne vybra\u0165?<\/h6>\n<p>Najsk\u00f4r si ujasni svoje potreby, mo\u017enosti \u010di schopnosti a\u00a0na z\u00e1klade nich si m\u00f4\u017ee\u0161 vyh\u013eada\u0165 vhodn\u00fd kurz pre teba. V\u00a0tabu\u013ek\u00e1ch si pozri zjednodu\u0161en\u00fd preh\u013ead rozdielov v\u00a0kurzoch. N\u00e1jdi ten spr\u00e1vny kurz pod\u013ea svojich potrieb:<\/p>\n<p><img loading=\"lazy\" decoding=\"async\" width=\"720\" height=\"311\" class=\"aligncenter wp-image-379 size-full\" src=\"https:\/\/easyautoskola.sk\/turcianske-teplice\/wp-content\/uploads\/sites\/6\/2023\/05\/prehlad_kurzov.jpg\" alt=\"\" srcset=\"https:\/\/easyautoskola.sk\/turcianske-teplice\/wp-content\/uploads\/sites\/6\/2023\/05\/prehlad_kurzov.jpg 720w, https:\/\/easyautoskola.sk\/turcianske-teplice\/wp-content\/uploads\/sites\/6\/2023\/05\/prehlad_kurzov-300x130.jpg 300w, https:\/\/easyautoskola.sk\/turcianske-teplice\/wp-content\/uploads\/sites\/6\/2023\/05\/prehlad_kurzov-600x259.jpg 600w\" sizes=\"auto, (max-width: 720px) 100vw, 720px\" \/><\/p>\n<p><img loading=\"lazy\" decoding=\"async\" width=\"720\" height=\"311\" class=\"aligncenter wp-image-380 size-full\" src=\"https:\/\/easyautoskola.sk\/turcianske-teplice\/wp-content\/uploads\/sites\/6\/2023\/05\/tvoje_potreby.jpg\" alt=\"\" srcset=\"https:\/\/easyautoskola.sk\/turcianske-teplice\/wp-content\/uploads\/sites\/6\/2023\/05\/tvoje_potreby.jpg 720w, https:\/\/easyautoskola.sk\/turcianske-teplice\/wp-content\/uploads\/sites\/6\/2023\/05\/tvoje_potreby-300x130.jpg 300w, https:\/\/easyautoskola.sk\/turcianske-teplice\/wp-content\/uploads\/sites\/6\/2023\/05\/tvoje_potreby-600x259.jpg 600w\" sizes=\"auto, (max-width: 720px) 100vw, 720px\" \/><\/p>\n<\/div><\/div><\/div><\/div><\/div><div class=\"w-tabs-section\" id=\"g4a6\"><button class=\"w-tabs-section-header\" aria-controls=\"content-g4a6\" aria-expanded=\"false\"><h6 class=\"w-tabs-section-title\">Ako dlho trv\u00e1 kurz ?<\/h6><div class=\"w-tabs-section-control\"><\/div><\/button><div  class=\"w-tabs-section-content\" id=\"content-g4a6\"><div class=\"w-tabs-section-content-h i-cf\"><div class=\"wpb_text_column\"><div class=\"wpb_wrapper\"><p>Kurz na z\u00edskanie vodi\u010dsk\u00e9ho opr\u00e1vnenia trv\u00e1 <strong>od 21\u00a0dn\u00ed do 6 mesiacov,<\/strong> pod\u013ea typu kurzu. Na d\u013a\u017eku kurzu m\u00e1 vplyv aj moment\u00e1lna situ\u00e1cia ako napr. protiepidemiologick\u00e9 opatrenia, ktor\u00e9 n\u00e1m m\u00f4\u017eu znemo\u017eni\u0165 pokra\u010dova\u0165 vo v\u00fdcviku, pr\u00edp. vy\u0165a\u017eenos\u0165 in\u0161truktorov. D\u013a\u017eka trvania kurzu sa po\u010d\u00edta od jeho za\u010datia.<\/p>\n<ul>\n<li>EASY \u0160tandard, Komplet, \u0160tudent = pribli\u017ene 6 mesiacov<\/li>\n<li>EASY Individu\u00e1l = 21\u00a0dn\u00ed<\/li>\n<li>EASY Zr\u00fdchlen\u00fd, English = 21\u00a0dn\u00ed a\u017e 3 mesiace<\/li>\n<\/ul>\n<\/div><\/div><\/div><\/div><\/div><div class=\"w-tabs-section\" id=\"b77b\"><button class=\"w-tabs-section-header\" aria-controls=\"content-b77b\" aria-expanded=\"false\"><h6 class=\"w-tabs-section-title\">\u010co potrebujem pri prihl\u00e1sen\u00ed do kurzu?<\/h6><div class=\"w-tabs-section-control\"><\/div><\/button><div  class=\"w-tabs-section-content\" id=\"content-b77b\"><div class=\"w-tabs-section-content-h i-cf\"><div class=\"wpb_text_column\"><div class=\"wpb_wrapper\"><p>1. Potrebova\u0165 bude\u0161 dva (vyp\u00edsan\u00e9 a\u00a0potvrden\u00e9) formul\u00e1re:<\/p>\n<ul>\n<li><strong>Prihl\u00e1\u0161ku<\/strong><\/li>\n<li><strong>\u017diados\u0165 o\u00a0udelenie VO<\/strong><\/li>\n<\/ul>\n<p>Oba dokumenty si m\u00f4\u017ee\u0161 stiahnu\u0165 zo <a href=\"\/zilina\/dokumenty-na-stiahnutie\/\">str\u00e1nky<\/a>.\u00a0 Info o\u00a0tom ako ich spr\u00e1vne vyplni\u0165 n\u00e1jde\u0161 <a href=\"\/zilina\/ako-spravne-vyplnit-tlaciva\/\">v tomto \u010dl\u00e1nku<\/a>. Prihl\u00e1si\u0165 sa m\u00f4\u017ee\u0161 aj <a href=\"\/zilina\/prihlaska\/\">online<\/a>. N\u00e1sledne \u0165a budeme kontaktova\u0165.<\/p>\n<p>2. Zaplaten\u00fa z\u00e1lohu alebo <a href=\"\/zilina\/eshop\/\">cel\u00fd kurz.<\/a><\/p>\n<\/div><\/div><\/div><\/div><\/div><div class=\"w-tabs-section\" id=\"t999\"><button class=\"w-tabs-section-header\" aria-controls=\"content-t999\" aria-expanded=\"false\"><h6 class=\"w-tabs-section-title\">Je mo\u017en\u00e9 absolvova\u0165 kurz aj nesk\u00f4r?<\/h6><div class=\"w-tabs-section-control\"><\/div><\/button><div  class=\"w-tabs-section-content\" id=\"content-t999\"><div class=\"w-tabs-section-content-h i-cf\"><div class=\"wpb_text_column\"><div class=\"wpb_wrapper\"><p>\u00c1no. Term\u00edn za\u010diatku kurzu si m\u00f4\u017ee\u0161 zvoli\u0165. Napr. ak sa prihl\u00e1si\u0161 v\u00a0auguste, ale kurz chce\u0161 za\u010da\u0165 a\u017e v\u00a0decembri, je to \u00faplne v\u00a0poriadku.<\/p>\n<\/div><\/div><\/div><\/div><\/div><div class=\"w-tabs-section\" id=\"nbf2\"><button class=\"w-tabs-section-header\" aria-controls=\"content-nbf2\" aria-expanded=\"false\"><h6 class=\"w-tabs-section-title\">Ak\u00e1 je cena kurzu ?<\/h6><div class=\"w-tabs-section-control\"><\/div><\/button><div  class=\"w-tabs-section-content\" id=\"content-nbf2\"><div class=\"w-tabs-section-content-h i-cf\"><div class=\"wpb_text_column\"><div class=\"wpb_wrapper\"><p>Cena z\u00e1kladn\u00e9ho kurzu je 899 \u20ac. Cena sa odv\u00edja od typu kurzu.<\/p>\n<p>Cenu kurzu n\u00e1jde\u0161 v\u00a0<a href=\"\/zilina\/eshop\/\">e-shope<\/a> pri danom kurze.<\/p>\n<p><strong>Akciov\u00e9 ceny:<\/strong><\/p>\n<p>Ka\u017ed\u00fd kvart\u00e1l prich\u00e1dzame s\u00a0akciami. V\u010faka akcii m\u00f4\u017ee\u0161 z\u00edska\u0165 v\u00fdrazn\u00fa z\u013eavu z\u00a0ceny kurzu. Poz\u00fdvame \u0165a sledova\u0165 na\u0161e prebiehaj\u00face akcie so zlacnen\u00fdmi kurzami.<\/p>\n<\/div><\/div><\/div><\/div><\/div><div class=\"w-tabs-section\" id=\"xe18\"><button class=\"w-tabs-section-header\" aria-controls=\"content-xe18\" aria-expanded=\"false\"><h6 class=\"w-tabs-section-title\">Je mo\u017enos\u0165 platby na spl\u00e1tky?<\/h6><div class=\"w-tabs-section-control\"><\/div><\/button><div  class=\"w-tabs-section-content\" id=\"content-xe18\"><div class=\"w-tabs-section-content-h i-cf\"><div class=\"wpb_text_column\"><div class=\"wpb_wrapper\"><p>\u00c1no. Je mo\u017en\u00e9 rozdeli\u0165 platbu za kurz na 2-3 spl\u00e1tky, pri\u010dom prv\u00e1 sa plat\u00ed na za\u010diatku a\u00a0posledn\u00e1 pred sk\u00fa\u0161kami. Je v\u0161ak mo\u017en\u00e9 zaplati\u0165 kurz aj kedyko\u013evek v\u00a01 alebo 2 spl\u00e1tkach. Ko\u013eko a\u00a0kedy chcete plati\u0165 si dohodnete so svoj\u00edm <a href=\"\/zilina\/kontakt\/\">Office managerom<\/a>.<\/p>\n<\/div><\/div><\/div><\/div><\/div><\/div><\/div><\/div><\/div><div class=\"wpb_column vc_column_container type_sticky\"><div class=\"vc_column-inner\"><div class=\"w-vwrapper us_custom_c202b577 align_none valign_top\"><h4 class=\"w-text\"><span class=\"w-text-h\"><span class=\"w-text-value\">M\u00e1te viac ot\u00e1zok?<\/span><\/span><\/h4><div class=\"wpb_text_column\"><div class=\"wpb_wrapper\"><p>Vypl\u0148te tento kr\u00e1tky formul\u00e1r a&nbsp;my sa V\u00e1m \u010do najsk\u00f4r ozveme.<\/p>\n<\/div><\/div><div class=\"w-separator size_small\"><\/div><form class=\"w-form  us-field-style_1 otazkyForm layout_ver show_message_after_sending for_cform us_form_1\" action=\"https:\/\/easyautoskola.sk\/turcianske-teplice\/turcianske-teplice\/wp-json\/wp\/v2\/pages\/310\" method=\"post\"><div class=\"w-form-h\"><div class=\"w-form-row for_email required\">\r\n\t\t<div class=\"w-form-row-field\">\r\n\t\t\t\t\t\t<input aria-label=\"Email\" type=\"email\" name=\"us_form_1_email_1\" value placeholder=\"Email *\" data-required=\"true\" aria-required=\"true\"\/>\r\n\t\t\t<\/div>\r\n\t\t<div class=\"w-form-row-state\">Pros\u00edm uve\u010fte spr\u00e1vnu\/funk\u010dn\u00fa e-mailov\u00fa adresu.<\/div>\r\n<\/div>\r\n<div class=\"w-form-row for_textarea required\">\r\n\t\t<div class=\"w-form-row-field\">\r\n\t\t\t\t\t\t<textarea aria-label=\"Spr\u00e1va\" name=\"us_form_1_textarea_1\" placeholder=\"Spr\u00e1va *\" data-required=\"true\" aria-required=\"true\"><\/textarea>\r\n\t\t\t<\/div>\r\n\t\t<div class=\"w-form-row-state\">Fill out this field<\/div>\r\n<\/div>\r\n<input type=\"hidden\" name=\"action\" value=\"us_ajax_cform\" \/>\r\n<input type=\"hidden\" name=\"post_id\" value=\"0\" \/>\r\n<input type=\"hidden\" name=\"form_index\" value=\"1\" \/>\r\n<div class=\"w-form-row for_submit align_justify\">\r\n\t<button class=\"w-btn  us-btn-style_1\" aria-label=\"Odosla\u0165 spr\u00e1vu\" type=\"submit\">\r\n\t\t<span class=\"g-preloader type_1\"><\/span>\r\n\t\t\t\t<span class=\"w-btn-label\">Odosla\u0165 spr\u00e1vu<\/span>\r\n\t\t\t<\/button>\r\n\t<\/div>\r\n<\/div><div class=\"w-form-message\"><\/div><div class=\"w-form-json hidden\" onclick='return {&quot;ajaxurl&quot;:&quot;https:\\\/\\\/easyautoskola.sk\\\/turcianske-teplice\\\/wp-admin\\\/admin-ajax.php&quot;,&quot;messages&quot;:{&quot;err_empty&quot;:&quot;Fill out this field&quot;,&quot;err_size&quot;:&quot;File size cannot exceed %s MB&quot;,&quot;err_extension&quot;:&quot;%s file type is not allowed&quot;,&quot;err_recaptcha_keys&quot;:&quot;reCAPTCHA keys are incorrect&quot;}}'><\/div><\/form><\/div><\/div><\/div><\/div><\/div><\/div><\/div><\/div><\/section>\n","protected":false},"excerpt":{"rendered":"Ot\u00e1zky a odpovedeN\u00c1JDITE ODPOVE\u010e NA SVOJU OT\u00c1ZKUV tomto EASY manu\u00e1li n\u00e1jde\u0161 odpovede na ot\u00e1zky, ktor\u00e9 sa n\u00e1s z\u00e1ujemci o\u00a0vodi\u010d\u00e1k naj\u010dastej\u0161ie p\u00fdtaj\u00fa: Ako si vybra\u0165 ten spr\u00e1vny kurz?V ponuke EASY auto\u0161koly n\u00e1jde\u0161 hne\u010f nieko\u013eko kurzov na z\u00edskanie vodi\u010dsk\u00e9ho opr\u00e1vnenia. Ako si v\u0161ak vybra\u0165 ten spr\u00e1vny a\u00a0ak\u00e9 s\u00fa medzi nimi rozdiely? Ver\u00edm, \u017ee tento \u010dl\u00e1nok ti pom\u00f4\u017ee...","protected":false},"author":1,"featured_media":0,"parent":0,"menu_order":0,"comment_status":"closed","ping_status":"closed","template":"","meta":{"_acf_changed":false,"footnotes":""},"class_list":["post-310","page","type-page","status-publish","hentry"],"acf":[],"publishpress_future_action":{"enabled":false,"date":"2026-05-02 14:24:41","action":"change-status","newStatus":"draft","terms":[],"taxonomy":"","extraData":[]},"publishpress_future_workflow_manual_trigger":{"enabledWorkflows":[]},"_links":{"self":[{"href":"https:\/\/easyautoskola.sk\/turcianske-teplice\/wp-json\/wp\/v2\/pages\/310","targetHints":{"allow":["GET"]}}],"collection":[{"href":"https:\/\/easyautoskola.sk\/turcianske-teplice\/wp-json\/wp\/v2\/pages"}],"about":[{"href":"https:\/\/easyautoskola.sk\/turcianske-teplice\/wp-json\/wp\/v2\/types\/page"}],"author":[{"embeddable":true,"href":"https:\/\/easyautoskola.sk\/turcianske-teplice\/wp-json\/wp\/v2\/users\/1"}],"replies":[{"embeddable":true,"href":"https:\/\/easyautoskola.sk\/turcianske-teplice\/wp-json\/wp\/v2\/comments?post=310"}],"version-history":[{"count":17,"href":"https:\/\/easyautoskola.sk\/turcianske-teplice\/wp-json\/wp\/v2\/pages\/310\/revisions"}],"predecessor-version":[{"id":414,"href":"https:\/\/easyautoskola.sk\/turcianske-teplice\/wp-json\/wp\/v2\/pages\/310\/revisions\/414"}],"wp:attachment":[{"href":"https:\/\/easyautoskola.sk\/turcianske-teplice\/wp-json\/wp\/v2\/media?parent=310"}],"curies":[{"name":"wp","href":"https:\/\/api.w.org\/{rel}","templated":true}]}}