{"id":317,"date":"2023-05-10T08:57:51","date_gmt":"2023-05-10T06:57:51","guid":{"rendered":"https:\/\/easyautoskola.sk\/turcianske-teplice\/?page_id=317"},"modified":"2025-03-05T11:45:01","modified_gmt":"2025-03-05T10:45:01","slug":"pre-ziakov","status":"publish","type":"page","link":"https:\/\/easyautoskola.sk\/turcianske-teplice\/pre-ziakov\/","title":{"rendered":"Pre \u017eiakov"},"content":{"rendered":"<section class=\"l-section wpb_row us_custom_92d565f4 has_text_color height_medium with_shape\"><div class=\"l-section-shape type_wave pos_bottom\" style=\"height:15vmin;\"><svg xmlns=\"http:\/\/www.w3.org\/2000\/svg\" viewBox=\"0 4 64 4\" preserveAspectRatio=\"none\" width=\"100%\" height=\"100%\">\r\n\t<path fill=\"currentColor\" d=\"M64 6 C32 0 32 12 0 6 L0 8 L64 8 Z\"\/>\r\n<\/svg><\/div><div class=\"l-section-h i-cf\"><div class=\"g-cols vc_row via_grid cols_1 laptops-cols_inherit tablets-cols_inherit mobiles-cols_1 valign_top type_default stacking_default\"><div class=\"wpb_column vc_column_container\"><div class=\"vc_column-inner\"><div class=\"g-cols wpb_row via_grid cols_2 laptops-cols_inherit tablets-cols_inherit mobiles-cols_1 valign_middle type_default stacking_default\" style=\"--columns-gap:3rem;\"><div class=\"wpb_column vc_column_container\"><div class=\"vc_column-inner\"><h1 class=\"w-text us_custom_0b1fcb68 us_animate_this\"><span class=\"w-text-h\"><span class=\"w-text-value\">Pre \u017eiakov<\/span><\/span><\/h1><div class=\"w-text us_custom_8207ffe3 us_animate_this\"><span class=\"w-text-h\"><span class=\"w-text-value\">LEKCIE A POM\u00d4CKY<\/span><\/span><\/div><div class=\"wpb_text_column us_custom_47d40b1d us_animate_this\"><div class=\"wpb_wrapper\"><p>Pre na\u0161ich \u017eiakov sme pripravili s\u00fabor pom\u00f4cok a\u00a0lekci\u00ed, ktor\u00e9 s\u00fa pr\u00edstupn\u00e9 online, a\u00a0teda pom\u00f4\u017eu pripravi\u0165 sa na testy a\u00a0sk\u00fa\u0161ky kedyko\u013evek aj v\u00a0pohodl\u00ed domova.<\/p>\n<\/div><\/div><\/div><\/div><div class=\"wpb_column vc_column_container\"><div class=\"vc_column-inner\"><div class=\"w-image us_custom_3e9d1bc9 us_animate_this align_center\"><div class=\"w-image-h\"><img decoding=\"async\" width=\"815\" height=\"519\" src=\"https:\/\/easyautoskola.sk\/turcianske-teplice\/wp-content\/uploads\/sites\/6\/2023\/05\/fotografia-o-nas-2.png\" class=\"attachment-large size-large\" alt=\"\" loading=\"lazy\" srcset=\"https:\/\/easyautoskola.sk\/turcianske-teplice\/wp-content\/uploads\/sites\/6\/2023\/05\/fotografia-o-nas-2.png 815w, https:\/\/easyautoskola.sk\/turcianske-teplice\/wp-content\/uploads\/sites\/6\/2023\/05\/fotografia-o-nas-2-300x191.png 300w, https:\/\/easyautoskola.sk\/turcianske-teplice\/wp-content\/uploads\/sites\/6\/2023\/05\/fotografia-o-nas-2-600x382.png 600w\" sizes=\"auto, (max-width: 815px) 100vw, 815px\" \/><\/div><\/div><\/div><\/div><\/div><\/div><\/div><\/div><\/div><\/section><section class=\"l-section wpb_row height_medium\"><div class=\"l-section-h i-cf\"><div class=\"g-cols vc_row via_grid cols_1 laptops-cols_inherit tablets-cols_inherit mobiles-cols_1 valign_top type_default stacking_default\"><div class=\"wpb_column vc_column_container\"><div class=\"vc_column-inner\"><div class=\"w-tabs layout_hor style_radio3 switch_click has_scrolling\" style=\"--sections-title-size:1em\"><div class=\"w-tabs-list items_2 align_center\"><div class=\"w-tabs-list-h\"><button class=\"w-tabs-item active\" aria-controls=\"content-hcf1\" aria-expanded=\"false\"><span class=\"w-tabs-item-title\">Testy a odpovede<\/span><\/button><button class=\"w-tabs-item\" aria-controls=\"content-kfdc\" aria-expanded=\"false\"><span class=\"w-tabs-item-title\">Eduka\u010dn\u00e9 vide\u00e1<\/span><\/button><\/div><\/div><div class=\"w-tabs-sections titles-align_none icon_chevron cpos_right\"><div class=\"w-tabs-section active\" id=\"hcf1\"><button class=\"w-tabs-section-header active\" aria-controls=\"content-hcf1\" aria-expanded=\"true\"><div class=\"w-tabs-section-title\">Testy a odpovede<\/div><div class=\"w-tabs-section-control\"><\/div><\/button><div  class=\"w-tabs-section-content\" id=\"content-hcf1\"><div class=\"w-tabs-section-content-h i-cf\"><div class=\"wpb_text_column\"><div class=\"wpb_wrapper\"><p style=\"text-align: center;\">S\u00fabor testov a\u00a0spr\u00e1vnych odpoved\u00ed pre sk\u00fa\u0161ky.<\/p>\n<\/div><\/div><div class=\"w-separator size_small\"><\/div><div class=\"w-actionbox color_light controls_right\"><div class=\"w-actionbox-text\"><h4 class=\"w-actionbox-title\">Testov\u00e9 ot\u00e1zky<\/h4><div class=\"w-actionbox-description\"><p>dokument PDF (6 MB)<\/p>\n<\/div><\/div><div class=\"w-actionbox-controls\"><a class=\"w-btn us-btn-style_1 icon_atleft\" title=\"Testy\" href=\"\/turcianske-teplice\/wp-content\/uploads\/sites\/2\/2023\/05\/testy2023.pdf\"><i class=\"fal fa-download\"><\/i><span class=\"w-btn-label\">Stiahnu\u0165<\/span><\/a><\/div><\/div><\/div><\/div><\/div><div class=\"w-tabs-section\" id=\"kfdc\"><button class=\"w-tabs-section-header\" aria-controls=\"content-kfdc\" aria-expanded=\"false\"><div class=\"w-tabs-section-title\">Eduka\u010dn\u00e9 vide\u00e1<\/div><div class=\"w-tabs-section-control\"><\/div><\/button><div  class=\"w-tabs-section-content\" id=\"content-kfdc\"><div class=\"w-tabs-section-content-h i-cf\"><div class=\"wpb_text_column\"><div class=\"wpb_wrapper\"><p style=\"text-align: center;\">EASY auto\u0161kolu n\u00e1jdete aj na Youtube, kde prid\u00e1vame u\u017eito\u010dn\u00e9 vide\u00e1 s\u00a0praktick\u00fdmi inform\u00e1ciami pre \u017eiakov aj \u010derstv\u00fdch vodi\u010dov.<\/p>\n<\/div><\/div><div class=\"w-separator size_small\"><\/div><div class=\"w-btn-wrapper align_center\"><a class=\"w-btn us-btn-style_2 icon_atleft\" href=\"https:\/\/www.youtube.com\/channel\/UCofCNbhAHSirlEY5V1tcj0g\/\" target=\"_blank\" rel=\"noopener\"><i class=\"fab fa-youtube\"><\/i><span class=\"w-btn-label\">Easy auto\u0161kola na YouTube<\/span><\/a><\/div><div class=\"w-separator size_medium\"><\/div><div class=\"g-cols wpb_row via_grid cols_3 laptops-cols_inherit tablets-cols_inherit mobiles-cols_1 valign_top type_default stacking_default\" style=\"--columns-gap:1.5rem;\"><div class=\"wpb_column vc_column_container\"><div class=\"vc_column-inner\"><div class=\"w-video align_center ratio_16x9 has_iframe\"><div class=\"w-video-h\"><iframe title=\"Youtube video player\" src=\"\/\/www.youtube.com\/embed\/-bJIlat53pc?autoplay=0&controls=1&origin=https:\/\/easyautoskola.sk\/turcianske-teplice&loop=0&mute=0\" allowfullscreen=\"1\" loading=\"lazy\"><\/iframe><\/div><\/div><\/div><\/div><div class=\"wpb_column vc_column_container\"><div class=\"vc_column-inner\"><div class=\"w-video align_center ratio_16x9 has_iframe\"><div class=\"w-video-h\"><iframe title=\"Youtube video player\" src=\"\/\/www.youtube.com\/embed\/mRfehnEWeTI?autoplay=0&controls=1&origin=https:\/\/easyautoskola.sk\/turcianske-teplice&loop=0&mute=0\" allowfullscreen=\"1\" loading=\"lazy\"><\/iframe><\/div><\/div><\/div><\/div><div class=\"wpb_column vc_column_container\"><div class=\"vc_column-inner\"><div class=\"w-video align_center ratio_16x9 has_iframe\"><div class=\"w-video-h\"><iframe title=\"Youtube video player\" src=\"\/\/www.youtube.com\/embed\/kfTQyGIXlkQ?autoplay=0&controls=1&origin=https:\/\/easyautoskola.sk\/turcianske-teplice&loop=0&mute=0\" allowfullscreen=\"1\" loading=\"lazy\"><\/iframe><\/div><\/div><\/div><\/div><div class=\"wpb_column vc_column_container\"><div class=\"vc_column-inner\"><div class=\"w-video align_center ratio_16x9 has_iframe\"><div class=\"w-video-h\"><iframe title=\"Youtube video player\" src=\"\/\/www.youtube.com\/embed\/RDRQqecjm5k?autoplay=0&controls=1&origin=https:\/\/easyautoskola.sk\/turcianske-teplice&loop=0&mute=0\" allowfullscreen=\"1\" loading=\"lazy\"><\/iframe><\/div><\/div><\/div><\/div><div class=\"wpb_column vc_column_container\"><div class=\"vc_column-inner\"><div class=\"w-video align_center ratio_16x9 has_iframe\"><div class=\"w-video-h\"><iframe title=\"Youtube video player\" src=\"\/\/www.youtube.com\/embed\/zve7HHcLkQ8?autoplay=0&controls=1&origin=https:\/\/easyautoskola.sk\/turcianske-teplice&loop=0&mute=0\" allowfullscreen=\"1\" loading=\"lazy\"><\/iframe><\/div><\/div><\/div><\/div><div class=\"wpb_column vc_column_container\"><div class=\"vc_column-inner\"><div class=\"w-video align_center ratio_16x9 has_iframe\"><div class=\"w-video-h\"><iframe title=\"Youtube video player\" src=\"\/\/www.youtube.com\/embed\/S_5YrUra5wI?autoplay=0&controls=1&origin=https:\/\/easyautoskola.sk\/turcianske-teplice&loop=0&mute=0\" allowfullscreen=\"1\" loading=\"lazy\"><\/iframe><\/div><\/div><\/div><\/div><div class=\"wpb_column vc_column_container\"><div class=\"vc_column-inner\"><div class=\"w-video align_center ratio_16x9 has_iframe\"><div class=\"w-video-h\"><iframe title=\"Youtube video player\" src=\"\/\/www.youtube.com\/embed\/YpWe8V8cRSs?autoplay=0&controls=1&origin=https:\/\/easyautoskola.sk\/turcianske-teplice&loop=0&mute=0\" allowfullscreen=\"1\" loading=\"lazy\"><\/iframe><\/div><\/div><\/div><\/div><div class=\"wpb_column vc_column_container\"><div class=\"vc_column-inner\"><div class=\"w-video align_center ratio_16x9 has_iframe\"><div class=\"w-video-h\"><iframe title=\"Youtube video player\" src=\"\/\/www.youtube.com\/embed\/Qd2NDdQZUqA?autoplay=0&controls=1&origin=https:\/\/easyautoskola.sk\/turcianske-teplice&loop=0&mute=0\" allowfullscreen=\"1\" loading=\"lazy\"><\/iframe><\/div><\/div><\/div><\/div><div class=\"wpb_column vc_column_container\"><div class=\"vc_column-inner\"><div class=\"w-video align_center ratio_16x9 has_iframe\"><div class=\"w-video-h\"><iframe title=\"Youtube video player\" src=\"\/\/www.youtube.com\/embed\/SC34flDvPIE?autoplay=0&controls=1&origin=https:\/\/easyautoskola.sk\/turcianske-teplice&loop=0&mute=0\" allowfullscreen=\"1\" loading=\"lazy\"><\/iframe><\/div><\/div><\/div><\/div><div class=\"wpb_column vc_column_container\"><div class=\"vc_column-inner\"><div class=\"w-video align_center ratio_16x9 has_iframe\"><div class=\"w-video-h\"><iframe title=\"Youtube video player\" src=\"\/\/www.youtube.com\/embed\/D4S_tWhTu84?autoplay=0&controls=1&origin=https:\/\/easyautoskola.sk\/turcianske-teplice&loop=0&mute=0\" allowfullscreen=\"1\" loading=\"lazy\"><\/iframe><\/div><\/div><\/div><\/div><div class=\"wpb_column vc_column_container\"><div class=\"vc_column-inner\"><div class=\"w-video align_center ratio_16x9 has_iframe\"><div class=\"w-video-h\"><iframe title=\"Youtube video player\" src=\"\/\/www.youtube.com\/embed\/TuNz6QLrtw0?autoplay=0&controls=1&origin=https:\/\/easyautoskola.sk\/turcianske-teplice&loop=0&mute=0\" allowfullscreen=\"1\" loading=\"lazy\"><\/iframe><\/div><\/div><\/div><\/div><div class=\"wpb_column vc_column_container\"><div class=\"vc_column-inner\"><div class=\"w-video align_center ratio_16x9 has_iframe\"><div class=\"w-video-h\"><iframe title=\"Youtube video player\" src=\"\/\/www.youtube.com\/embed\/qymd7IbohFM?autoplay=0&controls=1&origin=https:\/\/easyautoskola.sk\/turcianske-teplice&loop=0&mute=0\" allowfullscreen=\"1\" loading=\"lazy\"><\/iframe><\/div><\/div><\/div><\/div><\/div><\/div><\/div><\/div><\/div><\/div><div class=\"w-separator size_medium\"><\/div><div class=\"w-html us_custom_eb849559\"><a href=\"https:\/\/www.testynavodicak.sk\" target=\"_blank\" title=\"testy na vodicak\" rel=\"noopener\">\n<img loading=\"lazy\" decoding=\"async\" src=\"https:\/\/www.testynavodicak.sk\/banner\/testynavodicak.sk_160x160.webp\" width=\"160\" height=\"160\" alt=\"testy na vodicak\"><\/a><\/div><\/div><\/div><\/div><\/div><\/section>\n","protected":false},"excerpt":{"rendered":"Pre \u017eiakovLEKCIE A POM\u00d4CKYPre na\u0161ich \u017eiakov sme pripravili s\u00fabor pom\u00f4cok a\u00a0lekci\u00ed, ktor\u00e9 s\u00fa pr\u00edstupn\u00e9 online, a\u00a0teda pom\u00f4\u017eu pripravi\u0165 sa na testy a\u00a0sk\u00fa\u0161ky kedyko\u013evek aj v\u00a0pohodl\u00ed domova. Testy a odpovedeEduka\u010dn\u00e9 vide\u00e1Testy a odpovedeS\u00fabor testov a\u00a0spr\u00e1vnych odpoved\u00ed pre sk\u00fa\u0161ky. Testov\u00e9 ot\u00e1zkydokument PDF (6 MB) Stiahnu\u0165Eduka\u010dn\u00e9 vide\u00e1EASY auto\u0161kolu n\u00e1jdete aj na Youtube, kde prid\u00e1vame u\u017eito\u010dn\u00e9 vide\u00e1 s\u00a0praktick\u00fdmi inform\u00e1ciami...","protected":false},"author":1,"featured_media":0,"parent":0,"menu_order":0,"comment_status":"closed","ping_status":"closed","template":"","meta":{"_acf_changed":false,"footnotes":""},"class_list":["post-317","page","type-page","status-publish","hentry"],"acf":[],"publishpress_future_action":{"enabled":false,"date":"2026-05-02 14:24:41","action":"change-status","newStatus":"draft","terms":[],"taxonomy":"","extraData":[]},"publishpress_future_workflow_manual_trigger":{"enabledWorkflows":[]},"_links":{"self":[{"href":"https:\/\/easyautoskola.sk\/turcianske-teplice\/wp-json\/wp\/v2\/pages\/317","targetHints":{"allow":["GET"]}}],"collection":[{"href":"https:\/\/easyautoskola.sk\/turcianske-teplice\/wp-json\/wp\/v2\/pages"}],"about":[{"href":"https:\/\/easyautoskola.sk\/turcianske-teplice\/wp-json\/wp\/v2\/types\/page"}],"author":[{"embeddable":true,"href":"https:\/\/easyautoskola.sk\/turcianske-teplice\/wp-json\/wp\/v2\/users\/1"}],"replies":[{"embeddable":true,"href":"https:\/\/easyautoskola.sk\/turcianske-teplice\/wp-json\/wp\/v2\/comments?post=317"}],"version-history":[{"count":20,"href":"https:\/\/easyautoskola.sk\/turcianske-teplice\/wp-json\/wp\/v2\/pages\/317\/revisions"}],"predecessor-version":[{"id":1196,"href":"https:\/\/easyautoskola.sk\/turcianske-teplice\/wp-json\/wp\/v2\/pages\/317\/revisions\/1196"}],"wp:attachment":[{"href":"https:\/\/easyautoskola.sk\/turcianske-teplice\/wp-json\/wp\/v2\/media?parent=317"}],"curies":[{"name":"wp","href":"https:\/\/api.w.org\/{rel}","templated":true}]}}