{"id":418,"date":"2023-05-12T07:24:20","date_gmt":"2023-05-12T05:24:20","guid":{"rendered":"https:\/\/easyautoskola.sk\/turcianske-teplice\/?post_type=product&#038;p=418"},"modified":"2025-07-23T22:14:41","modified_gmt":"2025-07-23T20:14:41","slug":"easy-pohoda","status":"publish","type":"product","link":"https:\/\/easyautoskola.sk\/turcianske-teplice\/produkt\/easy-pohoda\/","title":{"rendered":"EASY Pohoda"},"content":{"rendered":"<p><em>Pohoda na sk\u00fa\u0161kach.<\/em><\/p>\n<p>Revolu\u010dn\u00e1 novinka EASY auto\u0161koly je doporu\u010den\u00edm pre ka\u017ed\u00e9ho, kto m\u00e1 z\u00e1ujem prihl\u00e1si\u0165 sa do niektor\u00e9ho z&nbsp;kurzov. Ku \u0161tandardn\u00fdm 3 pokusom na \u00faspe\u0161n\u00e9 zvl\u00e1dnutie sk\u00fa\u0161ky prid\u00e1vame s&nbsp;EASY Pohodou <strong>\u010fal\u0161ie 4 pokusy zadarmo<\/strong>. Iba u&nbsp;n\u00e1s teraz v&nbsp;akciovej cene.<\/p>\n<p>Pre uplatnenie EASY Pohody sta\u010d\u00ed iba:<\/p>\n<ol>\n<li>Nast\u00fapi\u0165 do kurzu<\/li>\n<li>Absolvova\u0165 <a href=\"https:\/\/easyautoskola.sk\/turcianske-teplice\/produkt\/skusky-na-necisto\/\">Gener\u00e1lne sk\u00fa\u0161ky<\/a> &#8211; je to vern\u00e1 simul\u00e1cia riadnych sk\u00fa\u0161ok, tzn. sta\u010d\u00ed iba absolvova\u0165 p\u00edsomn\u00e9 testy, sk\u00fa\u0161ku z&nbsp;kon\u0161trukcie, jazdu na cvi\u010disku a&nbsp;v&nbsp;prem\u00e1vke (cca 15 min.) s&nbsp;in\u0161truktorom. To v\u0161etko e\u0161te <strong>pred riadnymi sk\u00fa\u0161kami,<\/strong> aby sme V\u00e1s zbavili stresu a&nbsp;pripravili na v\u0161etko.<\/li>\n<\/ol>\n","protected":false},"excerpt":{"rendered":"<p>Pohoda na sk\u00fa\u0161kach.<\/p>\n","protected":false},"featured_media":1184,"comment_status":"open","ping_status":"closed","template":"","meta":{"_acf_changed":false},"product_brand":[],"product_cat":[67],"product_tag":[],"class_list":{"0":"post-418","1":"product","2":"type-product","3":"status-publish","4":"has-post-thumbnail","6":"product_cat-produkty","8":"first","9":"instock","10":"virtual","11":"taxable","12":"purchasable","13":"product-type-simple"},"acf":[],"publishpress_future_workflow_manual_trigger":{"enabledWorkflows":[]},"_links":{"self":[{"href":"https:\/\/easyautoskola.sk\/turcianske-teplice\/wp-json\/wp\/v2\/product\/418","targetHints":{"allow":["GET"]}}],"collection":[{"href":"https:\/\/easyautoskola.sk\/turcianske-teplice\/wp-json\/wp\/v2\/product"}],"about":[{"href":"https:\/\/easyautoskola.sk\/turcianske-teplice\/wp-json\/wp\/v2\/types\/product"}],"replies":[{"embeddable":true,"href":"https:\/\/easyautoskola.sk\/turcianske-teplice\/wp-json\/wp\/v2\/comments?post=418"}],"wp:featuredmedia":[{"embeddable":true,"href":"https:\/\/easyautoskola.sk\/turcianske-teplice\/wp-json\/wp\/v2\/media\/1184"}],"wp:attachment":[{"href":"https:\/\/easyautoskola.sk\/turcianske-teplice\/wp-json\/wp\/v2\/media?parent=418"}],"wp:term":[{"taxonomy":"product_brand","embeddable":true,"href":"https:\/\/easyautoskola.sk\/turcianske-teplice\/wp-json\/wp\/v2\/product_brand?post=418"},{"taxonomy":"product_cat","embeddable":true,"href":"https:\/\/easyautoskola.sk\/turcianske-teplice\/wp-json\/wp\/v2\/product_cat?post=418"},{"taxonomy":"product_tag","embeddable":true,"href":"https:\/\/easyautoskola.sk\/turcianske-teplice\/wp-json\/wp\/v2\/product_tag?post=418"}],"curies":[{"name":"wp","href":"https:\/\/api.w.org\/{rel}","templated":true}]}}