{"id":420,"date":"2023-05-12T07:24:20","date_gmt":"2023-05-12T05:24:20","guid":{"rendered":"https:\/\/easyautoskola.sk\/turcianske-teplice\/?post_type=product&#038;p=420"},"modified":"2026-01-23T13:43:36","modified_gmt":"2026-01-23T12:43:36","slug":"easy-zrychleny","status":"publish","type":"product","link":"https:\/\/easyautoskola.sk\/turcianske-teplice\/produkt\/easy-zrychleny\/","title":{"rendered":"EASY Zr\u00fdchlen\u00fd"},"content":{"rendered":"<p>Ukon\u010denie do 21&nbsp;dn\u00ed (plat\u00ed len pre praktick\u00fd v\u00fdcvik).<br \/>\nTeoretick\u00e1 v\u00fdu\u010dba pozost\u00e1va z&nbsp;32 vyu\u010dovac\u00edch hod\u00edn (te\u00f3rie b\u00fdvaj\u00fa 2-3 kr\u00e1t do t\u00fd\u017ed\u0148a). Praktick\u00e1 \u010das\u0165 pozost\u00e1va z&nbsp;39 hod\u00edn \u2013 ukon\u010denie praktick\u00e9ho v\u00fdcviku do 21&nbsp;dn\u00ed).<\/p>\n<p>V cene nie s\u00fa zahrnut\u00e9 kolky a&nbsp;<a href=\"https:\/\/easyautoskola.sk\/turcianske-teplice\/produkt\/kurz-prvej-pomoci\/\">kurz zdravotnej pomoci<\/a>.<\/p>\n","protected":false},"excerpt":{"rendered":"<p>Kurz nastaven\u00fd na \u010do najr\u00fdchlej\u0161ie ukon\u010denie.<\/p>\n","protected":false},"featured_media":448,"comment_status":"open","ping_status":"closed","template":"","meta":{"_acf_changed":false},"product_brand":[],"product_cat":[37],"product_tag":[38,39,40],"class_list":{"0":"post-420","1":"product","2":"type-product","3":"status-publish","4":"has-post-thumbnail","6":"product_cat-zakladne-kurzy-b","7":"product_tag-autoskola","8":"product_tag-kurz","9":"product_tag-skupina-b","11":"first","12":"instock","13":"virtual","14":"taxable","15":"purchasable","16":"product-type-simple"},"acf":[],"publishpress_future_workflow_manual_trigger":{"enabledWorkflows":[]},"_links":{"self":[{"href":"https:\/\/easyautoskola.sk\/turcianske-teplice\/wp-json\/wp\/v2\/product\/420","targetHints":{"allow":["GET"]}}],"collection":[{"href":"https:\/\/easyautoskola.sk\/turcianske-teplice\/wp-json\/wp\/v2\/product"}],"about":[{"href":"https:\/\/easyautoskola.sk\/turcianske-teplice\/wp-json\/wp\/v2\/types\/product"}],"replies":[{"embeddable":true,"href":"https:\/\/easyautoskola.sk\/turcianske-teplice\/wp-json\/wp\/v2\/comments?post=420"}],"wp:featuredmedia":[{"embeddable":true,"href":"https:\/\/easyautoskola.sk\/turcianske-teplice\/wp-json\/wp\/v2\/media\/448"}],"wp:attachment":[{"href":"https:\/\/easyautoskola.sk\/turcianske-teplice\/wp-json\/wp\/v2\/media?parent=420"}],"wp:term":[{"taxonomy":"product_brand","embeddable":true,"href":"https:\/\/easyautoskola.sk\/turcianske-teplice\/wp-json\/wp\/v2\/product_brand?post=420"},{"taxonomy":"product_cat","embeddable":true,"href":"https:\/\/easyautoskola.sk\/turcianske-teplice\/wp-json\/wp\/v2\/product_cat?post=420"},{"taxonomy":"product_tag","embeddable":true,"href":"https:\/\/easyautoskola.sk\/turcianske-teplice\/wp-json\/wp\/v2\/product_tag?post=420"}],"curies":[{"name":"wp","href":"https:\/\/api.w.org\/{rel}","templated":true}]}}