{"id":421,"date":"2023-05-12T07:24:20","date_gmt":"2023-05-12T05:24:20","guid":{"rendered":"https:\/\/easyautoskola.sk\/turcianske-teplice\/?post_type=product&#038;p=421"},"modified":"2026-04-13T14:59:21","modified_gmt":"2026-04-13T12:59:21","slug":"easy-komplet","status":"publish","type":"product","link":"https:\/\/easyautoskola.sk\/turcianske-teplice\/produkt\/easy-komplet\/","title":{"rendered":"EASY Komplet"},"content":{"rendered":"<section class=\"l-section wpb_row height_medium\"><div class=\"l-section-h i-cf\"><div class=\"g-cols vc_row via_grid cols_1 laptops-cols_inherit tablets-cols_inherit mobiles-cols_1 valign_top type_default stacking_default\"><div class=\"wpb_column vc_column_container\"><div class=\"vc_column-inner\"><div class=\"wpb_text_column\"><div class=\"wpb_wrapper\"><p>Teoretick\u00e1 v\u00fdu\u010dba pozost\u00e1va z&nbsp;32 vyu\u010dovac\u00edch hod\u00edn (te\u00f3rie b\u00fdvaj\u00fa 2-3 kr\u00e1t do t\u00fd\u017ed\u0148a). Praktick\u00e1 \u010das\u0165 pozost\u00e1va z&nbsp;39 hod\u00edn, pl\u00e1nuje sa pod\u013ea vz\u00e1jomnej dohody s&nbsp;in\u0161truktorom.<\/p>\n<p>V cene je zahrnut\u00fd aj kurz zdravotnej pomoci a&nbsp;2\u00d745 min. doplnkov\u00e1 jazda.<\/p>\n<\/div><\/div><\/div><\/div><\/div><\/div><\/section>\n","protected":false},"excerpt":{"rendered":"<p>Kompletne vybaven\u00fd kurz vr\u00e1tane poplatkov.<\/p>\n","protected":false},"featured_media":449,"comment_status":"open","ping_status":"closed","template":"","meta":{"_acf_changed":false},"product_brand":[],"product_cat":[37],"product_tag":[38,39,40],"class_list":{"0":"post-421","1":"product","2":"type-product","3":"status-publish","4":"has-post-thumbnail","6":"product_cat-zakladne-kurzy-b","7":"product_tag-autoskola","8":"product_tag-kurz","9":"product_tag-skupina-b","11":"first","12":"instock","13":"virtual","14":"taxable","15":"purchasable","16":"product-type-simple"},"acf":[],"publishpress_future_workflow_manual_trigger":{"enabledWorkflows":[]},"_links":{"self":[{"href":"https:\/\/easyautoskola.sk\/turcianske-teplice\/wp-json\/wp\/v2\/product\/421","targetHints":{"allow":["GET"]}}],"collection":[{"href":"https:\/\/easyautoskola.sk\/turcianske-teplice\/wp-json\/wp\/v2\/product"}],"about":[{"href":"https:\/\/easyautoskola.sk\/turcianske-teplice\/wp-json\/wp\/v2\/types\/product"}],"replies":[{"embeddable":true,"href":"https:\/\/easyautoskola.sk\/turcianske-teplice\/wp-json\/wp\/v2\/comments?post=421"}],"wp:featuredmedia":[{"embeddable":true,"href":"https:\/\/easyautoskola.sk\/turcianske-teplice\/wp-json\/wp\/v2\/media\/449"}],"wp:attachment":[{"href":"https:\/\/easyautoskola.sk\/turcianske-teplice\/wp-json\/wp\/v2\/media?parent=421"}],"wp:term":[{"taxonomy":"product_brand","embeddable":true,"href":"https:\/\/easyautoskola.sk\/turcianske-teplice\/wp-json\/wp\/v2\/product_brand?post=421"},{"taxonomy":"product_cat","embeddable":true,"href":"https:\/\/easyautoskola.sk\/turcianske-teplice\/wp-json\/wp\/v2\/product_cat?post=421"},{"taxonomy":"product_tag","embeddable":true,"href":"https:\/\/easyautoskola.sk\/turcianske-teplice\/wp-json\/wp\/v2\/product_tag?post=421"}],"curies":[{"name":"wp","href":"https:\/\/api.w.org\/{rel}","templated":true}]}}