{"id":270,"date":"2023-05-09T13:52:22","date_gmt":"2023-05-09T11:52:22","guid":{"rendered":"https:\/\/easyautoskola.sk\/zilina\/?page_id=270"},"modified":"2023-06-23T10:44:25","modified_gmt":"2023-06-23T08:44:25","slug":"dokumenty-na-stiahnutie","status":"publish","type":"page","link":"https:\/\/easyautoskola.sk\/zilina\/dokumenty-na-stiahnutie\/","title":{"rendered":"Dokumenty na stiahnutie"},"content":{"rendered":"<section class=\"l-section wpb_row us_custom_92d565f4 has_text_color height_medium with_shape\"><div class=\"l-section-shape type_wave pos_bottom\" style=\"height:15vmin;\"><svg xmlns=\"http:\/\/www.w3.org\/2000\/svg\" viewBox=\"0 4 64 4\" preserveAspectRatio=\"none\" width=\"100%\" height=\"100%\">\r\n\t<path fill=\"currentColor\" d=\"M64 6 C32 0 32 12 0 6 L0 8 L64 8 Z\"\/>\r\n<\/svg><\/div><div class=\"l-section-h i-cf\"><div class=\"g-cols vc_row via_grid cols_1 laptops-cols_inherit tablets-cols_inherit mobiles-cols_1 valign_top type_default stacking_default\"><div class=\"wpb_column vc_column_container\"><div class=\"vc_column-inner\"><div class=\"g-cols wpb_row via_grid cols_2 laptops-cols_inherit tablets-cols_inherit mobiles-cols_1 valign_middle type_default stacking_default\" style=\"--columns-gap:3rem;\"><div class=\"wpb_column vc_column_container\"><div class=\"vc_column-inner\"><h1 class=\"w-text us_custom_0b1fcb68 us_animate_this\"><span class=\"w-text-h\"><span class=\"w-text-value\">Dokumenty na stiahnutie<\/span><\/span><\/h1><div class=\"w-text us_custom_8207ffe3 us_animate_this\"><span class=\"w-text-h\"><span class=\"w-text-value\">V\u0161etko potrebn\u00e9 na jednom mieste<\/span><\/span><\/div><div class=\"wpb_text_column us_custom_47d40b1d us_animate_this\"><div class=\"wpb_wrapper\"><p>V\u0161etky potrebn\u00e9 dokumenty v\u00e1m pom\u00f4\u017eeme vyplni\u0165 priamo u\u00a0n\u00e1s na pobo\u010dke, alebo si ich m\u00f4\u017eete <strong>stiahnu\u0165 online,<\/strong> vytla\u010di\u0165 a\u00a0vyplni\u0165 vopred.<\/p>\n<\/div><\/div><\/div><\/div><div class=\"wpb_column vc_column_container\"><div class=\"vc_column-inner\"><div class=\"w-image us_custom_3e9d1bc9 us_animate_this align_center\"><div class=\"w-image-h\"><img decoding=\"async\" width=\"815\" height=\"519\" src=\"https:\/\/easyautoskola.sk\/zilina\/wp-content\/uploads\/sites\/2\/2023\/05\/dokumenty-hero.png\" class=\"attachment-large size-large\" alt=\"\" loading=\"lazy\" srcset=\"https:\/\/easyautoskola.sk\/zilina\/wp-content\/uploads\/sites\/2\/2023\/05\/dokumenty-hero.png 815w, https:\/\/easyautoskola.sk\/zilina\/wp-content\/uploads\/sites\/2\/2023\/05\/dokumenty-hero-300x191.png 300w, https:\/\/easyautoskola.sk\/zilina\/wp-content\/uploads\/sites\/2\/2023\/05\/dokumenty-hero-600x382.png 600w\" sizes=\"auto, (max-width: 815px) 100vw, 815px\" \/><\/div><\/div><\/div><\/div><\/div><\/div><\/div><\/div><\/div><\/section><section class=\"l-section wpb_row height_medium\"><div class=\"l-section-h i-cf\"><div class=\"g-cols vc_row via_grid cols_1 laptops-cols_inherit tablets-cols_inherit mobiles-cols_1 valign_top type_default stacking_default\"><div class=\"wpb_column vc_column_container\"><div class=\"vc_column-inner\"><div class=\"wpb_text_column us_custom_d89fe7f6 us_animate_this\"><div class=\"wpb_wrapper\"><p style=\"text-align: left;\">Pri n\u00e1stupe do kurzu je potrebn\u00e9 vyplni\u0165 2 dokumenty:<\/p>\n<ul style=\"text-align: left;\">\n<li><strong>prihl\u00e1\u0161ku<\/strong> (zmluva o\u00a0poskytovan\u00ed slu\u017eieb auto\u0161koly)<\/li>\n<li><strong>\u017eiados\u0165<\/strong> o\u00a0udelenie vodi\u010dsk\u00e9ho opr\u00e1vnenia \u2013 tento dokument je potrebn\u00e9 <strong>vytla\u010di\u0165 obojstranne!<\/strong> Na prednej strane vyp\u00ed\u0161ete svoje \u00fadaje, ale <strong>d\u00e1tum sa nevyp\u013a\u0148a.<\/strong> \u00dadaje vyp\u00ed\u0161e z\u00e1konny z\u00e1stupca v\u00a0pr\u00edpade, \u017ee nem\u00e1te 18 rokov. Zadn\u00fa stranu vyp\u00ed\u0161e a\u00a0potvrd\u00ed v\u00e1\u0161 lek\u00e1r.<\/li>\n<\/ul>\n<p style=\"text-align: left;\">V pr\u00edpade, \u017ee sa prihlasujete do <strong>do\u0161ko\u013eovacieho kurzu,<\/strong>potrebujete aj 3.\u00a0dokument \u2013 <strong>doklad<\/strong> o\u00a0zdravotnej sp\u00f4sobilosti, ktor\u00fd potvrdzuje <strong>lek\u00e1r<\/strong>.<\/p>\n<\/div><\/div><\/div><\/div><\/div><\/div><\/section><section class=\"l-section wpb_row us_custom_c70c97eb height_medium\"><div class=\"l-section-h i-cf\"><div class=\"g-cols vc_row via_grid cols_1 laptops-cols_inherit tablets-cols_inherit mobiles-cols_1 valign_top type_default stacking_default\"><div class=\"wpb_column vc_column_container\"><div class=\"vc_column-inner\"><div class=\"g-cols wpb_row via_grid cols_3 laptops-cols_inherit tablets-cols_inherit mobiles-cols_1 valign_top type_default stacking_default\" style=\"--columns-gap:3rem;\"><div class=\"wpb_column vc_column_container us_custom_a640122a us_animate_this\"><div class=\"vc_column-inner\"><div class=\"w-iconbox iconpos_top style_default color_primary align_center icontype_img\"><div class=\"w-iconbox-icon\" style=\"font-size:4rem;\"><img loading=\"lazy\" decoding=\"async\" width=\"512\" height=\"512\" src=\"https:\/\/easyautoskola.sk\/zilina\/wp-content\/uploads\/sites\/2\/2023\/05\/pdf.png\" class=\"attachment-full size-full\" alt=\"\" srcset=\"https:\/\/easyautoskola.sk\/zilina\/wp-content\/uploads\/sites\/2\/2023\/05\/pdf.png 512w, https:\/\/easyautoskola.sk\/zilina\/wp-content\/uploads\/sites\/2\/2023\/05\/pdf-300x300.png 300w, https:\/\/easyautoskola.sk\/zilina\/wp-content\/uploads\/sites\/2\/2023\/05\/pdf-150x150.png 150w\" sizes=\"auto, (max-width: 512px) 100vw, 512px\" \/><\/div><div class=\"w-iconbox-meta\"><h4 class=\"w-iconbox-title\">Prihl\u00e1\u0161ka do auto\u0161koly<\/h4><div class=\"w-iconbox-text\"><p>Zmluva o\u00a0poskytovan\u00ed slu\u017eieb pre z\u00edskanie vodi\u010dsk\u00e9ho opr\u00e1vnenia<\/p>\n<\/div><\/div><\/div><div class=\"w-separator size_small\"><\/div><div class=\"w-btn-wrapper align_center\"><a class=\"w-btn us-btn-style_1 icon_atleft\" target=\"_blank\" rel=\"nofollow\" href=\"\/zilina\/wp-content\/uploads\/sites\/2\/2023\/05\/za_zmluva.pdf\"><i class=\"fal fa-download\"><\/i><span class=\"w-btn-label\">Stiahnu\u0165 prihl\u00e1\u0161ku<\/span><\/a><\/div><\/div><\/div><div class=\"wpb_column vc_column_container us_custom_4ef5d869 us_animate_this\"><div class=\"vc_column-inner\"><div class=\"w-iconbox iconpos_top style_default color_primary align_center icontype_img\"><div class=\"w-iconbox-icon\" style=\"font-size:4rem;\"><img loading=\"lazy\" decoding=\"async\" width=\"512\" height=\"512\" src=\"https:\/\/easyautoskola.sk\/zilina\/wp-content\/uploads\/sites\/2\/2023\/05\/pdf.png\" class=\"attachment-full size-full\" alt=\"\" srcset=\"https:\/\/easyautoskola.sk\/zilina\/wp-content\/uploads\/sites\/2\/2023\/05\/pdf.png 512w, https:\/\/easyautoskola.sk\/zilina\/wp-content\/uploads\/sites\/2\/2023\/05\/pdf-300x300.png 300w, https:\/\/easyautoskola.sk\/zilina\/wp-content\/uploads\/sites\/2\/2023\/05\/pdf-150x150.png 150w\" sizes=\"auto, (max-width: 512px) 100vw, 512px\" \/><\/div><div class=\"w-iconbox-meta\"><h4 class=\"w-iconbox-title\">\u017diados\u0165 o udelenie vodi\u010dsk\u00e9ho opr\u00e1vnenia<\/h4><div class=\"w-iconbox-text\"><p>Tla\u010di\u0165 obojstranne, d\u00e1tum sa nevyp\u013a\u0148a. Zadn\u00fa stranu vyp\u00ed\u0161e a\u00a0potvrd\u00ed v\u00e1\u0161 lek\u00e1r.<\/p>\n<\/div><\/div><\/div><div class=\"w-separator size_small\"><\/div><div class=\"w-btn-wrapper align_center\"><a class=\"w-btn us-btn-style_1 icon_atleft\" target=\"_blank\" rel=\"nofollow\" href=\"\/zilina\/wp-content\/uploads\/sites\/2\/2023\/05\/Nova-ziadost.pdf\"><i class=\"fal fa-download\"><\/i><span class=\"w-btn-label\">Stiahnu\u0165 \u017eiados\u0165<\/span><\/a><\/div><\/div><\/div><div class=\"wpb_column vc_column_container us_custom_169961a8 us_animate_this\"><div class=\"vc_column-inner\"><div class=\"w-iconbox iconpos_top style_default color_primary align_center icontype_img\"><div class=\"w-iconbox-icon\" style=\"font-size:4rem;\"><img loading=\"lazy\" decoding=\"async\" width=\"512\" height=\"512\" src=\"https:\/\/easyautoskola.sk\/zilina\/wp-content\/uploads\/sites\/2\/2023\/05\/pdf.png\" class=\"attachment-full size-full\" alt=\"\" srcset=\"https:\/\/easyautoskola.sk\/zilina\/wp-content\/uploads\/sites\/2\/2023\/05\/pdf.png 512w, https:\/\/easyautoskola.sk\/zilina\/wp-content\/uploads\/sites\/2\/2023\/05\/pdf-300x300.png 300w, https:\/\/easyautoskola.sk\/zilina\/wp-content\/uploads\/sites\/2\/2023\/05\/pdf-150x150.png 150w\" sizes=\"auto, (max-width: 512px) 100vw, 512px\" \/><\/div><div class=\"w-iconbox-meta\"><h4 class=\"w-iconbox-title\">Doklad o zdravotnej sp\u00f4sobilosti<\/h4><div class=\"w-iconbox-text\"><p>Len pre \u017eiadate\u013eov o\u00a0do\u0161ko\u013eovac\u00ed kurz<\/p>\n<\/div><\/div><\/div><div class=\"w-separator size_small\"><\/div><div class=\"w-btn-wrapper align_center\"><a class=\"w-btn us-btn-style_1 icon_atleft\" target=\"_blank\" rel=\"nofollow\" href=\"\/zilina\/wp-content\/uploads\/sites\/2\/2023\/05\/za_doklad.pdf\"><i class=\"fal fa-download\"><\/i><span class=\"w-btn-label\">Stiahnu\u0165 tla\u010divo<\/span><\/a><\/div><\/div><\/div><\/div><\/div><\/div><\/div><\/div><\/section><section class=\"l-section wpb_row height_medium\"><div class=\"l-section-h i-cf\"><div class=\"g-cols vc_row via_grid cols_1 laptops-cols_inherit tablets-cols_inherit mobiles-cols_1 valign_top type_default stacking_default\"><div class=\"wpb_column vc_column_container\"><div class=\"vc_column-inner\"><section class=\"l-section wpb_row height_medium\"><div class=\"l-section-h i-cf\"><div class=\"g-cols vc_row via_grid cols_2 laptops-cols_inherit tablets-cols_inherit mobiles-cols_1 valign_middle type_default stacking_default\"><div class=\"wpb_column vc_column_container type_sticky\"><div class=\"vc_column-inner\">\n<div class=\"wpcf7 no-js us_custom_1336431d us_animate_this\" id=\"wpcf7-f5-o1\" lang=\"sk-SK\" dir=\"ltr\" data-wpcf7-id=\"5\">\n<div class=\"screen-reader-response\"><p role=\"status\" aria-live=\"polite\" aria-atomic=\"true\"><\/p> <ul><\/ul><\/div>\n<form action=\"\/zilina\/wp-json\/wp\/v2\/pages\/270#wpcf7-f5-o1\" method=\"post\" class=\"wpcf7-form init\" aria-label=\"Kontaktn\u00fd formul\u00e1r\" novalidate=\"novalidate\" data-status=\"init\">\n<fieldset class=\"hidden-fields-container\"><input type=\"hidden\" name=\"_wpcf7\" value=\"5\" \/><input type=\"hidden\" name=\"_wpcf7_version\" value=\"6.1.4\" \/><input type=\"hidden\" name=\"_wpcf7_locale\" value=\"sk_SK\" \/><input type=\"hidden\" name=\"_wpcf7_unit_tag\" value=\"wpcf7-f5-o1\" \/><input type=\"hidden\" name=\"_wpcf7_container_post\" value=\"0\" \/><input type=\"hidden\" name=\"_wpcf7_posted_data_hash\" value=\"\" \/>\n<\/fieldset>\n<div class=\"otherColumns\">\n\t<p><span class=\"wpcf7-form-control-wrap\" data-name=\"your-name\"><input size=\"40\" maxlength=\"400\" class=\"wpcf7-form-control wpcf7-text wpcf7-validates-as-required\" autocomplete=\"name\" aria-required=\"true\" aria-invalid=\"false\" placeholder=\"Meno a priezvisko*\" value=\"\" type=\"text\" name=\"your-name\" \/><\/span>\n\t<\/p>\n<\/div>\n<div class=\"columnHalf\">\n\t<p><span class=\"wpcf7-form-control-wrap\" data-name=\"your-phone\"><input size=\"40\" maxlength=\"400\" class=\"wpcf7-form-control wpcf7-text wpcf7-validates-as-required\" aria-required=\"true\" aria-invalid=\"false\" placeholder=\"Telef\u00f3n*\" value=\"\" type=\"text\" name=\"your-phone\" \/><\/span>\n\t<\/p>\n<\/div>\n<div class=\"columnHalf\">\n\t<p><span class=\"wpcf7-form-control-wrap\" data-name=\"your-email\"><input size=\"40\" maxlength=\"400\" class=\"wpcf7-form-control wpcf7-email wpcf7-validates-as-required wpcf7-text wpcf7-validates-as-email\" autocomplete=\"email\" aria-required=\"true\" aria-invalid=\"false\" placeholder=\"E-mail*\" value=\"\" type=\"email\" name=\"your-email\" \/><\/span>\n\t<\/p>\n<\/div>\n<div class=\"otherColumns\">\n\t<p><span class=\"wpcf7-form-control-wrap\" data-name=\"your-message\"><textarea cols=\"40\" rows=\"10\" maxlength=\"2000\" class=\"wpcf7-form-control wpcf7-textarea\" aria-invalid=\"false\" name=\"your-message\"><\/textarea><\/span>\n\t<\/p>\n<\/div>\n<div class=\"otherColumns\">\n\t<p><span class=\"wpcf7-form-control-wrap\" data-name=\"acceptance-622\"><span class=\"wpcf7-form-control wpcf7-acceptance\"><span class=\"wpcf7-list-item\"><label><input type=\"checkbox\" name=\"acceptance-622\" value=\"1\" aria-invalid=\"false\" \/><span class=\"wpcf7-list-item-label\">S\u00fahlas\u00edm so z\u00e1sadami <a href=\"https:\/\/easyautoskola.sk\/zilina\/ochrana-osobnych-udajov\/\">spracovania osobn\u00fdch \u00fadajov<\/a><\/span><\/label><\/span><\/span><\/span>\n\t<\/p>\n<\/div>\n<div style=\"text-align: center;\" class=\"otherColumns\">\n\t<div class=\"cf7-cf-turnstile\" style=\"margin-top: 0px; margin-bottom: -15px;\"> <div id=\"cf-turnstile-cf7-4250599407\" class=\"cf-turnstile\" data-sitekey=\"0x4AAAAAAAQgl4e0naLHMaAK\" data-theme=\"light\" data-language=\"auto\" data-size=\"\" data-retry=\"auto\" data-retry-interval=\"1000\" data-refresh-expired=\"auto\" data-action=\"contact-form-7\" data-appearance=\"always\"><\/div> <script>document.addEventListener(\"DOMContentLoaded\", function() { setTimeout(function(){ var e=document.getElementById(\"cf-turnstile-cf7-4250599407\"); e&&!e.innerHTML.trim()&&(turnstile.remove(\"#cf-turnstile-cf7-4250599407\"), turnstile.render(\"#cf-turnstile-cf7-4250599407\", {sitekey:\"0x4AAAAAAAQgl4e0naLHMaAK\"})); }, 100); });<\/script> <br class=\"cf-turnstile-br cf-turnstile-br-cf7-4250599407\"> <style>#cf-turnstile-cf7-4250599407 { margin-left: -15px; }<\/style> <script>document.addEventListener(\"DOMContentLoaded\",function(){document.querySelectorAll('.wpcf7-form').forEach(function(e){e.addEventListener('submit',function(){if(document.getElementById('cf-turnstile-cf7-4250599407')){setTimeout(function(){turnstile.reset('#cf-turnstile-cf7-4250599407');},1000)}})})});<\/script> <\/div><br\/><input class=\"wpcf7-form-control wpcf7-submit has-spinner\" type=\"submit\" value=\"Odosla\u0165\" \/>\n\t<\/p>\n<\/div><div class=\"wpcf7-response-output\" aria-hidden=\"true\"><\/div>\n<\/form>\n<\/div>\n<\/div><\/div><div class=\"wpb_column vc_column_container\"><div class=\"vc_column-inner\"><div class=\"w-text us_custom_1e319eca has_text_color us_animate_this\"><span class=\"w-text-h\"><span class=\"w-text-value\">N\u00e1\u0161 kontakt<\/span><\/span><\/div><h2 class=\"w-text us_custom_3e9d1bc9 us_animate_this\"><span class=\"w-text-h\"><span class=\"w-text-value\">Nap\u00ed\u0161te n\u00e1m, sme tu pre V\u00e1s<\/span><\/span><\/h2><div class=\"wpb_text_column us_custom_5f34439b\"><div class=\"wpb_wrapper\"><p>Radi v\u00e1s priv\u00edtame u n\u00e1s na pobo\u010dke, priamo v centre mesta \u017dilina. Na ak\u00e9ko\u013evek dotazy radi odpovieme aj telefonicky alebo mailom prostredn\u00edctvom kontaktn\u00e9ho formul\u00e1ra.<\/p>\n<\/div><\/div><div class=\"w-separator size_medium\"><\/div><div class=\"w-vwrapper align_none valign_top\"><div class=\"w-iconbox us_custom_ca969f17 us_animate_this iconpos_left style_default color_primary align_left no_title\"><div class=\"w-iconbox-icon\" style=\"font-size:1.5rem;\"><i class=\"fal fa-map-marker-alt\"><\/i><\/div><div class=\"w-iconbox-meta\"><div class=\"w-iconbox-text\"><p>Vojtecha Tvrd\u00e9ho 784\/5, 010 01 \u017dilina<\/p>\n<\/div><\/div><\/div><div class=\"w-iconbox us_custom_0b1840d7 us_animate_this iconpos_left style_default color_primary align_left no_title\"><div class=\"w-iconbox-icon\" style=\"font-size:1.5rem;\"><i class=\"fal fa-phone-alt\"><\/i><\/div><div class=\"w-iconbox-meta\"><div class=\"w-iconbox-text\"><p>0948 780 788<\/p>\n<\/div><\/div><\/div><div class=\"w-iconbox us_custom_98e0b411 us_animate_this iconpos_left style_default color_primary align_left no_title\"><div class=\"w-iconbox-icon\" style=\"font-size:1.5rem;\"><i class=\"fal fa-envelope\"><\/i><\/div><div class=\"w-iconbox-meta\"><div class=\"w-iconbox-text\"><p>zilina@easyautoskola.sk<\/p>\n<\/div><\/div><\/div><\/div><div class=\"w-separator size_medium\"><\/div><div class=\"g-cols wpb_row via_grid cols_2 laptops-cols_inherit tablets-cols_inherit mobiles-cols_1 valign_top type_default stacking_default\" style=\"--columns-gap:3rem;\"><div class=\"wpb_column vc_column_container us_custom_8c71efed us_animate_this\"><div class=\"vc_column-inner\"><h6 class=\"w-text\"><span class=\"w-text-h\"><span class=\"w-text-value\">Bankov\u00e9 spojenie<\/span><\/span><\/h6><div class=\"wpb_text_column\"><div class=\"wpb_wrapper\"><p><strong>Banka:<\/strong> \u010cSOB, a.s.<br \/>\n<strong>IBAN:<\/strong> SK09 7500 0000 0040 2595 2292<br \/>\n<strong>Pozn\u00e1mka:<\/strong> Meno a priezvisko<\/p>\n<\/div><\/div><\/div><\/div><div class=\"wpb_column vc_column_container us_custom_2a9ba11a us_animate_this\"><div class=\"vc_column-inner\"><h6 class=\"w-text\"><span class=\"w-text-h\"><span class=\"w-text-value\">Soci\u00e1lne siete<\/span><\/span><\/h6><div class=\"wpb_text_column\"><div class=\"wpb_wrapper\"><p>Facebook: <a href=\"https:\/\/www.facebook.com\/easyautoskolazilina\" target=\"_blank\" rel=\"noopener\">Easy Auto\u0161kola \u017dilina<\/a><br \/>\nInstagram: <a href=\"https:\/\/www.instagram.com\/easyautoskolazilina\/\" target=\"_blank\" rel=\"noopener\">easyautoskolazilina<\/a><br \/>\nYouTube: <a href=\"https:\/\/www.youtube.com\/channel\/UCofCNbhAHSirlEY5V1tcj0g\" target=\"_blank\" rel=\"noopener\">Easy Auto\u0161kola<\/a><\/p>\n<\/div><\/div><\/div><\/div><\/div><div class=\"w-separator size_medium\"><\/div><div class=\"g-cols wpb_row via_grid cols_1 laptops-cols_inherit tablets-cols_inherit mobiles-cols_1 valign_top type_default stacking_default\" style=\"--columns-gap:3rem;\"><div class=\"wpb_column vc_column_container us_custom_8c71efed us_animate_this\"><div class=\"vc_column-inner\"><h6 class=\"w-text\"><span class=\"w-text-h\"><span class=\"w-text-value\">Otv\u00e1racie hodiny<\/span><\/span><\/h6><div class=\"wpb_text_column\"><div class=\"wpb_wrapper\"><table style=\"width: 100%;\">\n<tbody>\n<tr>\n<td>Pondelok<\/td>\n<td>09:00<\/td>\n<td>16:00<\/td>\n<\/tr>\n<tr>\n<td>Utorok<\/td>\n<td>09:00<\/td>\n<td>13:00<\/td>\n<\/tr>\n<tr>\n<td>Streda<\/td>\n<td>09:00<\/td>\n<td>17:00<\/td>\n<\/tr>\n<tr>\n<td>\u0160tvrtok<\/td>\n<td>10:00<\/td>\n<td>14:30<\/td>\n<\/tr>\n<tr>\n<td>Piatok<\/td>\n<td>Zatvoren\u00e9<\/td>\n<td>\u00a0<\/td>\n<\/tr>\n<\/tbody>\n<\/table>\n<\/div><\/div><\/div><\/div><\/div><\/div><\/div><\/div><\/div><\/section>\n<\/div><\/div><\/div><\/div><\/section>\n","protected":false},"excerpt":{"rendered":"Dokumenty na stiahnutieV\u0161etko potrebn\u00e9 na jednom miesteV\u0161etky potrebn\u00e9 dokumenty v\u00e1m pom\u00f4\u017eeme vyplni\u0165 priamo u\u00a0n\u00e1s na pobo\u010dke, alebo si ich m\u00f4\u017eete stiahnu\u0165 online, vytla\u010di\u0165 a\u00a0vyplni\u0165 vopred. Pri n\u00e1stupe do kurzu je potrebn\u00e9 vyplni\u0165 2 dokumenty: prihl\u00e1\u0161ku (zmluva o\u00a0poskytovan\u00ed slu\u017eieb auto\u0161koly) \u017eiados\u0165 o\u00a0udelenie vodi\u010dsk\u00e9ho opr\u00e1vnenia \u2013 tento dokument je potrebn\u00e9 vytla\u010di\u0165 obojstranne! Na prednej strane vyp\u00ed\u0161ete svoje...","protected":false},"author":1,"featured_media":0,"parent":0,"menu_order":0,"comment_status":"closed","ping_status":"closed","template":"","meta":{"_acf_changed":false,"footnotes":""},"class_list":["post-270","page","type-page","status-publish","hentry"],"acf":[],"publishpress_future_action":{"enabled":false,"date":"2026-05-02 15:50:24","action":"change-status","newStatus":"draft","terms":[],"taxonomy":"","extraData":[]},"publishpress_future_workflow_manual_trigger":{"enabledWorkflows":[]},"_links":{"self":[{"href":"https:\/\/easyautoskola.sk\/zilina\/wp-json\/wp\/v2\/pages\/270","targetHints":{"allow":["GET"]}}],"collection":[{"href":"https:\/\/easyautoskola.sk\/zilina\/wp-json\/wp\/v2\/pages"}],"about":[{"href":"https:\/\/easyautoskola.sk\/zilina\/wp-json\/wp\/v2\/types\/page"}],"author":[{"embeddable":true,"href":"https:\/\/easyautoskola.sk\/zilina\/wp-json\/wp\/v2\/users\/1"}],"replies":[{"embeddable":true,"href":"https:\/\/easyautoskola.sk\/zilina\/wp-json\/wp\/v2\/comments?post=270"}],"version-history":[{"count":20,"href":"https:\/\/easyautoskola.sk\/zilina\/wp-json\/wp\/v2\/pages\/270\/revisions"}],"predecessor-version":[{"id":663,"href":"https:\/\/easyautoskola.sk\/zilina\/wp-json\/wp\/v2\/pages\/270\/revisions\/663"}],"wp:attachment":[{"href":"https:\/\/easyautoskola.sk\/zilina\/wp-json\/wp\/v2\/media?parent=270"}],"curies":[{"name":"wp","href":"https:\/\/api.w.org\/{rel}","templated":true}]}}