{"id":2274,"date":"2025-03-15T22:13:40","date_gmt":"2025-03-15T21:13:40","guid":{"rendered":"https:\/\/easyautoskola.sk\/zilina\/?post_type=product&#038;p=2274"},"modified":"2025-03-15T22:15:07","modified_gmt":"2025-03-15T21:15:07","slug":"teoreticky-vycvik-32-hodin-individualne","status":"publish","type":"product","link":"https:\/\/easyautoskola.sk\/zilina\/produkt\/teoreticky-vycvik-32-hodin-individualne\/","title":{"rendered":"Teoretick\u00fd v\u00fdcvik (32 hod\u00edn individu\u00e1lne)"},"content":{"rendered":"<p>Teoretick\u00fd v\u00fdcvik sa sklad\u00e1 z&nbsp;32 hod\u00edn te\u00f3rie. Ka\u017ed\u00e1 hodina m\u00e1 45 min\u00fat.<\/p>\n","protected":false},"excerpt":{"rendered":"<p>32 hod\u00edn te\u00f3rie &#8211; kompletn\u00e1 pr\u00edprava.<\/p>\n","protected":false},"featured_media":2064,"comment_status":"open","ping_status":"closed","template":"","meta":{"_acf_changed":false,"footnotes":""},"product_brand":[],"product_cat":[67],"product_tag":[],"class_list":{"0":"post-2274","1":"product","2":"type-product","3":"status-publish","4":"has-post-thumbnail","6":"product_cat-vycvik","8":"first","9":"instock","10":"sale","11":"virtual","12":"taxable","13":"purchasable","14":"product-type-simple"},"acf":[],"publishpress_future_workflow_manual_trigger":{"enabledWorkflows":[]},"_links":{"self":[{"href":"https:\/\/easyautoskola.sk\/zilina\/wp-json\/wp\/v2\/product\/2274","targetHints":{"allow":["GET"]}}],"collection":[{"href":"https:\/\/easyautoskola.sk\/zilina\/wp-json\/wp\/v2\/product"}],"about":[{"href":"https:\/\/easyautoskola.sk\/zilina\/wp-json\/wp\/v2\/types\/product"}],"replies":[{"embeddable":true,"href":"https:\/\/easyautoskola.sk\/zilina\/wp-json\/wp\/v2\/comments?post=2274"}],"version-history":[{"count":1,"href":"https:\/\/easyautoskola.sk\/zilina\/wp-json\/wp\/v2\/product\/2274\/revisions"}],"predecessor-version":[{"id":2277,"href":"https:\/\/easyautoskola.sk\/zilina\/wp-json\/wp\/v2\/product\/2274\/revisions\/2277"}],"wp:featuredmedia":[{"embeddable":true,"href":"https:\/\/easyautoskola.sk\/zilina\/wp-json\/wp\/v2\/media\/2064"}],"wp:attachment":[{"href":"https:\/\/easyautoskola.sk\/zilina\/wp-json\/wp\/v2\/media?parent=2274"}],"wp:term":[{"taxonomy":"product_brand","embeddable":true,"href":"https:\/\/easyautoskola.sk\/zilina\/wp-json\/wp\/v2\/product_brand?post=2274"},{"taxonomy":"product_cat","embeddable":true,"href":"https:\/\/easyautoskola.sk\/zilina\/wp-json\/wp\/v2\/product_cat?post=2274"},{"taxonomy":"product_tag","embeddable":true,"href":"https:\/\/easyautoskola.sk\/zilina\/wp-json\/wp\/v2\/product_tag?post=2274"}],"curies":[{"name":"wp","href":"https:\/\/api.w.org\/{rel}","templated":true}]}}