{"id":430,"date":"2023-05-12T07:24:21","date_gmt":"2023-05-12T05:24:21","guid":{"rendered":"https:\/\/easyautoskola.sk\/zilina\/?post_type=product&#038;p=430"},"modified":"2026-01-23T12:04:15","modified_gmt":"2026-01-23T11:04:15","slug":"doskolovaci-kurz","status":"publish","type":"product","link":"https:\/\/easyautoskola.sk\/zilina\/produkt\/doskolovaci-kurz\/","title":{"rendered":"Do\u0161ko\u013eovac\u00ed kurz"},"content":{"rendered":"<p>Do\u0161ko\u013eovac\u00ed kurz v&nbsp;zmysle platn\u00fdch predpisov.<\/p>\n","protected":false},"excerpt":{"rendered":"<p>Pre \u017eiadate\u013eov o&nbsp;vr\u00e1tenie vodi\u010dsk\u00e9ho opr\u00e1vnenia.<\/p>\n","protected":false},"featured_media":2057,"comment_status":"open","ping_status":"closed","template":"","meta":{"_acf_changed":false,"footnotes":""},"product_brand":[],"product_cat":[41],"product_tag":[],"class_list":{"0":"post-430","1":"product","2":"type-product","3":"status-publish","4":"has-post-thumbnail","6":"product_cat-doplnkove-kurzy-b","8":"first","9":"instock","10":"virtual","11":"taxable","12":"purchasable","13":"product-type-simple"},"acf":[],"publishpress_future_workflow_manual_trigger":{"enabledWorkflows":[]},"_links":{"self":[{"href":"https:\/\/easyautoskola.sk\/zilina\/wp-json\/wp\/v2\/product\/430","targetHints":{"allow":["GET"]}}],"collection":[{"href":"https:\/\/easyautoskola.sk\/zilina\/wp-json\/wp\/v2\/product"}],"about":[{"href":"https:\/\/easyautoskola.sk\/zilina\/wp-json\/wp\/v2\/types\/product"}],"replies":[{"embeddable":true,"href":"https:\/\/easyautoskola.sk\/zilina\/wp-json\/wp\/v2\/comments?post=430"}],"version-history":[{"count":3,"href":"https:\/\/easyautoskola.sk\/zilina\/wp-json\/wp\/v2\/product\/430\/revisions"}],"predecessor-version":[{"id":2987,"href":"https:\/\/easyautoskola.sk\/zilina\/wp-json\/wp\/v2\/product\/430\/revisions\/2987"}],"wp:featuredmedia":[{"embeddable":true,"href":"https:\/\/easyautoskola.sk\/zilina\/wp-json\/wp\/v2\/media\/2057"}],"wp:attachment":[{"href":"https:\/\/easyautoskola.sk\/zilina\/wp-json\/wp\/v2\/media?parent=430"}],"wp:term":[{"taxonomy":"product_brand","embeddable":true,"href":"https:\/\/easyautoskola.sk\/zilina\/wp-json\/wp\/v2\/product_brand?post=430"},{"taxonomy":"product_cat","embeddable":true,"href":"https:\/\/easyautoskola.sk\/zilina\/wp-json\/wp\/v2\/product_cat?post=430"},{"taxonomy":"product_tag","embeddable":true,"href":"https:\/\/easyautoskola.sk\/zilina\/wp-json\/wp\/v2\/product_tag?post=430"}],"curies":[{"name":"wp","href":"https:\/\/api.w.org\/{rel}","templated":true}]}}