{"id":432,"date":"2023-05-12T07:24:21","date_gmt":"2023-05-12T05:24:21","guid":{"rendered":"https:\/\/easyautoskola.sk\/zilina\/?post_type=product&#038;p=432"},"modified":"2026-01-23T11:58:42","modified_gmt":"2026-01-23T10:58:42","slug":"easy-student","status":"publish","type":"product","link":"https:\/\/easyautoskola.sk\/zilina\/produkt\/easy-student\/","title":{"rendered":"EASY \u0160tudent"},"content":{"rendered":"<h2>EASY \u0160tandard za 950,- \u20ac pre tvoju stredn\u00fa \u0161kolu<\/h2>\n<p>Toto tu e\u0161te nebolo! Priprav sa na funky jazdy s&nbsp;EASY auto\u0161kolou.<\/p>\n<p>V\u010faka tvojej \u0161kole ti EASY auto\u0161kola teraz pon\u00faka bezkonkuren\u010dn\u00fa z\u013eavu na EASY \u0160tandard kurz. Cena tohto kurzu po z\u013eave je <strong>950 \u20ac pre \u0161tudentov:<\/strong><\/p>\n<ul>\n<li>Spojenej \u0161koly na Rosinskej ceste v&nbsp;\u017diline<\/li>\n<li>Spojenej \u0161kole Kr\u00e1\u013eovnej pokoja v&nbsp;\u017diline<\/li>\n<li>Gymn\u00e1zia na Hlinskej v&nbsp;\u017diline<\/li>\n<\/ul>\n<p>Sta\u010d\u00ed sa preuk\u00e1za\u0165, \u017ee si \u0161tudentom vy\u0161\u0161ie uvedenej \u0161koly a&nbsp;z\u013eava je tvoja!<\/p>\n<p><strong>Podmienky:<\/strong> Pre uplatnenie z\u013eavy je potrebn\u00e9, aby sa \u0161tudent preuk\u00e1zal, \u017ee je \u0161tudentom danej \u0161koly.<strong> Cena je platn\u00e1 do naplnenia 3 najbli\u017e\u0161\u00edch kurzov.<\/strong> Akcia je platn\u00e1 len pre kurz skupiny B \u2013 EASY \u0160tandard a&nbsp;po zaplaten\u00ed z\u00e1lohy. Pri v\u00fdbere in\u00e9ho kurzu, napr. Individu\u00e1l je poskytnutie z\u013eavy na individu\u00e1lnej dohode a&nbsp;z\u00e1vis\u00ed od kapacity EASY auto\u0161koly. Z\u013eava je neprenosn\u00e1 na \u0161tudenta inej \u0161koly ako vy\u0161\u0161ie uvedenej.<\/p>\n","protected":false},"excerpt":{"rendered":"<p>Z\u00e1kladn\u00fd kurz obsahuj\u00faci v\u0161etko potrebn\u00e9.<\/p>\n","protected":false},"featured_media":2040,"comment_status":"open","ping_status":"closed","template":"","meta":{"_acf_changed":false,"footnotes":""},"product_brand":[],"product_cat":[41],"product_tag":[38,39,40],"class_list":{"0":"post-432","1":"product","2":"type-product","3":"status-publish","4":"has-post-thumbnail","6":"product_cat-doplnkove-kurzy-b","7":"product_tag-autoskola","8":"product_tag-kurz","9":"product_tag-skupina-b","11":"first","12":"instock","13":"taxable","14":"shipping-taxable","15":"purchasable","16":"product-type-variable"},"acf":[],"publishpress_future_workflow_manual_trigger":{"enabledWorkflows":[]},"_links":{"self":[{"href":"https:\/\/easyautoskola.sk\/zilina\/wp-json\/wp\/v2\/product\/432","targetHints":{"allow":["GET"]}}],"collection":[{"href":"https:\/\/easyautoskola.sk\/zilina\/wp-json\/wp\/v2\/product"}],"about":[{"href":"https:\/\/easyautoskola.sk\/zilina\/wp-json\/wp\/v2\/types\/product"}],"replies":[{"embeddable":true,"href":"https:\/\/easyautoskola.sk\/zilina\/wp-json\/wp\/v2\/comments?post=432"}],"version-history":[{"count":2,"href":"https:\/\/easyautoskola.sk\/zilina\/wp-json\/wp\/v2\/product\/432\/revisions"}],"predecessor-version":[{"id":2985,"href":"https:\/\/easyautoskola.sk\/zilina\/wp-json\/wp\/v2\/product\/432\/revisions\/2985"}],"wp:featuredmedia":[{"embeddable":true,"href":"https:\/\/easyautoskola.sk\/zilina\/wp-json\/wp\/v2\/media\/2040"}],"wp:attachment":[{"href":"https:\/\/easyautoskola.sk\/zilina\/wp-json\/wp\/v2\/media?parent=432"}],"wp:term":[{"taxonomy":"product_brand","embeddable":true,"href":"https:\/\/easyautoskola.sk\/zilina\/wp-json\/wp\/v2\/product_brand?post=432"},{"taxonomy":"product_cat","embeddable":true,"href":"https:\/\/easyautoskola.sk\/zilina\/wp-json\/wp\/v2\/product_cat?post=432"},{"taxonomy":"product_tag","embeddable":true,"href":"https:\/\/easyautoskola.sk\/zilina\/wp-json\/wp\/v2\/product_tag?post=432"}],"curies":[{"name":"wp","href":"https:\/\/api.w.org\/{rel}","templated":true}]}}