{"id":440,"date":"2023-05-12T07:24:21","date_gmt":"2023-05-12T05:24:21","guid":{"rendered":"https:\/\/easyautoskola.sk\/zilina\/?post_type=product&#038;p=440"},"modified":"2025-07-23T20:56:03","modified_gmt":"2025-07-23T18:56:03","slug":"usb-pravidla-cestnej-premavky","status":"publish","type":"product","link":"https:\/\/easyautoskola.sk\/zilina\/produkt\/usb-pravidla-cestnej-premavky\/","title":{"rendered":"Pravidl\u00e1 cestnej prem\u00e1vky"},"content":{"rendered":"<p>Nov\u00fd multimedi\u00e1lny kurz, aktualizovan\u00e1 legislat\u00edva, v\u0161etky nov\u00e9 aj star\u00e9 dopravn\u00e9 zna\u010dky, upraven\u00e9 roz\u0161\u00edren\u00e9 3D animovan\u00e9 dopravn\u00e9 situ\u00e1cie, nov\u00e9 z\u00e1vere\u010dn\u00e9 sady testov 2020 so \u0161tatistikou, kon\u0161trukcia motorov\u00e9ho vozidla, ilustrovan\u00e9 pravidl\u00e1 cestnej prem\u00e1vky, te\u00f3ria vedenia vozidla, z\u00e1sady bezpe\u010dnej jazdy, ako zvl\u00e1dnu\u0165 autocvi\u010disko a&nbsp;nov\u00e1 \u010das\u0165 EKO\u0161of\u00e9rovanie.<\/p>\n<p>Zak\u00fap si k\u013e\u00fa\u010d teraz online s&nbsp;doru\u010den\u00edm na adresu (list ti pr\u00edde doporu\u010dene) alebo si ho vyzdvihni na pobo\u010dke EASY auto\u0161koly Martin, ul. \u010ceskoslovenskej arm\u00e1dy 3, 03601 Martin.<\/p>\n<p>Dod\u00e1vame na Kingston G4 <strong>16 GB<\/strong> USB k\u013e\u00fa\u010doch.<\/p>\n<div class=\"col medium-6 small-12 large-6\">\n<div class=\"col-inner\">\n<ul>\n<li><span class=\"cf2\">nov\u00e1 ed\u00edcia \u2013 september 20.2<\/span>,<\/li>\n<li>sady testov aj vo <strong>fullHD,<\/strong><\/li>\n<li><strong>ofici\u00e1lne sk\u00fa\u0161obn\u00e9 testy platn\u00e9 od apr\u00edla 2020,<\/strong><\/li>\n<li><strong>obsahuje aktualiz\u00e1cie \u00fa\u010dinn\u00e9 od apr\u00edla, m\u00e1ja a&nbsp;septembra 2020,<\/strong><\/li>\n<li><span class=\"fs11 cf1 ff1\">aktualizovan\u00e9\u00a0<b>\u00fapln\u00e9 znenia z\u00e1konov<\/b>,<b>\u00a0vyhl\u00e1\u0161ok<\/b>,<\/span><\/li>\n<li><span class=\"fs11 cf2 ff1\">s vyzna\u010den\u00edm v\u0161etk\u00fdch zmien od 1.12.2019<\/span><span class=\"fs11 cf1 ff1\">,<\/span><\/li>\n<li><span class=\"fs11 cf2 ff1\"><b>aktu\u00e1lnej\u0161ie a&nbsp;trvanlivej\u0161ie ako knihy<\/b><\/span><span class=\"fs11 cf1 ff1\">,<\/span><\/li>\n<li><span class=\"fs11 cf1 ff1\">ilustrovan\u00e9 pravidl\u00e1 cestnej prem\u00e1vky!<br \/>\n<\/span><span class=\"fs11 cf1 ff1\">(<\/span><span class=\"fs11 cf1 ff1\"><b>640<\/b><\/span><span class=\"fs11 cf1 ff1\"> ilustr\u00e1ci\u00ed a\u00a0<\/span><b><span class=\"fs11 cf1 ff1\">23<\/span><\/b><span class=\"fs11 cf1 ff1\">\u00a0anim\u00e1ci\u00ed z\u00e1kona \u010d. 8\/2009 Z.z.),<\/span><\/li>\n<li><span class=\"fs11 cf1 ff1\"><strong>nov\u00e9 dopravn\u00e9 zna\u010dky<\/strong> \u2013 v\u00fdznam, ilustrovan\u00e9 zobrazenie,<\/span><\/li>\n<li><span class=\"fs11 cf1 ff1\">obsahuje aj p\u00f4vodn\u00e9 dopravn\u00e9 zna\u010dky \u2013 v\u00fdznam, re\u00e1lne zobrazenie,<\/span><\/li>\n<li><span class=\"fs11 cf1 ff1\">upraven\u00e9\u00a0<\/span><span class=\"fs11 cf1 ff1\">nov\u00e9 3D animovan\u00e9 dopravn\u00e9 situ\u00e1cie,<\/span><\/li>\n<li><span class=\"fs11 cf1 ff1\">roz\u0161\u00edren\u00e9 o\u00a0<b>14<\/b>\u00a0extra dopravn\u00fdch situ\u00e1ci\u00ed,<\/span><\/li>\n<li><span class=\"fs11 cf1 ff1\">kompletn\u00e9 <strong>nov\u00e9<\/strong> z\u00e1vere\u010dn\u00e9 sk\u00fa\u0161obn\u00e9 testy (<strong>60 s\u00e1d<\/strong>),<\/span><\/li>\n<li><strong>\u0161tatistika \u00faspe\u0161nosti ukon\u010den\u00fdch testov<\/strong>,<\/li>\n<li><span class=\"fs11 cf1 ff1\">roz\u0161\u00edren\u00e1\u00a0<\/span><span class=\"fs11 cf1 ff1\">kon\u0161trukcia motorov\u00e9ho vozidla,<\/span><\/li>\n<li><span class=\"fs11 cf1 ff1\">te\u00f3ria vedenia vozidla (78 ilustr\u00e1ci\u00ed, 1 anim\u00e1cia),<\/span><\/li>\n<li><span class=\"fs11 cf1 ff1\">z\u00e1sady bezpe\u010dnej jazdy (84 ilustr\u00e1ci\u00ed, 16<\/span><span class=\"fs11 cf1 ff1\">\u00a0anim\u00e1ci\u00ed),<\/span><\/li>\n<li><span class=\"fs11 cf1 ff1\">ako zvl\u00e1dnu\u0165 autocvi\u010disko,<\/span><\/li>\n<li>nov\u00e1 \u010das\u0165\u00a0<strong>EKO\u0161of\u00e9rovanie<\/strong>,<\/li>\n<li><span class=\"fs11 cf1 ff1\">\u0161irokouhl\u00e9 rozl\u00ed\u0161enie s&nbsp;v\u00e4\u010d\u0161\u00edmi ilustr\u00e1ciami,<\/span><\/li>\n<li><strong>ide\u00e1lne pre zariadenia bez CD\/DVD mechaniky<\/strong>,<\/li>\n<li>mo\u017enos\u0165 ovl\u00e1dania pomocou\u00a0<strong>dotykov\u00e9ho<\/strong>\u00a0displeja.<\/li>\n<\/ul>\n<\/div>\n<\/div>\n","protected":false},"excerpt":{"rendered":"<p>Multimedi\u00e1lny kurz a&nbsp;podklady na USB<\/p>\n","protected":false},"featured_media":2048,"comment_status":"closed","ping_status":"closed","template":"","meta":{"_acf_changed":false,"footnotes":""},"product_brand":[],"product_cat":[68],"product_tag":[],"class_list":{"0":"post-440","1":"product","2":"type-product","3":"status-publish","4":"has-post-thumbnail","6":"product_cat-produkty","7":"product_shipping_class-postovne-usb","9":"first","10":"instock","11":"taxable","12":"shipping-taxable","13":"purchasable","14":"product-type-simple"},"acf":[],"publishpress_future_workflow_manual_trigger":{"enabledWorkflows":[]},"_links":{"self":[{"href":"https:\/\/easyautoskola.sk\/zilina\/wp-json\/wp\/v2\/product\/440","targetHints":{"allow":["GET"]}}],"collection":[{"href":"https:\/\/easyautoskola.sk\/zilina\/wp-json\/wp\/v2\/product"}],"about":[{"href":"https:\/\/easyautoskola.sk\/zilina\/wp-json\/wp\/v2\/types\/product"}],"replies":[{"embeddable":true,"href":"https:\/\/easyautoskola.sk\/zilina\/wp-json\/wp\/v2\/comments?post=440"}],"version-history":[{"count":1,"href":"https:\/\/easyautoskola.sk\/zilina\/wp-json\/wp\/v2\/product\/440\/revisions"}],"predecessor-version":[{"id":2091,"href":"https:\/\/easyautoskola.sk\/zilina\/wp-json\/wp\/v2\/product\/440\/revisions\/2091"}],"wp:featuredmedia":[{"embeddable":true,"href":"https:\/\/easyautoskola.sk\/zilina\/wp-json\/wp\/v2\/media\/2048"}],"wp:attachment":[{"href":"https:\/\/easyautoskola.sk\/zilina\/wp-json\/wp\/v2\/media?parent=440"}],"wp:term":[{"taxonomy":"product_brand","embeddable":true,"href":"https:\/\/easyautoskola.sk\/zilina\/wp-json\/wp\/v2\/product_brand?post=440"},{"taxonomy":"product_cat","embeddable":true,"href":"https:\/\/easyautoskola.sk\/zilina\/wp-json\/wp\/v2\/product_cat?post=440"},{"taxonomy":"product_tag","embeddable":true,"href":"https:\/\/easyautoskola.sk\/zilina\/wp-json\/wp\/v2\/product_tag?post=440"}],"curies":[{"name":"wp","href":"https:\/\/api.w.org\/{rel}","templated":true}]}}