{"id":488,"date":"2023-05-12T07:25:21","date_gmt":"2023-05-12T05:25:21","guid":{"rendered":"https:\/\/easyautoskola.sk\/zilina\/?post_type=product&#038;p=488"},"modified":"2026-01-23T12:01:38","modified_gmt":"2026-01-23T11:01:38","slug":"blok-individualnej-teoretickej-vyucby","status":"publish","type":"product","link":"https:\/\/easyautoskola.sk\/zilina\/produkt\/blok-individualnej-teoretickej-vyucby\/","title":{"rendered":"Teoretick\u00fd v\u00fdcvik (1 hodina individu\u00e1lne)"},"content":{"rendered":"<p>1&#215;45 min<\/p>\n","protected":false},"excerpt":{"rendered":"<p>1&#215;45 min<\/p>\n","protected":false},"featured_media":2050,"comment_status":"closed","ping_status":"closed","template":"","meta":{"_acf_changed":false,"footnotes":""},"product_brand":[],"product_cat":[67],"product_tag":[],"class_list":{"0":"post-488","1":"product","2":"type-product","3":"status-publish","4":"has-post-thumbnail","6":"product_cat-vycvik","8":"first","9":"instock","10":"virtual","11":"taxable","12":"purchasable","13":"product-type-simple"},"acf":[],"publishpress_future_workflow_manual_trigger":{"enabledWorkflows":[]},"_links":{"self":[{"href":"https:\/\/easyautoskola.sk\/zilina\/wp-json\/wp\/v2\/product\/488","targetHints":{"allow":["GET"]}}],"collection":[{"href":"https:\/\/easyautoskola.sk\/zilina\/wp-json\/wp\/v2\/product"}],"about":[{"href":"https:\/\/easyautoskola.sk\/zilina\/wp-json\/wp\/v2\/types\/product"}],"replies":[{"embeddable":true,"href":"https:\/\/easyautoskola.sk\/zilina\/wp-json\/wp\/v2\/comments?post=488"}],"version-history":[{"count":1,"href":"https:\/\/easyautoskola.sk\/zilina\/wp-json\/wp\/v2\/product\/488\/revisions"}],"predecessor-version":[{"id":2278,"href":"https:\/\/easyautoskola.sk\/zilina\/wp-json\/wp\/v2\/product\/488\/revisions\/2278"}],"wp:featuredmedia":[{"embeddable":true,"href":"https:\/\/easyautoskola.sk\/zilina\/wp-json\/wp\/v2\/media\/2050"}],"wp:attachment":[{"href":"https:\/\/easyautoskola.sk\/zilina\/wp-json\/wp\/v2\/media?parent=488"}],"wp:term":[{"taxonomy":"product_brand","embeddable":true,"href":"https:\/\/easyautoskola.sk\/zilina\/wp-json\/wp\/v2\/product_brand?post=488"},{"taxonomy":"product_cat","embeddable":true,"href":"https:\/\/easyautoskola.sk\/zilina\/wp-json\/wp\/v2\/product_cat?post=488"},{"taxonomy":"product_tag","embeddable":true,"href":"https:\/\/easyautoskola.sk\/zilina\/wp-json\/wp\/v2\/product_tag?post=488"}],"curies":[{"name":"wp","href":"https:\/\/api.w.org\/{rel}","templated":true}]}}